{"id":22147,"date":"2012-05-14T21:50:00","date_gmt":"2012-05-14T19:50:00","guid":{"rendered":"http:\/\/www.denkfried.de\/wp\/?page_id=22147"},"modified":"2015-12-28T21:39:16","modified_gmt":"2015-12-28T20:39:16","slug":"brb-zerstorte-dm","status":"publish","type":"page","link":"http:\/\/www.denkfried.de\/wp\/?page_id=22147","title":{"rendered":"&#8211; Zerst\u00f6rte Denkmale"},"content":{"rendered":"<p>&nbsp;<\/p>\n<p><strong>Stadt Brandenburg<\/strong> &#8211; Zerst\u00f6rte Denkm\u00e4ler<\/p>\n<p>Bericht und Bilder von Thomas\u00a0<a href=\"http:\/\/g-bb.jimdo.com\/\">Gefallenendenkm\u00e4ler Berlin\/Brandenburg<\/a><\/p>\n<div id='gallery-1' class='gallery galleryid-22147 gallery-columns-3 gallery-size-thumbnail'><dl class='gallery-item'>\n\t\t\t<dt class='gallery-icon portrait'>\n\t\t\t\t<a href='http:\/\/www.denkfried.de\/wp\/?attachment_id=22152'><img loading=\"lazy\" decoding=\"async\" width=\"150\" height=\"150\" src=\"http:\/\/www.denkfried.de\/wp\/wp-content\/uploads\/2012\/05\/Denkmal_Brandenburg-150x150.jpg\" class=\"attachment-thumbnail size-thumbnail\" alt=\"1864,1866,1870-71\" aria-describedby=\"gallery-1-22152\" \/><\/a>\n\t\t\t<\/dt>\n\t\t\t\t<dd class='wp-caption-text gallery-caption' id='gallery-1-22152'>\n\t\t\t\tMarienberg\n\t\t\t\t<\/dd><\/dl><dl class='gallery-item'>\n\t\t\t<dt class='gallery-icon portrait'>\n\t\t\t\t<a href='http:\/\/www.denkfried.de\/wp\/?attachment_id=22883'><img loading=\"lazy\" decoding=\"async\" width=\"150\" height=\"150\" src=\"http:\/\/www.denkfried.de\/wp\/wp-content\/uploads\/2012\/05\/Inf-Regt.-35-150x150.jpg\" class=\"attachment-thumbnail size-thumbnail\" alt=\"1914-1918\" aria-describedby=\"gallery-1-22883\" \/><\/a>\n\t\t\t<\/dt>\n\t\t\t\t<dd class='wp-caption-text gallery-caption' id='gallery-1-22883'>\n\t\t\t\tInfanterie-Regiment 35\n\t\t\t\t<\/dd><\/dl><dl class='gallery-item'>\n\t\t\t<dt class='gallery-icon landscape'>\n\t\t\t\t<a href='http:\/\/www.denkfried.de\/wp\/?attachment_id=22864'><img loading=\"lazy\" decoding=\"async\" width=\"150\" height=\"150\" src=\"http:\/\/www.denkfried.de\/wp\/wp-content\/uploads\/2012\/05\/Denkmal-Feldartillerie-35-150x150.jpg\" class=\"attachment-thumbnail size-thumbnail\" alt=\"1914-1918\" aria-describedby=\"gallery-1-22864\" \/><\/a>\n\t\t\t<\/dt>\n\t\t\t\t<dd class='wp-caption-text gallery-caption' id='gallery-1-22864'>\n\t\t\t\tFeldartillerie 35\n\t\t\t\t<\/dd><\/dl><br style=\"clear: both\" \/>\n\t\t<\/div>\n\n<p><strong><span style=\"text-decoration: underline;\">Denkmal 1864, 1866, 1870-71<\/span><\/strong><\/p>\n<p>Ein Kriegerdenkmal befand sich auf dem Marienberg, zum Gedenken der Soldaten in den Befreiungskriegen. Nach Planung von 1874 , wurde das Denkmal in form eines Turmbaus 1880 eingeweiht. An den Pfeilers sind Standbilder von Albrecht der B\u00e4r, Kurf\u00fcrst Friedrich I, vom Gro\u00dfen Kurf\u00fcrst und Kaiser Wilhelm I. Zum Ende des Zweiten Weltkrieges wurde das denkmal besch\u00e4digt und sp\u00e4ter vollkommen abgetragen.<\/p>\n<p><strong><span style=\"text-decoration: underline;\">Denkm\u00e4ler 1914-1918<\/span><\/strong><\/p>\n<p>Ein Denkmal f\u00fcr die Gefallenen des <strong>Reserve-Infanterie-Regiment 35<\/strong>, der Standort ist mir Unbekannt. Das Denkmal besteht aus einem Sockel und einem\u00a0knienden\u00a0Krieger ober drauf. An einer Seite stand, das es den 50 Offizieren, 228 Unteroffizieren und 200 Mann gewidmet ist.<\/p>\n<p>Vor dem Krematorium stand einst ein Denkmal f\u00fcr die Gefallenen des <strong>Reserve-Infanterie-Regiment 206<\/strong>. Ein Sockel mit stufen, auf dem Denkmal war ein Helm aus Sandstein.<\/p>\n<p>Denkmal des <strong>Feldartillerie-Regiment 1. Brandenburgisches Nr. 3<\/strong>, bestehend aus Sandstein. Der Standort ist Unbekannt. Vorne am Denkmal ist folgende Inschrift:<\/p>\n<address style=\"text-align: center;\"><em><strong>Den im Weltkrieg 1914-1918<\/strong><\/em><\/address>\n<address style=\"text-align: center;\"><em><strong>Gefallenen Kameraden des Feldartillerie Regiments<\/strong><\/em><\/address>\n<address style=\"text-align: center;\"><em><strong>&#8222;Generalfeldzeugmeister&#8220; (1.Brandenburgisches) Nr. 3<\/strong><\/em><\/address>\n<address style=\"text-align: center;\"><em><strong>In dankbarer Erinnerung gewidmet von den<\/strong><\/em><\/address>\n<address style=\"text-align: center;\"><em><strong>\u00dcberlebenden des Regiments<\/strong><\/em><\/address>\n<p>&nbsp;<\/p>\n<p>&nbsp;<\/p>\n","protected":false},"excerpt":{"rendered":"<p>&nbsp; Stadt Brandenburg &#8211; Zerst\u00f6rte Denkm\u00e4ler Bericht und Bilder von Thomas\u00a0Gefallenendenkm\u00e4ler Berlin\/Brandenburg Denkmal 1864, 1866, 1870-71 Ein Kriegerdenkmal befand sich auf dem Marienberg, zum Gedenken der Soldaten in den Befreiungskriegen. Nach Planung von 1874 , wurde das Denkmal in form &hellip; <a href=\"http:\/\/www.denkfried.de\/wp\/?page_id=22147\">Weiterlesen <span class=\"meta-nav\">&rarr;<\/span><\/a><\/p>\n","protected":false},"author":9,"featured_media":0,"parent":4698,"menu_order":0,"comment_status":"closed","ping_status":"open","template":"","meta":{"footnotes":""},"class_list":["post-22147","page","type-page","status-publish","hentry"],"_links":{"self":[{"href":"http:\/\/www.denkfried.de\/wp\/index.php?rest_route=\/wp\/v2\/pages\/22147","targetHints":{"allow":["GET"]}}],"collection":[{"href":"http:\/\/www.denkfried.de\/wp\/index.php?rest_route=\/wp\/v2\/pages"}],"about":[{"href":"http:\/\/www.denkfried.de\/wp\/index.php?rest_route=\/wp\/v2\/types\/page"}],"author":[{"embeddable":true,"href":"http:\/\/www.denkfried.de\/wp\/index.php?rest_route=\/wp\/v2\/users\/9"}],"replies":[{"embeddable":true,"href":"http:\/\/www.denkfried.de\/wp\/index.php?rest_route=%2Fwp%2Fv2%2Fcomments&post=22147"}],"version-history":[{"count":25,"href":"http:\/\/www.denkfried.de\/wp\/index.php?rest_route=\/wp\/v2\/pages\/22147\/revisions"}],"predecessor-version":[{"id":40094,"href":"http:\/\/www.denkfried.de\/wp\/index.php?rest_route=\/wp\/v2\/pages\/22147\/revisions\/40094"}],"up":[{"embeddable":true,"href":"http:\/\/www.denkfried.de\/wp\/index.php?rest_route=\/wp\/v2\/pages\/4698"}],"wp:attachment":[{"href":"http:\/\/www.denkfried.de\/wp\/index.php?rest_route=%2Fwp%2Fv2%2Fmedia&parent=22147"}],"curies":[{"name":"wp","href":"https:\/\/api.w.org\/{rel}","templated":true}]}}