{"id":22132,"date":"2012-05-14T21:21:24","date_gmt":"2012-05-14T19:21:24","guid":{"rendered":"http:\/\/www.denkfried.de\/wp\/?page_id=22132"},"modified":"2012-05-14T21:44:17","modified_gmt":"2012-05-14T19:44:17","slug":"neuzelle-gt","status":"publish","type":"page","link":"http:\/\/www.denkfried.de\/wp\/?page_id=22132","title":{"rendered":"Neuzelle Gt"},"content":{"rendered":"<p>&nbsp;<\/p>\n<p><strong>Neuzelle<\/strong> Gedenktafel im ehem. Lehrseminar<\/p>\n<p>Bericht und Bilder von Thomas <a href=\"http:\/\/potsdamer-ehrenmale.de.tl\/Hauptseite.htm\">Potsdamer-Ehrenmale.de<\/a><\/p>\n<div id='gallery-1' class='gallery galleryid-22132 gallery-columns-3 gallery-size-thumbnail'><dl class='gallery-item'>\n\t\t\t<dt class='gallery-icon portrait'>\n\t\t\t\t<a href='http:\/\/www.denkfried.de\/wp\/?attachment_id=22137'><img loading=\"lazy\" decoding=\"async\" width=\"150\" height=\"150\" src=\"http:\/\/www.denkfried.de\/wp\/wp-content\/uploads\/2012\/05\/Tafel_Neuzelle-150x150.jpg\" class=\"attachment-thumbnail size-thumbnail\" alt=\"\" \/><\/a>\n\t\t\t<\/dt><\/dl><dl class='gallery-item'>\n\t\t\t<dt class='gallery-icon landscape'>\n\t\t\t\t<a href='http:\/\/www.denkfried.de\/wp\/?attachment_id=22138'><img loading=\"lazy\" decoding=\"async\" width=\"150\" height=\"150\" src=\"http:\/\/www.denkfried.de\/wp\/wp-content\/uploads\/2012\/05\/Tafel_Neuzelle-Kopie-150x150.jpg\" class=\"attachment-thumbnail size-thumbnail\" alt=\"\" \/><\/a>\n\t\t\t<\/dt><\/dl><dl class='gallery-item'>\n\t\t\t<dt class='gallery-icon portrait'>\n\t\t\t\t<a href='http:\/\/www.denkfried.de\/wp\/?attachment_id=22143'><img loading=\"lazy\" decoding=\"async\" width=\"150\" height=\"150\" src=\"http:\/\/www.denkfried.de\/wp\/wp-content\/uploads\/2012\/05\/01011001-2-150x150.jpg\" class=\"attachment-thumbnail size-thumbnail\" alt=\"\" \/><\/a>\n\t\t\t<\/dt><\/dl><br style=\"clear: both\" \/>\n\t\t<\/div>\n\n<p>Wahrscheinlich ist diese Tafel nicht mehr vorhanden, es sind hier die Gefallenen des Lehrseminars aufgef\u00fchrt. Die Postkarte ist aus den 1920 Jahren, auf der R\u00fcckseite sind noch gefallene aufgelistet. Sie sind in Ihren Jahrg\u00e4ngen aufgef\u00fchrt, \u00fcber den namen ist folgende Inschrift:<\/p>\n<address style=\"text-align: center;\"><em><strong>Ehrentafel<\/strong><\/em><\/address>\n<address style=\"text-align: center;\"><em><strong>Zum Ged\u00e4chtnis der Seminarlehrer<\/strong><\/em><\/address>\n<address style=\"text-align: center;\"><em><strong>und der ehemaligen Sch\u00fcler<\/strong><\/em><\/address>\n<address style=\"text-align: center;\"><em><strong>des Lehrseminars in Neuzelle<\/strong><\/em><\/address>\n<address style=\"text-align: center;\"><em><strong>die dem gro\u00dfen Weltkriege von<\/strong><\/em><\/address>\n<address style=\"text-align: center;\"><em><strong>1914 &#8211; 1918<\/strong><\/em><\/address>\n<address style=\"text-align: center;\"><em><strong>den Heldentod f\u00fcr das Vaterland starben<\/strong><\/em><\/address>\n<p>unten:<\/p>\n<p style=\"text-align: center;\"><strong>Gewidmet von ehemaligen Sch\u00fclern des Seminars<\/strong><\/p>\n<ul>\n<li><strong>Namensliste<\/strong> ..in Arbeit<\/li>\n<\/ul>\n<p>&nbsp;<\/p>\n","protected":false},"excerpt":{"rendered":"<p>&nbsp; Neuzelle Gedenktafel im ehem. Lehrseminar Bericht und Bilder von Thomas Potsdamer-Ehrenmale.de Wahrscheinlich ist diese Tafel nicht mehr vorhanden, es sind hier die Gefallenen des Lehrseminars aufgef\u00fchrt. Die Postkarte ist aus den 1920 Jahren, auf der R\u00fcckseite sind noch gefallene &hellip; <a href=\"http:\/\/www.denkfried.de\/wp\/?page_id=22132\">Weiterlesen <span class=\"meta-nav\">&rarr;<\/span><\/a><\/p>\n","protected":false},"author":9,"featured_media":0,"parent":22127,"menu_order":0,"comment_status":"closed","ping_status":"open","template":"","meta":{"footnotes":""},"class_list":["post-22132","page","type-page","status-publish","hentry"],"_links":{"self":[{"href":"http:\/\/www.denkfried.de\/wp\/index.php?rest_route=\/wp\/v2\/pages\/22132","targetHints":{"allow":["GET"]}}],"collection":[{"href":"http:\/\/www.denkfried.de\/wp\/index.php?rest_route=\/wp\/v2\/pages"}],"about":[{"href":"http:\/\/www.denkfried.de\/wp\/index.php?rest_route=\/wp\/v2\/types\/page"}],"author":[{"embeddable":true,"href":"http:\/\/www.denkfried.de\/wp\/index.php?rest_route=\/wp\/v2\/users\/9"}],"replies":[{"embeddable":true,"href":"http:\/\/www.denkfried.de\/wp\/index.php?rest_route=%2Fwp%2Fv2%2Fcomments&post=22132"}],"version-history":[{"count":9,"href":"http:\/\/www.denkfried.de\/wp\/index.php?rest_route=\/wp\/v2\/pages\/22132\/revisions"}],"predecessor-version":[{"id":22134,"href":"http:\/\/www.denkfried.de\/wp\/index.php?rest_route=\/wp\/v2\/pages\/22132\/revisions\/22134"}],"up":[{"embeddable":true,"href":"http:\/\/www.denkfried.de\/wp\/index.php?rest_route=\/wp\/v2\/pages\/22127"}],"wp:attachment":[{"href":"http:\/\/www.denkfried.de\/wp\/index.php?rest_route=%2Fwp%2Fv2%2Fmedia&parent=22132"}],"curies":[{"name":"wp","href":"https:\/\/api.w.org\/{rel}","templated":true}]}}