{"id":2200,"date":"2011-04-10T20:23:53","date_gmt":"2011-04-10T18:23:53","guid":{"rendered":"http:\/\/www.denkfried.de\/wp\/?page_id=2200"},"modified":"2011-07-16T23:26:18","modified_gmt":"2011-07-16T21:26:18","slug":"abreschviller","status":"publish","type":"page","link":"http:\/\/www.denkfried.de\/wp\/?page_id=2200","title":{"rendered":"Abreschviller  (182)"},"content":{"rendered":"<p>&nbsp;<\/p>\n<p><span style=\"text-decoration: underline; color: #000000;\"><strong>57560 Abreschviller<\/strong><\/span><\/p>\n<p>D\u00e9partement Moselle<\/p>\n<p>274 deutsche Kriegstote<\/p>\n<p>455 franz\u00f6sische Kriegstote<\/p>\n<p>70 Gefallene ruhen in Einzelgr\u00e4bern und 204 in einem Gemeinschaftsgrab. Das Grab eines Gefallenen j\u00fcdischen Glaubens erhielt aus religi\u00f6sen Gr\u00fcnden statt des Kreuzes eine Grabstele aus Naturstein.<\/p>\n","protected":false},"excerpt":{"rendered":"<p>&nbsp; 57560 Abreschviller D\u00e9partement Moselle 274 deutsche Kriegstote 455 franz\u00f6sische Kriegstote 70 Gefallene ruhen in Einzelgr\u00e4bern und 204 in einem Gemeinschaftsgrab. Das Grab eines Gefallenen j\u00fcdischen Glaubens erhielt aus religi\u00f6sen Gr\u00fcnden statt des Kreuzes eine Grabstele aus Naturstein.<\/p>\n","protected":false},"author":2,"featured_media":0,"parent":8268,"menu_order":0,"comment_status":"closed","ping_status":"open","template":"","meta":{"footnotes":""},"class_list":["post-2200","page","type-page","status-publish","hentry"],"_links":{"self":[{"href":"http:\/\/www.denkfried.de\/wp\/index.php?rest_route=\/wp\/v2\/pages\/2200","targetHints":{"allow":["GET"]}}],"collection":[{"href":"http:\/\/www.denkfried.de\/wp\/index.php?rest_route=\/wp\/v2\/pages"}],"about":[{"href":"http:\/\/www.denkfried.de\/wp\/index.php?rest_route=\/wp\/v2\/types\/page"}],"author":[{"embeddable":true,"href":"http:\/\/www.denkfried.de\/wp\/index.php?rest_route=\/wp\/v2\/users\/2"}],"replies":[{"embeddable":true,"href":"http:\/\/www.denkfried.de\/wp\/index.php?rest_route=%2Fwp%2Fv2%2Fcomments&post=2200"}],"version-history":[{"count":7,"href":"http:\/\/www.denkfried.de\/wp\/index.php?rest_route=\/wp\/v2\/pages\/2200\/revisions"}],"predecessor-version":[{"id":9996,"href":"http:\/\/www.denkfried.de\/wp\/index.php?rest_route=\/wp\/v2\/pages\/2200\/revisions\/9996"}],"up":[{"embeddable":true,"href":"http:\/\/www.denkfried.de\/wp\/index.php?rest_route=\/wp\/v2\/pages\/8268"}],"wp:attachment":[{"href":"http:\/\/www.denkfried.de\/wp\/index.php?rest_route=%2Fwp%2Fv2%2Fmedia&parent=2200"}],"curies":[{"name":"wp","href":"https:\/\/api.w.org\/{rel}","templated":true}]}}