{"id":21994,"date":"2012-05-02T21:38:26","date_gmt":"2012-05-02T19:38:26","guid":{"rendered":"http:\/\/www.denkfried.de\/wp\/?page_id=21994"},"modified":"2013-07-13T22:18:09","modified_gmt":"2013-07-13T20:18:09","slug":"ehemaliges-zuchthausnkwd","status":"publish","type":"page","link":"http:\/\/www.denkfried.de\/wp\/?page_id=21994","title":{"rendered":"&#8211; Ehemaliges Zuchthaus\/NKWD"},"content":{"rendered":"<p>&nbsp;<\/p>\n<p><span style=\"text-decoration: underline;\"><strong>14472 Brandenburg &#8211; G\u00f6rden<\/strong><\/span><\/p>\n<p>Ehemaliges Zuchthaus und NKWD, Anton Saefkow-Allee 2<\/p>\n<p>Das Gel\u00e4nde der heutigen JVA in der Anton-Saefkow-Allee.<\/p>\n<p>Ab 1933 waren hier politische H\u00e4ftlinge untergebracht. Ab 1938 hie\u00df es &#8222;Zuchthaus und Sicherungsanstalt Brandenburg-G\u00f6rden&#8220;.\u00a0 In erster Linie waren hier kriminelle und politische H\u00e4ftlinge, die zu langj\u00e4hrigen Zuchthausstrafen bzw. zu Tode verurteilt wurden.W\u00e4hrend des Zweiten Weltkrieges wurden hier Fahnenfl\u00fcchtige und andere Straftaten der Wehrmachtsangeh\u00f6rigen verurteilt und hingerichtet. Als Hinrichtungsst\u00e4tte diente eine Garage und war mit einem Fallbeil und Vorrichtung zum Erh\u00e4ngen ausgestattet.<\/p>\n<p>In den Jahren 1945-47 nutzten die sowjetischen Milit\u00e4rbeh\u00f6rden das Zuchthaus f\u00fcr ihre Zwecke. Inhaftiert wurden Angeh\u00f6rige der Wlassow-Armee und Untersuchungsh\u00e4ftlinge des NKWD.<\/p>\n<p><strong>DENKMAL<\/strong><br \/>\nPanzerehrenmal, Anton-Saefkow-Allee (gegen\u00fcber der JVA)<br \/>\nZur Erinnerung an die Befreiung der politischen H\u00e4ftlinge des NS-Zuchhauses durch Soldaten des 62.Gardekavallerieregiments des 7.Selbst\u00e4ndigen Gardekavalleriekorps der 1.Belorussischen Front und des 32.Gardepanzerregiments der 4.Gardepanzerarmee der 1.Ukrainischen Front am 27.4.1945.<\/p>\n<p><strong>GEDENKSTEIN<\/strong><\/p>\n<p>Auf der anderen Strae\u00dfenseite befindet sich der Gedenkstein, in Erinnerung an die Opfer des Stalinismus. Am Weg ist eine Gedenktafel mit der Erkl\u00e4rung des Hauses und die Geschichte.<\/p>\n<p>&nbsp;<\/p>\n<div id='gallery-1' class='gallery galleryid-21994 gallery-columns-4 gallery-size-thumbnail'><dl class='gallery-item'>\n\t\t\t<dt class='gallery-icon landscape'>\n\t\t\t\t<a href='http:\/\/www.denkfried.de\/wp\/?attachment_id=21999'><img loading=\"lazy\" decoding=\"async\" width=\"150\" height=\"150\" src=\"http:\/\/www.denkfried.de\/wp\/wp-content\/uploads\/2012\/05\/DSCF2005-150x150.jpg\" class=\"attachment-thumbnail size-thumbnail\" alt=\"\" \/><\/a>\n\t\t\t<\/dt><\/dl><dl class='gallery-item'>\n\t\t\t<dt class='gallery-icon landscape'>\n\t\t\t\t<a href='http:\/\/www.denkfried.de\/wp\/?attachment_id=21997'><img loading=\"lazy\" decoding=\"async\" width=\"150\" height=\"150\" src=\"http:\/\/www.denkfried.de\/wp\/wp-content\/uploads\/2012\/05\/DSCF2003-150x150.jpg\" class=\"attachment-thumbnail size-thumbnail\" alt=\"\" \/><\/a>\n\t\t\t<\/dt><\/dl><dl class='gallery-item'>\n\t\t\t<dt class='gallery-icon landscape'>\n\t\t\t\t<a href='http:\/\/www.denkfried.de\/wp\/?attachment_id=21998'><img loading=\"lazy\" decoding=\"async\" width=\"150\" height=\"150\" src=\"http:\/\/www.denkfried.de\/wp\/wp-content\/uploads\/2012\/05\/DSCF2004-150x150.jpg\" class=\"attachment-thumbnail size-thumbnail\" alt=\"\" \/><\/a>\n\t\t\t<\/dt><\/dl><dl class='gallery-item'>\n\t\t\t<dt class='gallery-icon landscape'>\n\t\t\t\t<a href='http:\/\/www.denkfried.de\/wp\/?attachment_id=22004'><img loading=\"lazy\" decoding=\"async\" width=\"150\" height=\"150\" src=\"http:\/\/www.denkfried.de\/wp\/wp-content\/uploads\/2012\/05\/DSCF2013-150x150.jpg\" class=\"attachment-thumbnail size-thumbnail\" alt=\"\" \/><\/a>\n\t\t\t<\/dt><\/dl><br style=\"clear: both\" \/><dl class='gallery-item'>\n\t\t\t<dt class='gallery-icon landscape'>\n\t\t\t\t<a href='http:\/\/www.denkfried.de\/wp\/?attachment_id=22003'><img loading=\"lazy\" decoding=\"async\" width=\"150\" height=\"150\" src=\"http:\/\/www.denkfried.de\/wp\/wp-content\/uploads\/2012\/05\/DSCF2012-150x150.jpg\" class=\"attachment-thumbnail size-thumbnail\" alt=\"\" \/><\/a>\n\t\t\t<\/dt><\/dl><dl class='gallery-item'>\n\t\t\t<dt class='gallery-icon landscape'>\n\t\t\t\t<a href='http:\/\/www.denkfried.de\/wp\/?attachment_id=22002'><img loading=\"lazy\" decoding=\"async\" width=\"150\" height=\"150\" src=\"http:\/\/www.denkfried.de\/wp\/wp-content\/uploads\/2012\/05\/DSCF2011-150x150.jpg\" class=\"attachment-thumbnail size-thumbnail\" alt=\"\" \/><\/a>\n\t\t\t<\/dt><\/dl><dl class='gallery-item'>\n\t\t\t<dt class='gallery-icon landscape'>\n\t\t\t\t<a href='http:\/\/www.denkfried.de\/wp\/?attachment_id=22001'><img loading=\"lazy\" decoding=\"async\" width=\"150\" height=\"150\" src=\"http:\/\/www.denkfried.de\/wp\/wp-content\/uploads\/2012\/05\/DSCF2010-150x150.jpg\" class=\"attachment-thumbnail size-thumbnail\" alt=\"\" \/><\/a>\n\t\t\t<\/dt><\/dl><dl class='gallery-item'>\n\t\t\t<dt class='gallery-icon landscape'>\n\t\t\t\t<a href='http:\/\/www.denkfried.de\/wp\/?attachment_id=22000'><img loading=\"lazy\" decoding=\"async\" width=\"150\" height=\"150\" src=\"http:\/\/www.denkfried.de\/wp\/wp-content\/uploads\/2012\/05\/DSCF2008-150x150.jpg\" class=\"attachment-thumbnail size-thumbnail\" alt=\"\" \/><\/a>\n\t\t\t<\/dt><\/dl><br style=\"clear: both\" \/>\n\t\t<\/div>\n\n","protected":false},"excerpt":{"rendered":"<p>&nbsp; 14472 Brandenburg &#8211; G\u00f6rden Ehemaliges Zuchthaus und NKWD, Anton Saefkow-Allee 2 Das Gel\u00e4nde der heutigen JVA in der Anton-Saefkow-Allee. Ab 1933 waren hier politische H\u00e4ftlinge untergebracht. Ab 1938 hie\u00df es &#8222;Zuchthaus und Sicherungsanstalt Brandenburg-G\u00f6rden&#8220;.\u00a0 In erster Linie waren hier &hellip; <a href=\"http:\/\/www.denkfried.de\/wp\/?page_id=21994\">Weiterlesen <span class=\"meta-nav\">&rarr;<\/span><\/a><\/p>\n","protected":false},"author":9,"featured_media":0,"parent":4698,"menu_order":0,"comment_status":"closed","ping_status":"open","template":"","meta":{"footnotes":""},"class_list":["post-21994","page","type-page","status-publish","hentry"],"_links":{"self":[{"href":"http:\/\/www.denkfried.de\/wp\/index.php?rest_route=\/wp\/v2\/pages\/21994","targetHints":{"allow":["GET"]}}],"collection":[{"href":"http:\/\/www.denkfried.de\/wp\/index.php?rest_route=\/wp\/v2\/pages"}],"about":[{"href":"http:\/\/www.denkfried.de\/wp\/index.php?rest_route=\/wp\/v2\/types\/page"}],"author":[{"embeddable":true,"href":"http:\/\/www.denkfried.de\/wp\/index.php?rest_route=\/wp\/v2\/users\/9"}],"replies":[{"embeddable":true,"href":"http:\/\/www.denkfried.de\/wp\/index.php?rest_route=%2Fwp%2Fv2%2Fcomments&post=21994"}],"version-history":[{"count":5,"href":"http:\/\/www.denkfried.de\/wp\/index.php?rest_route=\/wp\/v2\/pages\/21994\/revisions"}],"predecessor-version":[{"id":21996,"href":"http:\/\/www.denkfried.de\/wp\/index.php?rest_route=\/wp\/v2\/pages\/21994\/revisions\/21996"}],"up":[{"embeddable":true,"href":"http:\/\/www.denkfried.de\/wp\/index.php?rest_route=\/wp\/v2\/pages\/4698"}],"wp:attachment":[{"href":"http:\/\/www.denkfried.de\/wp\/index.php?rest_route=%2Fwp%2Fv2%2Fmedia&parent=21994"}],"curies":[{"name":"wp","href":"https:\/\/api.w.org\/{rel}","templated":true}]}}