{"id":21978,"date":"2012-05-02T21:19:20","date_gmt":"2012-05-02T19:19:20","guid":{"rendered":"http:\/\/www.denkfried.de\/wp\/?page_id=21978"},"modified":"2015-12-28T21:38:29","modified_gmt":"2015-12-28T20:38:29","slug":"brb-neustadter-fhf","status":"publish","type":"page","link":"http:\/\/www.denkfried.de\/wp\/?page_id=21978","title":{"rendered":"&#8211; Neust\u00e4dter Friedhof"},"content":{"rendered":"<p>&nbsp;<\/p>\n<p><span style=\"text-decoration: underline;\"><strong>14776 Brandenburg<\/strong><\/span>\u00a0Evang. Friedhof, Kirchhofstra\u00dfe<\/p>\n<p>Bericht und Bilder von Thomas\u00a0<a href=\"http:\/\/g-bb.jimdo.com\/\">Gefallenendenkm\u00e4ler Berlin\/Brandenburg<\/a><\/p>\n<div id='gallery-1' class='gallery galleryid-21978 gallery-columns-3 gallery-size-thumbnail'><dl class='gallery-item'>\n\t\t\t<dt class='gallery-icon landscape'>\n\t\t\t\t<a href='http:\/\/www.denkfried.de\/wp\/?attachment_id=23260'><img loading=\"lazy\" decoding=\"async\" width=\"150\" height=\"150\" src=\"http:\/\/www.denkfried.de\/wp\/wp-content\/uploads\/2012\/05\/DSCF2129-150x150.jpg\" class=\"attachment-thumbnail size-thumbnail\" alt=\"\" \/><\/a>\n\t\t\t<\/dt><\/dl><dl class='gallery-item'>\n\t\t\t<dt class='gallery-icon portrait'>\n\t\t\t\t<a href='http:\/\/www.denkfried.de\/wp\/?attachment_id=23261'><img loading=\"lazy\" decoding=\"async\" width=\"150\" height=\"150\" src=\"http:\/\/www.denkfried.de\/wp\/wp-content\/uploads\/2012\/05\/DSCF2123-150x150.jpg\" class=\"attachment-thumbnail size-thumbnail\" alt=\"\" \/><\/a>\n\t\t\t<\/dt><\/dl><dl class='gallery-item'>\n\t\t\t<dt class='gallery-icon landscape'>\n\t\t\t\t<a href='http:\/\/www.denkfried.de\/wp\/?attachment_id=23259'><img loading=\"lazy\" decoding=\"async\" width=\"150\" height=\"150\" src=\"http:\/\/www.denkfried.de\/wp\/wp-content\/uploads\/2012\/05\/DSCF2060-150x150.jpg\" class=\"attachment-thumbnail size-thumbnail\" alt=\"\" \/><\/a>\n\t\t\t<\/dt><\/dl><br style=\"clear: both\" \/><dl class='gallery-item'>\n\t\t\t<dt class='gallery-icon landscape'>\n\t\t\t\t<a href='http:\/\/www.denkfried.de\/wp\/?attachment_id=21984'><img loading=\"lazy\" decoding=\"async\" width=\"150\" height=\"150\" src=\"http:\/\/www.denkfried.de\/wp\/wp-content\/uploads\/2012\/05\/DSCF2213-150x150.jpg\" class=\"attachment-thumbnail size-thumbnail\" alt=\"\" \/><\/a>\n\t\t\t<\/dt><\/dl><dl class='gallery-item'>\n\t\t\t<dt class='gallery-icon portrait'>\n\t\t\t\t<a href='http:\/\/www.denkfried.de\/wp\/?attachment_id=21983'><img loading=\"lazy\" decoding=\"async\" width=\"150\" height=\"150\" src=\"http:\/\/www.denkfried.de\/wp\/wp-content\/uploads\/2012\/05\/DSCF2212-150x150.jpg\" class=\"attachment-thumbnail size-thumbnail\" alt=\"\" \/><\/a>\n\t\t\t<\/dt><\/dl><dl class='gallery-item'>\n\t\t\t<dt class='gallery-icon landscape'>\n\t\t\t\t<a href='http:\/\/www.denkfried.de\/wp\/?attachment_id=21985'><img loading=\"lazy\" decoding=\"async\" width=\"150\" height=\"150\" src=\"http:\/\/www.denkfried.de\/wp\/wp-content\/uploads\/2012\/05\/DSCF2216-150x150.jpg\" class=\"attachment-thumbnail size-thumbnail\" alt=\"\" \/><\/a>\n\t\t\t<\/dt><\/dl><br style=\"clear: both\" \/><dl class='gallery-item'>\n\t\t\t<dt class='gallery-icon portrait'>\n\t\t\t\t<a href='http:\/\/www.denkfried.de\/wp\/?attachment_id=21987'><img loading=\"lazy\" decoding=\"async\" width=\"150\" height=\"150\" src=\"http:\/\/www.denkfried.de\/wp\/wp-content\/uploads\/2012\/05\/DSCF2223-150x150.jpg\" class=\"attachment-thumbnail size-thumbnail\" alt=\"\" \/><\/a>\n\t\t\t<\/dt><\/dl><dl class='gallery-item'>\n\t\t\t<dt class='gallery-icon portrait'>\n\t\t\t\t<a href='http:\/\/www.denkfried.de\/wp\/?attachment_id=21986'><img loading=\"lazy\" decoding=\"async\" width=\"150\" height=\"150\" src=\"http:\/\/www.denkfried.de\/wp\/wp-content\/uploads\/2012\/05\/DSCF2222-150x150.jpg\" class=\"attachment-thumbnail size-thumbnail\" alt=\"\" \/><\/a>\n\t\t\t<\/dt><\/dl><dl class='gallery-item'>\n\t\t\t<dt class='gallery-icon landscape'>\n\t\t\t\t<a href='http:\/\/www.denkfried.de\/wp\/?attachment_id=21988'><img loading=\"lazy\" decoding=\"async\" width=\"150\" height=\"150\" src=\"http:\/\/www.denkfried.de\/wp\/wp-content\/uploads\/2012\/05\/DSCF2234-150x150.jpg\" class=\"attachment-thumbnail size-thumbnail\" alt=\"\" \/><\/a>\n\t\t\t<\/dt><\/dl><br style=\"clear: both\" \/>\n\t\t<\/div>\n\n<p>Auf dem Friedhof gibt es eine Anlage mit Kriegstoten, zu erkennen an einer Gedenkstele. Hier haben ca. 70 Kriegsgtote ihre letzte Ruhe gefunden. Auf der Gedenkstele ist folgendes zu lesen:<\/p>\n<address>\u00a0Vorderseite:<\/address>\n<address style=\"padding-left: 90px;\">\u00a0 <em><strong>Die Opfer des Zweiten Weltkrieges Mahnen uns<\/strong><\/em><\/address>\n<address style=\"padding-left: 90px;\">\u00a0<\/address>\n<address>R\u00fcckseite:\u00a0<\/address>\n<p style=\"padding-left: 90px;\"><em><strong>Mitten in dem Leben sind wir vom Tod umfangen<\/strong><\/em><\/p>\n<p>Desweiteren wurden an Familiengr\u00e4ber, private Gedenken und Gr\u00e4ber der Weltkriege dokumentiert. Auch zwei Gr\u00e4ber von Teilnehmer der Befreiungskriege, Generalmajor und Commandeur der 12ten Infanterie-Brigade, Friedrich-Wilhelm-August von Kirchfeldt geb. \u00a0am 02.01.1802 gest. 03.11.1858. Sein Gedenkstein ist von seinem alten Kampfgenossen vom Prinz Eugen von Preussen Regiment errichtet.<\/p>\n<p>Ein weiterer des Krieges von 1870-71, der Unteroffizier Johannes Riedel geb. 02.06.1845 und in Vaumainbert vor Orleans am 04.12.1870 geblieben.<\/p>\n<p>Es konnten hier \u00a0<strong>65 Namen<\/strong> in die <a href=\"http:\/\/s2wk.gedenk-tafel.de\/\">Datenbank<\/a> eingepflegt werden, bei den Kriegsgr\u00e4bern blieben 15 unbekannt (eine Platte unleserlich). Die Namen werden in die Datenbanken eingepflegt.<\/p>\n<address>\u00a0<\/address>\n<address>\u00a0<\/address>\n<p>&nbsp;<\/p>\n","protected":false},"excerpt":{"rendered":"<p>&nbsp; 14776 Brandenburg\u00a0Evang. Friedhof, Kirchhofstra\u00dfe Bericht und Bilder von Thomas\u00a0Gefallenendenkm\u00e4ler Berlin\/Brandenburg Auf dem Friedhof gibt es eine Anlage mit Kriegstoten, zu erkennen an einer Gedenkstele. Hier haben ca. 70 Kriegsgtote ihre letzte Ruhe gefunden. Auf der Gedenkstele ist folgendes zu &hellip; <a href=\"http:\/\/www.denkfried.de\/wp\/?page_id=21978\">Weiterlesen <span class=\"meta-nav\">&rarr;<\/span><\/a><\/p>\n","protected":false},"author":9,"featured_media":0,"parent":4698,"menu_order":0,"comment_status":"closed","ping_status":"open","template":"","meta":{"footnotes":""},"class_list":["post-21978","page","type-page","status-publish","hentry"],"_links":{"self":[{"href":"http:\/\/www.denkfried.de\/wp\/index.php?rest_route=\/wp\/v2\/pages\/21978","targetHints":{"allow":["GET"]}}],"collection":[{"href":"http:\/\/www.denkfried.de\/wp\/index.php?rest_route=\/wp\/v2\/pages"}],"about":[{"href":"http:\/\/www.denkfried.de\/wp\/index.php?rest_route=\/wp\/v2\/types\/page"}],"author":[{"embeddable":true,"href":"http:\/\/www.denkfried.de\/wp\/index.php?rest_route=\/wp\/v2\/users\/9"}],"replies":[{"embeddable":true,"href":"http:\/\/www.denkfried.de\/wp\/index.php?rest_route=%2Fwp%2Fv2%2Fcomments&post=21978"}],"version-history":[{"count":26,"href":"http:\/\/www.denkfried.de\/wp\/index.php?rest_route=\/wp\/v2\/pages\/21978\/revisions"}],"predecessor-version":[{"id":40092,"href":"http:\/\/www.denkfried.de\/wp\/index.php?rest_route=\/wp\/v2\/pages\/21978\/revisions\/40092"}],"up":[{"embeddable":true,"href":"http:\/\/www.denkfried.de\/wp\/index.php?rest_route=\/wp\/v2\/pages\/4698"}],"wp:attachment":[{"href":"http:\/\/www.denkfried.de\/wp\/index.php?rest_route=%2Fwp%2Fv2%2Fmedia&parent=21978"}],"curies":[{"name":"wp","href":"https:\/\/api.w.org\/{rel}","templated":true}]}}