{"id":21894,"date":"2012-04-30T21:18:57","date_gmt":"2012-04-30T19:18:57","guid":{"rendered":"http:\/\/www.denkfried.de\/wp\/?page_id=21894"},"modified":"2015-12-28T21:30:15","modified_gmt":"2015-12-28T20:30:15","slug":"brb-gedenktafeln","status":"publish","type":"page","link":"http:\/\/www.denkfried.de\/wp\/?page_id=21894","title":{"rendered":"&#8211; Dom-Denkm\u00e4ler"},"content":{"rendered":"<p>&nbsp;<\/p>\n<p><strong>Stadt Brandenburg<\/strong> &#8211; Denkm\u00e4ler im Brandenburger Dom, Burghof 10<\/p>\n<p>Bericht und Bilder von Thomas\u00a0<a href=\"http:\/\/g-bb.jimdo.com\/\">Gefallenendenkm\u00e4ler Berlin\/Brandenburg<\/a><\/p>\n<div id='gallery-1' class='gallery galleryid-21894 gallery-columns-3 gallery-size-thumbnail'><dl class='gallery-item'>\n\t\t\t<dt class='gallery-icon landscape'>\n\t\t\t\t<a href='http:\/\/www.denkfried.de\/wp\/?attachment_id=21971'><img loading=\"lazy\" decoding=\"async\" width=\"150\" height=\"150\" src=\"http:\/\/www.denkfried.de\/wp\/wp-content\/uploads\/2012\/04\/DSCF2206-150x150.jpg\" class=\"attachment-thumbnail size-thumbnail\" alt=\"\" \/><\/a>\n\t\t\t<\/dt><\/dl><dl class='gallery-item'>\n\t\t\t<dt class='gallery-icon portrait'>\n\t\t\t\t<a href='http:\/\/www.denkfried.de\/wp\/?attachment_id=29127'><img loading=\"lazy\" decoding=\"async\" width=\"150\" height=\"150\" src=\"http:\/\/www.denkfried.de\/wp\/wp-content\/uploads\/2012\/04\/DSCF2209-150x150.jpg\" class=\"attachment-thumbnail size-thumbnail\" alt=\"\" \/><\/a>\n\t\t\t<\/dt><\/dl><dl class='gallery-item'>\n\t\t\t<dt class='gallery-icon landscape'>\n\t\t\t\t<a href='http:\/\/www.denkfried.de\/wp\/?attachment_id=29128'><img loading=\"lazy\" decoding=\"async\" width=\"150\" height=\"150\" src=\"http:\/\/www.denkfried.de\/wp\/wp-content\/uploads\/2012\/04\/Ehrenmal-Denkmal-Brandenburg-Havel-Weltkrieg-150x150.jpg\" class=\"attachment-thumbnail size-thumbnail\" alt=\"\" \/><\/a>\n\t\t\t<\/dt><\/dl><br style=\"clear: both\" \/><dl class='gallery-item'>\n\t\t\t<dt class='gallery-icon landscape'>\n\t\t\t\t<a href='http:\/\/www.denkfried.de\/wp\/?attachment_id=29131'><img loading=\"lazy\" decoding=\"async\" width=\"150\" height=\"150\" src=\"http:\/\/www.denkfried.de\/wp\/wp-content\/uploads\/2012\/04\/Ehrenmal-Denkmal-Brandenburg-Havel-Weltkrieg-5-150x150.jpg\" class=\"attachment-thumbnail size-thumbnail\" alt=\"\" \/><\/a>\n\t\t\t<\/dt><\/dl><dl class='gallery-item'>\n\t\t\t<dt class='gallery-icon landscape'>\n\t\t\t\t<a href='http:\/\/www.denkfried.de\/wp\/?attachment_id=29129'><img loading=\"lazy\" decoding=\"async\" width=\"150\" height=\"150\" src=\"http:\/\/www.denkfried.de\/wp\/wp-content\/uploads\/2012\/04\/Ehrenmal-Denkmal-Brandenburg-Havel-Weltkrieg-3-150x150.jpg\" class=\"attachment-thumbnail size-thumbnail\" alt=\"\" \/><\/a>\n\t\t\t<\/dt><\/dl><dl class='gallery-item'>\n\t\t\t<dt class='gallery-icon landscape'>\n\t\t\t\t<a href='http:\/\/www.denkfried.de\/wp\/?attachment_id=29130'><img loading=\"lazy\" decoding=\"async\" width=\"150\" height=\"150\" src=\"http:\/\/www.denkfried.de\/wp\/wp-content\/uploads\/2012\/04\/Ehrenmal-Denkmal-Brandenburg-Havel-Weltkrieg-4-150x150.jpg\" class=\"attachment-thumbnail size-thumbnail\" alt=\"\" \/><\/a>\n\t\t\t<\/dt><\/dl><br style=\"clear: both\" \/>\n\t\t<\/div>\n\n<p><span style=\"text-decoration: underline;\"><strong>Gedenktafel 1914-1918<\/strong><\/span><\/p>\n<p>Eine Gedenktafel aus Bronze befindet sich direkt neben dem Eingang. Hier sind 31 gefallenen Niedergeschrieben, \u00fcber den Namen ist folgende Inschrift:<\/p>\n<address style=\"text-align: center;\"><strong><em>Im Kampfe f\u00fcr Deutschlands Ehre Macht und Freiheit<\/em><\/strong><\/address>\n<address style=\"text-align: center;\"><strong><em>starben den Heldentod\u00a01914 \u2013 1919<\/em><\/strong><\/address>\n<address style=\"text-align: center;\">\u00a0<\/address>\n<p><span style=\"text-decoration: underline;\"><strong>Denkm\u00e4ler beider Weltkriege<\/strong><\/span><\/p>\n<p>An einem Seiteneingang des Doms, gibt es mehrere Gedenksteine. Die steinernden Tafeln sind den gefallenen Lehrern, Z\u00f6glingen und Sch\u00fcler der Ritterakademie gewidmt. Eine Tafel f\u00fcr die Gefallenen des Ersten Weltkrieges, seitlich sind die Zahlen 1914, Kriegsbeginns und 1919, f\u00fcr den letzen Vertorbenen. Insgesamt sind 84 Namen aufgef\u00fchrt. \u00dcber den Namen ist ein eingearbeiteter Helm, darunter folgende Inschrift:<\/p>\n<address style=\"text-align: center;\"><em><strong>Dem Andenken der im Weltkriege f\u00fcr Kaiser und Reich gefallenen<\/strong><\/em><\/address>\n<address style=\"text-align: center;\"><em><strong>Lehrer, Z\u00f6glinge und Sch\u00fcler der Ritterakademie<\/strong><\/em><\/address>\n<address style=\"text-align: center;\">\u00a0<\/address>\n<p>Dem gegen\u00fcber sind vier Gedenksteine, auf drei sind die Namen Gefallenen aufgef\u00fchrt. Insgesamt 162 Namen, leider nur schwer lesbar. Der einzelne Gedenkstein tr\u00e4gt folgende Inschrift:<\/p>\n<address style=\"text-align: center;\"><strong>Dem Andenken der Lehrer und Z\u00f6glinge der Ritterakademie <\/strong><\/address>\n<address style=\"text-align: center;\"><strong>Die 1939-1945 Opfer des Krieges und der Gewalt wurden<\/strong><\/address>\n<address style=\"text-align: center;\"><strong><span style=\"font-size: medium;\">Da Pacem Domine In Diebus Nostri<\/span><\/strong><\/address>\n<address style=\"text-align: center;\">(Gib Frieden, Herr, in unseren Tagen)<\/address>\n<p>&nbsp;<\/p>\n<p><span style=\"font-size: medium;\">Die Namen werden in die Datenbanken eingepflegt. <\/span><\/p>\n<p>&nbsp;<\/p>\n","protected":false},"excerpt":{"rendered":"<p>&nbsp; Stadt Brandenburg &#8211; Denkm\u00e4ler im Brandenburger Dom, Burghof 10 Bericht und Bilder von Thomas\u00a0Gefallenendenkm\u00e4ler Berlin\/Brandenburg Gedenktafel 1914-1918 Eine Gedenktafel aus Bronze befindet sich direkt neben dem Eingang. Hier sind 31 gefallenen Niedergeschrieben, \u00fcber den Namen ist folgende Inschrift: Im &hellip; <a href=\"http:\/\/www.denkfried.de\/wp\/?page_id=21894\">Weiterlesen <span class=\"meta-nav\">&rarr;<\/span><\/a><\/p>\n","protected":false},"author":9,"featured_media":0,"parent":4698,"menu_order":0,"comment_status":"closed","ping_status":"open","template":"","meta":{"footnotes":""},"class_list":["post-21894","page","type-page","status-publish","hentry"],"_links":{"self":[{"href":"http:\/\/www.denkfried.de\/wp\/index.php?rest_route=\/wp\/v2\/pages\/21894","targetHints":{"allow":["GET"]}}],"collection":[{"href":"http:\/\/www.denkfried.de\/wp\/index.php?rest_route=\/wp\/v2\/pages"}],"about":[{"href":"http:\/\/www.denkfried.de\/wp\/index.php?rest_route=\/wp\/v2\/types\/page"}],"author":[{"embeddable":true,"href":"http:\/\/www.denkfried.de\/wp\/index.php?rest_route=\/wp\/v2\/users\/9"}],"replies":[{"embeddable":true,"href":"http:\/\/www.denkfried.de\/wp\/index.php?rest_route=%2Fwp%2Fv2%2Fcomments&post=21894"}],"version-history":[{"count":30,"href":"http:\/\/www.denkfried.de\/wp\/index.php?rest_route=\/wp\/v2\/pages\/21894\/revisions"}],"predecessor-version":[{"id":40081,"href":"http:\/\/www.denkfried.de\/wp\/index.php?rest_route=\/wp\/v2\/pages\/21894\/revisions\/40081"}],"up":[{"embeddable":true,"href":"http:\/\/www.denkfried.de\/wp\/index.php?rest_route=\/wp\/v2\/pages\/4698"}],"wp:attachment":[{"href":"http:\/\/www.denkfried.de\/wp\/index.php?rest_route=%2Fwp%2Fv2%2Fmedia&parent=21894"}],"curies":[{"name":"wp","href":"https:\/\/api.w.org\/{rel}","templated":true}]}}