{"id":21759,"date":"2012-04-28T19:45:37","date_gmt":"2012-04-28T17:45:37","guid":{"rendered":"http:\/\/www.denkfried.de\/wp\/?page_id=21759"},"modified":"2015-12-28T19:35:32","modified_gmt":"2015-12-28T18:35:32","slug":"dreif-kirchhof-iii","status":"publish","type":"page","link":"http:\/\/www.denkfried.de\/wp\/?page_id=21759","title":{"rendered":"Dreif. Kirchhof III"},"content":{"rendered":"<p>&nbsp;<\/p>\n<p><strong>Berlin-Mariendorf<\/strong> Dreifaltigkeitskirchhof III, Eisenacher Str. 61<\/p>\n<p>Bericht und Bilder von Thomas\u00a0<a href=\"http:\/\/g-bb.jimdo.com\/\">Gefallenendenkm\u00e4ler Berlin\/Brandenburg<\/a><\/p>\n<div id='gallery-1' class='gallery galleryid-21759 gallery-columns-4 gallery-size-thumbnail'><dl class='gallery-item'>\n\t\t\t<dt class='gallery-icon landscape'>\n\t\t\t\t<a href='http:\/\/www.denkfried.de\/wp\/?attachment_id=21765'><img loading=\"lazy\" decoding=\"async\" width=\"150\" height=\"150\" src=\"http:\/\/www.denkfried.de\/wp\/wp-content\/uploads\/2012\/04\/DSCF2321-150x150.jpg\" class=\"attachment-thumbnail size-thumbnail\" alt=\"\" \/><\/a>\n\t\t\t<\/dt><\/dl><dl class='gallery-item'>\n\t\t\t<dt class='gallery-icon landscape'>\n\t\t\t\t<a href='http:\/\/www.denkfried.de\/wp\/?attachment_id=21769'><img loading=\"lazy\" decoding=\"async\" width=\"150\" height=\"150\" src=\"http:\/\/www.denkfried.de\/wp\/wp-content\/uploads\/2012\/04\/DSCF2328-150x150.jpg\" class=\"attachment-thumbnail size-thumbnail\" alt=\"\" \/><\/a>\n\t\t\t<\/dt><\/dl><dl class='gallery-item'>\n\t\t\t<dt class='gallery-icon landscape'>\n\t\t\t\t<a href='http:\/\/www.denkfried.de\/wp\/?attachment_id=21770'><img loading=\"lazy\" decoding=\"async\" width=\"150\" height=\"150\" src=\"http:\/\/www.denkfried.de\/wp\/wp-content\/uploads\/2012\/04\/DSCF2329-150x150.jpg\" class=\"attachment-thumbnail size-thumbnail\" alt=\"\" \/><\/a>\n\t\t\t<\/dt><\/dl><dl class='gallery-item'>\n\t\t\t<dt class='gallery-icon landscape'>\n\t\t\t\t<a href='http:\/\/www.denkfried.de\/wp\/?attachment_id=21767'><img loading=\"lazy\" decoding=\"async\" width=\"150\" height=\"150\" src=\"http:\/\/www.denkfried.de\/wp\/wp-content\/uploads\/2012\/04\/DSCF2325-150x150.jpg\" class=\"attachment-thumbnail size-thumbnail\" alt=\"\" \/><\/a>\n\t\t\t<\/dt><\/dl><br style=\"clear: both\" \/><dl class='gallery-item'>\n\t\t\t<dt class='gallery-icon portrait'>\n\t\t\t\t<a href='http:\/\/www.denkfried.de\/wp\/?attachment_id=21768'><img loading=\"lazy\" decoding=\"async\" width=\"150\" height=\"150\" src=\"http:\/\/www.denkfried.de\/wp\/wp-content\/uploads\/2012\/04\/DSCF2326-150x150.jpg\" class=\"attachment-thumbnail size-thumbnail\" alt=\"\" \/><\/a>\n\t\t\t<\/dt><\/dl><dl class='gallery-item'>\n\t\t\t<dt class='gallery-icon landscape'>\n\t\t\t\t<a href='http:\/\/www.denkfried.de\/wp\/?attachment_id=21766'><img loading=\"lazy\" decoding=\"async\" width=\"150\" height=\"150\" src=\"http:\/\/www.denkfried.de\/wp\/wp-content\/uploads\/2012\/04\/DSCF2323-150x150.jpg\" class=\"attachment-thumbnail size-thumbnail\" alt=\"\" \/><\/a>\n\t\t\t<\/dt><\/dl><dl class='gallery-item'>\n\t\t\t<dt class='gallery-icon landscape'>\n\t\t\t\t<a href='http:\/\/www.denkfried.de\/wp\/?attachment_id=21764'><img loading=\"lazy\" decoding=\"async\" width=\"150\" height=\"150\" src=\"http:\/\/www.denkfried.de\/wp\/wp-content\/uploads\/2012\/04\/DSCF2320-150x150.jpg\" class=\"attachment-thumbnail size-thumbnail\" alt=\"\" \/><\/a>\n\t\t\t<\/dt><\/dl><dl class='gallery-item'>\n\t\t\t<dt class='gallery-icon landscape'>\n\t\t\t\t<a href='http:\/\/www.denkfried.de\/wp\/?attachment_id=21763'><img loading=\"lazy\" decoding=\"async\" width=\"150\" height=\"150\" src=\"http:\/\/www.denkfried.de\/wp\/wp-content\/uploads\/2012\/04\/DSCF23171-150x150.jpg\" class=\"attachment-thumbnail size-thumbnail\" alt=\"\" \/><\/a>\n\t\t\t<\/dt><\/dl><br style=\"clear: both\" \/>\n\t\t<\/div>\n\n<p>Eine Anlage mit Kriegsopfern des Zweiten Weltkrieges. Eine Grabanlage f\u00fcr 11 Gefallene der BVG vom 12.04.1945.<\/p>\n<p style=\"text-align: center;\"><em><strong>Die BVG ihren im Dienst gefallenen Kolleginnen 12.04.1945<\/strong><\/em><\/p>\n<p>Dahinter befinden sich weitere Kriegsopfer in Einzelgr\u00e4bern. Ein Denkmal steht im hinteren Bereich, es steht f\u00fcr die Ausl\u00e4ndischen Kriegsopfer.<\/p>\n<p style=\"text-align: center;\"><em><strong>Den hier ruhenden ausl\u00e4ndischen Staatsangeh\u00f6rigen und allen unbekannten Kriegsopfern zum ehrenden Gedenken 1939-1945<\/strong><\/em><\/p>\n<p>Vor den Einzelgr\u00e4bern, sind 73 Unbekannte in drei Sammelgr\u00e4ber begraben. Es ruhen insgesamt 281 Kriegstote auf diesem Kirchhof.<\/p>\n<p>&nbsp;<\/p>\n<ul>\n<li><a href=\"http:\/\/www.denkfried.de\/wp\/wp-content\/uploads\/2012\/04\/MariednorfDref.html\"><strong>Namensliste &#8211; <\/strong>Kriegsgr\u00e4ber<\/a><\/li>\n<\/ul>\n<div><span style=\"text-decoration: underline;\"><span style=\"font-size: small;\"><span style=\"line-height: 24px;\">Private Gedenken \/ Gr\u00e4ber<\/span><\/span><\/span><\/div>\n<div><\/div>\n<div>\n<address>Kn\u00f6fel Horst * 09.12.1910 \u2020 26.05.1943 als Oberleutnant der Luftwaffe<\/address>\n<address>Mixa Wolfgang * 12.02.1926 vermi\u00dft 1945<\/address>\n<address>Uthke Emi * 1910 \u2020 1946 \u201eZum Gedenken\u201c<\/address>\n<address>Weinle geb. Sinnecker Helene * 09.10.1866 \u2020 04.05.1945<\/address>\n<\/div>\n<div><\/div>\n<div><span style=\"font-size: small;\"><span style=\"line-height: 24px;\"><br \/>\n<\/span><\/span><\/div>\n","protected":false},"excerpt":{"rendered":"<p>&nbsp; Berlin-Mariendorf Dreifaltigkeitskirchhof III, Eisenacher Str. 61 Bericht und Bilder von Thomas\u00a0Gefallenendenkm\u00e4ler Berlin\/Brandenburg Eine Anlage mit Kriegsopfern des Zweiten Weltkrieges. Eine Grabanlage f\u00fcr 11 Gefallene der BVG vom 12.04.1945. Die BVG ihren im Dienst gefallenen Kolleginnen 12.04.1945 Dahinter befinden sich &hellip; <a href=\"http:\/\/www.denkfried.de\/wp\/?page_id=21759\">Weiterlesen <span class=\"meta-nav\">&rarr;<\/span><\/a><\/p>\n","protected":false},"author":9,"featured_media":0,"parent":16804,"menu_order":0,"comment_status":"closed","ping_status":"open","template":"","meta":{"footnotes":""},"class_list":["post-21759","page","type-page","status-publish","hentry"],"_links":{"self":[{"href":"http:\/\/www.denkfried.de\/wp\/index.php?rest_route=\/wp\/v2\/pages\/21759","targetHints":{"allow":["GET"]}}],"collection":[{"href":"http:\/\/www.denkfried.de\/wp\/index.php?rest_route=\/wp\/v2\/pages"}],"about":[{"href":"http:\/\/www.denkfried.de\/wp\/index.php?rest_route=\/wp\/v2\/types\/page"}],"author":[{"embeddable":true,"href":"http:\/\/www.denkfried.de\/wp\/index.php?rest_route=\/wp\/v2\/users\/9"}],"replies":[{"embeddable":true,"href":"http:\/\/www.denkfried.de\/wp\/index.php?rest_route=%2Fwp%2Fv2%2Fcomments&post=21759"}],"version-history":[{"count":14,"href":"http:\/\/www.denkfried.de\/wp\/index.php?rest_route=\/wp\/v2\/pages\/21759\/revisions"}],"predecessor-version":[{"id":40018,"href":"http:\/\/www.denkfried.de\/wp\/index.php?rest_route=\/wp\/v2\/pages\/21759\/revisions\/40018"}],"up":[{"embeddable":true,"href":"http:\/\/www.denkfried.de\/wp\/index.php?rest_route=\/wp\/v2\/pages\/16804"}],"wp:attachment":[{"href":"http:\/\/www.denkfried.de\/wp\/index.php?rest_route=%2Fwp%2Fv2%2Fmedia&parent=21759"}],"curies":[{"name":"wp","href":"https:\/\/api.w.org\/{rel}","templated":true}]}}