{"id":21565,"date":"2012-04-27T17:18:36","date_gmt":"2012-04-27T15:18:36","guid":{"rendered":"http:\/\/www.denkfried.de\/wp\/?page_id=21565"},"modified":"2015-11-28T18:03:03","modified_gmt":"2015-11-28T17:03:03","slug":"denkmalanlage","status":"publish","type":"page","link":"http:\/\/www.denkfried.de\/wp\/?page_id=21565","title":{"rendered":"Denkmalanlage"},"content":{"rendered":"<p>&nbsp;<\/p>\n<p><strong>Berlin-Britz<\/strong> Denkmalanlage im Akazienw\u00e4ldchen<\/p>\n<p>Bericht und Bilder von Thomas\u00a0<a href=\"http:\/\/g-bb.jimdo.com\/\">Gefallenendenkm\u00e4ler Berlin\/Brandenburg<\/a><\/p>\n<div id='gallery-1' class='gallery galleryid-21565 gallery-columns-4 gallery-size-thumbnail'><dl class='gallery-item'>\n\t\t\t<dt class='gallery-icon landscape'>\n\t\t\t\t<a href='http:\/\/www.denkfried.de\/wp\/?attachment_id=21574'><img loading=\"lazy\" decoding=\"async\" width=\"150\" height=\"150\" src=\"http:\/\/www.denkfried.de\/wp\/wp-content\/uploads\/2012\/04\/DSCF2208-150x150.jpg\" class=\"attachment-thumbnail size-thumbnail\" alt=\"\" \/><\/a>\n\t\t\t<\/dt><\/dl><dl class='gallery-item'>\n\t\t\t<dt class='gallery-icon landscape'>\n\t\t\t\t<a href='http:\/\/www.denkfried.de\/wp\/?attachment_id=21573'><img loading=\"lazy\" decoding=\"async\" width=\"150\" height=\"150\" src=\"http:\/\/www.denkfried.de\/wp\/wp-content\/uploads\/2012\/04\/DSCF22041-150x150.jpg\" class=\"attachment-thumbnail size-thumbnail\" alt=\"\" \/><\/a>\n\t\t\t<\/dt><\/dl><dl class='gallery-item'>\n\t\t\t<dt class='gallery-icon portrait'>\n\t\t\t\t<a href='http:\/\/www.denkfried.de\/wp\/?attachment_id=21572'><img loading=\"lazy\" decoding=\"async\" width=\"150\" height=\"150\" src=\"http:\/\/www.denkfried.de\/wp\/wp-content\/uploads\/2012\/04\/DSCF2203-150x150.jpg\" class=\"attachment-thumbnail size-thumbnail\" alt=\"\" \/><\/a>\n\t\t\t<\/dt><\/dl><dl class='gallery-item'>\n\t\t\t<dt class='gallery-icon portrait'>\n\t\t\t\t<a href='http:\/\/www.denkfried.de\/wp\/?attachment_id=21571'><img loading=\"lazy\" decoding=\"async\" width=\"150\" height=\"150\" src=\"http:\/\/www.denkfried.de\/wp\/wp-content\/uploads\/2012\/04\/DSCF2202-150x150.jpg\" class=\"attachment-thumbnail size-thumbnail\" alt=\"\" \/><\/a>\n\t\t\t<\/dt><\/dl><br style=\"clear: both\" \/>\n\t\t<\/div>\n\n<p>An der Blaschkoallee Ecke \/ Onkel-Br\u00e4sig Stra\u00dfe. Hier in der Parkanlage Akazienw\u00e4ldchen, f\u00fchrt von der Stra\u00dfe eine Treppe zu einer Denkmalanlage. Ein aufgestellter Feld mit Inschrift steht mittig, je seitlich ein Gedenkstein. Links ist ein Abbildung und die Kriegsjahre <strong>1939-1945<\/strong> graviert. Auf den andren Stein von vorne ein Bild und die Kriegsjahre <strong>1914-1918<\/strong> sind eingraviert.<\/p>\n<p><span style=\"text-decoration: underline;\">Inschrift am Fels:<\/span><\/p>\n<address style=\"text-align: center;\"><em><strong>Zur Mahnung<\/strong><\/em><\/address>\n<address style=\"text-align: center;\"><em><strong>Den Opfern der Kriege<\/strong><\/em><\/address>\n<address style=\"text-align: center;\"><em><strong>und jeglicher Gewaltherrschaft<\/strong><\/em><\/address>\n<p>&nbsp;<\/p>\n","protected":false},"excerpt":{"rendered":"<p>&nbsp; Berlin-Britz Denkmalanlage im Akazienw\u00e4ldchen Bericht und Bilder von Thomas\u00a0Gefallenendenkm\u00e4ler Berlin\/Brandenburg An der Blaschkoallee Ecke \/ Onkel-Br\u00e4sig Stra\u00dfe. Hier in der Parkanlage Akazienw\u00e4ldchen, f\u00fchrt von der Stra\u00dfe eine Treppe zu einer Denkmalanlage. Ein aufgestellter Feld mit Inschrift steht mittig, je &hellip; <a href=\"http:\/\/www.denkfried.de\/wp\/?page_id=21565\">Weiterlesen <span class=\"meta-nav\">&rarr;<\/span><\/a><\/p>\n","protected":false},"author":9,"featured_media":0,"parent":13028,"menu_order":0,"comment_status":"closed","ping_status":"open","template":"","meta":{"footnotes":""},"class_list":["post-21565","page","type-page","status-publish","hentry"],"_links":{"self":[{"href":"http:\/\/www.denkfried.de\/wp\/index.php?rest_route=\/wp\/v2\/pages\/21565","targetHints":{"allow":["GET"]}}],"collection":[{"href":"http:\/\/www.denkfried.de\/wp\/index.php?rest_route=\/wp\/v2\/pages"}],"about":[{"href":"http:\/\/www.denkfried.de\/wp\/index.php?rest_route=\/wp\/v2\/types\/page"}],"author":[{"embeddable":true,"href":"http:\/\/www.denkfried.de\/wp\/index.php?rest_route=\/wp\/v2\/users\/9"}],"replies":[{"embeddable":true,"href":"http:\/\/www.denkfried.de\/wp\/index.php?rest_route=%2Fwp%2Fv2%2Fcomments&post=21565"}],"version-history":[{"count":12,"href":"http:\/\/www.denkfried.de\/wp\/index.php?rest_route=\/wp\/v2\/pages\/21565\/revisions"}],"predecessor-version":[{"id":39600,"href":"http:\/\/www.denkfried.de\/wp\/index.php?rest_route=\/wp\/v2\/pages\/21565\/revisions\/39600"}],"up":[{"embeddable":true,"href":"http:\/\/www.denkfried.de\/wp\/index.php?rest_route=\/wp\/v2\/pages\/13028"}],"wp:attachment":[{"href":"http:\/\/www.denkfried.de\/wp\/index.php?rest_route=%2Fwp%2Fv2%2Fmedia&parent=21565"}],"curies":[{"name":"wp","href":"https:\/\/api.w.org\/{rel}","templated":true}]}}