{"id":21549,"date":"2012-04-26T18:00:47","date_gmt":"2012-04-26T16:00:47","guid":{"rendered":"http:\/\/www.denkfried.de\/wp\/?page_id=21549"},"modified":"2015-11-16T19:58:48","modified_gmt":"2015-11-16T18:58:48","slug":"dm-mariannenplatz","status":"publish","type":"page","link":"http:\/\/www.denkfried.de\/wp\/?page_id=21549","title":{"rendered":"&#8211; Denkmal Mariannenplatz"},"content":{"rendered":"<p><strong>\u00a0<\/strong><\/p>\n<p><span style=\"text-decoration: underline;\">10997 Berlin &#8211;<strong> Kreuzberg<\/strong> <\/span><\/p>\n<p><strong>Denkmal<\/strong> Leibnitz-Gymnasium, Mariannenplatz<\/p>\n<p>Bericht und Bilder von Thomas\u00a0<a href=\"http:\/\/g-bb.jimdo.com\/\">Gefallenendenkm\u00e4ler Berlin\/Brandenburg<\/a><\/p>\n<div id='gallery-1' class='gallery galleryid-21549 gallery-columns-4 gallery-size-thumbnail'><dl class='gallery-item'>\n\t\t\t<dt class='gallery-icon landscape'>\n\t\t\t\t<a href='http:\/\/www.denkfried.de\/wp\/?attachment_id=21555'><img loading=\"lazy\" decoding=\"async\" width=\"150\" height=\"150\" src=\"http:\/\/www.denkfried.de\/wp\/wp-content\/uploads\/2012\/04\/DSCF2015-150x150.jpg\" class=\"attachment-thumbnail size-thumbnail\" alt=\"\" \/><\/a>\n\t\t\t<\/dt><\/dl><dl class='gallery-item'>\n\t\t\t<dt class='gallery-icon portrait'>\n\t\t\t\t<a href='http:\/\/www.denkfried.de\/wp\/?attachment_id=21556'><img loading=\"lazy\" decoding=\"async\" width=\"150\" height=\"150\" src=\"http:\/\/www.denkfried.de\/wp\/wp-content\/uploads\/2012\/04\/DSCF2017-150x150.jpg\" class=\"attachment-thumbnail size-thumbnail\" alt=\"\" \/><\/a>\n\t\t\t<\/dt><\/dl><dl class='gallery-item'>\n\t\t\t<dt class='gallery-icon landscape'>\n\t\t\t\t<a href='http:\/\/www.denkfried.de\/wp\/?attachment_id=21553'><img loading=\"lazy\" decoding=\"async\" width=\"150\" height=\"150\" src=\"http:\/\/www.denkfried.de\/wp\/wp-content\/uploads\/2012\/04\/DSCF20111-150x150.jpg\" class=\"attachment-thumbnail size-thumbnail\" alt=\"\" \/><\/a>\n\t\t\t<\/dt><\/dl><dl class='gallery-item'>\n\t\t\t<dt class='gallery-icon landscape'>\n\t\t\t\t<a href='http:\/\/www.denkfried.de\/wp\/?attachment_id=21554'><img loading=\"lazy\" decoding=\"async\" width=\"150\" height=\"150\" src=\"http:\/\/www.denkfried.de\/wp\/wp-content\/uploads\/2012\/04\/DSCF20131-150x150.jpg\" class=\"attachment-thumbnail size-thumbnail\" alt=\"\" \/><\/a>\n\t\t\t<\/dt><\/dl><br style=\"clear: both\" \/>\n\t\t<\/div>\n\n<p>Das Denkmal befindet sich in einer Anlage, an der Nordostecke des Mariannenplatzes. Vor dem Eingang der N\u00fctringer Grundschule, des ehemaligen Gymnasiums. Das Denkmal ist aus Sandstein, an drei Seiten sind Namenstafeln angebracht. Eine Erweiterung zum Denkmal erfolgte im Jahr 1986.<\/p>\n<address style=\"text-align: center;\"><em><strong>Den im Weltkriege 1914 &#8211; 1918 Gefallenen<\/strong><\/em><\/address>\n<address style=\"text-align: center;\"><em><strong>Sch\u00fclern des Leibnitz-Gymnasiums<\/strong><\/em><\/address>\n<address style=\"text-align: center;\"><em><strong>Zum Ehrenden Andenken<\/strong><\/em><\/address>\n<address style=\"text-align: center;\"><em><strong>Dulce et decorum est pro patria mori<\/strong><\/em><\/address>\n<address style=\"text-align: center;\">\u00a0<\/address>\n<p>Erweiterte Gedenktafel:<\/p>\n<p>Mit dem in diesem Denkmal eingelassenen Lateinischen Spruch &#8211; &#8222;Es ist S\u00fc\u00df und Ehrenvoll, f\u00fcrs Vaterland zu sterben&#8220; &#8211; wurden in der Vergangenheit Junge Deutsche M\u00e4nner auf den sogenannten Heldentod vorbereitet. Die Bezirksverordnetenversammlung von Kreuzberg fordert demgegen\u00fcber im Un-Jahr des Friedens 1986. &#8222;Nie wieder Krieg!&#8220;<\/p>\n<ul>\n<li><strong>Namensliste<\/strong> \u00a0..in Arbeit<\/li>\n<\/ul>\n<p>&nbsp;<\/p>\n","protected":false},"excerpt":{"rendered":"<p>\u00a0 10997 Berlin &#8211; Kreuzberg Denkmal Leibnitz-Gymnasium, Mariannenplatz Bericht und Bilder von Thomas\u00a0Gefallenendenkm\u00e4ler Berlin\/Brandenburg Das Denkmal befindet sich in einer Anlage, an der Nordostecke des Mariannenplatzes. Vor dem Eingang der N\u00fctringer Grundschule, des ehemaligen Gymnasiums. Das Denkmal ist aus Sandstein, &hellip; <a href=\"http:\/\/www.denkfried.de\/wp\/?page_id=21549\">Weiterlesen <span class=\"meta-nav\">&rarr;<\/span><\/a><\/p>\n","protected":false},"author":9,"featured_media":0,"parent":16063,"menu_order":0,"comment_status":"closed","ping_status":"open","template":"","meta":{"footnotes":""},"class_list":["post-21549","page","type-page","status-publish","hentry"],"_links":{"self":[{"href":"http:\/\/www.denkfried.de\/wp\/index.php?rest_route=\/wp\/v2\/pages\/21549","targetHints":{"allow":["GET"]}}],"collection":[{"href":"http:\/\/www.denkfried.de\/wp\/index.php?rest_route=\/wp\/v2\/pages"}],"about":[{"href":"http:\/\/www.denkfried.de\/wp\/index.php?rest_route=\/wp\/v2\/types\/page"}],"author":[{"embeddable":true,"href":"http:\/\/www.denkfried.de\/wp\/index.php?rest_route=\/wp\/v2\/users\/9"}],"replies":[{"embeddable":true,"href":"http:\/\/www.denkfried.de\/wp\/index.php?rest_route=%2Fwp%2Fv2%2Fcomments&post=21549"}],"version-history":[{"count":11,"href":"http:\/\/www.denkfried.de\/wp\/index.php?rest_route=\/wp\/v2\/pages\/21549\/revisions"}],"predecessor-version":[{"id":39452,"href":"http:\/\/www.denkfried.de\/wp\/index.php?rest_route=\/wp\/v2\/pages\/21549\/revisions\/39452"}],"up":[{"embeddable":true,"href":"http:\/\/www.denkfried.de\/wp\/index.php?rest_route=\/wp\/v2\/pages\/16063"}],"wp:attachment":[{"href":"http:\/\/www.denkfried.de\/wp\/index.php?rest_route=%2Fwp%2Fv2%2Fmedia&parent=21549"}],"curies":[{"name":"wp","href":"https:\/\/api.w.org\/{rel}","templated":true}]}}