{"id":2153,"date":"2011-04-10T19:00:52","date_gmt":"2011-04-10T17:00:52","guid":{"rendered":"http:\/\/www.denkfried.de\/wp\/?page_id=2153"},"modified":"2011-04-10T19:00:52","modified_gmt":"2011-04-10T17:00:52","slug":"constanza","status":"publish","type":"page","link":"http:\/\/www.denkfried.de\/wp\/?page_id=2153","title":{"rendered":"CONSTANZA"},"content":{"rendered":"<p>&nbsp;<\/p>\n<p><span style=\"text-decoration: underline; color: #ff0000;\"><strong>Constanza<\/strong><\/span><\/p>\n<p>Durch  die Erweiterung des angrenzenden Zivilfriedhofes machte sich eine  Neugestaltung des Gr\u00e4berfeldes der Kriegstoten notwendig. Es waren  bereits einige Gr\u00e4ber mit Ziviltoten \u00fcberbettet worden.<br \/>\nDie Arbeiten begannen 1986 und die Einweihung erfolgte am 12.06.1993.<br \/>\nAuf dem Gedenkplatz befindet sich ein Hochkreuz und auf Platten die Namen der \u00dcberbetteten.<br \/>\nHier ruhen:<br \/>\n1.WK 187 Deutsche<br \/>\n2.WK 919 Deutsche<\/p>\n<p>In der N\u00e4he dieser Kriegsgr\u00e4berst\u00e4tte befinden sich ein rum\u00e4nischer und ein sowjetischer Soldatenfriedhof aus dem 2.Weltkrieg.<br \/>\nDie Anlage des 1.Weltkrieges beherbergt rum\u00e4nische, deutsche und franz\u00f6sische Soldaten.<br \/>\nAn die franz\u00f6sischen Soldaten erinnert noch eine Gedenktafel, da sie inzwischen exhumiert wurden.<\/p>\n","protected":false},"excerpt":{"rendered":"<p>&nbsp; Constanza Durch die Erweiterung des angrenzenden Zivilfriedhofes machte sich eine Neugestaltung des Gr\u00e4berfeldes der Kriegstoten notwendig. Es waren bereits einige Gr\u00e4ber mit Ziviltoten \u00fcberbettet worden. Die Arbeiten begannen 1986 und die Einweihung erfolgte am 12.06.1993. Auf dem Gedenkplatz befindet &hellip; <a href=\"http:\/\/www.denkfried.de\/wp\/?page_id=2153\">Weiterlesen <span class=\"meta-nav\">&rarr;<\/span><\/a><\/p>\n","protected":false},"author":2,"featured_media":0,"parent":337,"menu_order":0,"comment_status":"closed","ping_status":"open","template":"","meta":{"footnotes":""},"class_list":["post-2153","page","type-page","status-publish","hentry"],"_links":{"self":[{"href":"http:\/\/www.denkfried.de\/wp\/index.php?rest_route=\/wp\/v2\/pages\/2153","targetHints":{"allow":["GET"]}}],"collection":[{"href":"http:\/\/www.denkfried.de\/wp\/index.php?rest_route=\/wp\/v2\/pages"}],"about":[{"href":"http:\/\/www.denkfried.de\/wp\/index.php?rest_route=\/wp\/v2\/types\/page"}],"author":[{"embeddable":true,"href":"http:\/\/www.denkfried.de\/wp\/index.php?rest_route=\/wp\/v2\/users\/2"}],"replies":[{"embeddable":true,"href":"http:\/\/www.denkfried.de\/wp\/index.php?rest_route=%2Fwp%2Fv2%2Fcomments&post=2153"}],"version-history":[{"count":2,"href":"http:\/\/www.denkfried.de\/wp\/index.php?rest_route=\/wp\/v2\/pages\/2153\/revisions"}],"predecessor-version":[{"id":2155,"href":"http:\/\/www.denkfried.de\/wp\/index.php?rest_route=\/wp\/v2\/pages\/2153\/revisions\/2155"}],"up":[{"embeddable":true,"href":"http:\/\/www.denkfried.de\/wp\/index.php?rest_route=\/wp\/v2\/pages\/337"}],"wp:attachment":[{"href":"http:\/\/www.denkfried.de\/wp\/index.php?rest_route=%2Fwp%2Fv2%2Fmedia&parent=2153"}],"curies":[{"name":"wp","href":"https:\/\/api.w.org\/{rel}","templated":true}]}}