{"id":21468,"date":"2012-04-25T17:55:53","date_gmt":"2012-04-25T15:55:53","guid":{"rendered":"http:\/\/www.denkfried.de\/wp\/?page_id=21468"},"modified":"2015-12-27T21:05:36","modified_gmt":"2015-12-27T20:05:36","slug":"lichterfelde-parkfriedhof","status":"publish","type":"page","link":"http:\/\/www.denkfried.de\/wp\/?page_id=21468","title":{"rendered":"Lichterfelde &#8211; Parkfriedhof"},"content":{"rendered":"<p>&nbsp;<\/p>\n<p><strong>Berlin-Lichterfelde<\/strong> Parkfriedhof, Thuner Platz 2-4<\/p>\n<p>Bericht und Bilder von Thomas\u00a0<a href=\"http:\/\/g-bb.jimdo.com\/\">Gefallenendenkm\u00e4ler Berlin\/Brandenburg<\/a><\/p>\n<div id='gallery-1' class='gallery galleryid-21468 gallery-columns-3 gallery-size-thumbnail'><dl class='gallery-item'>\n\t\t\t<dt class='gallery-icon landscape'>\n\t\t\t\t<a href='http:\/\/www.denkfried.de\/wp\/?attachment_id=21479'><img loading=\"lazy\" decoding=\"async\" width=\"150\" height=\"150\" src=\"http:\/\/www.denkfried.de\/wp\/wp-content\/uploads\/2012\/04\/Ehrenhain-1914-1918-3-150x150.jpg\" class=\"attachment-thumbnail size-thumbnail\" alt=\"\" \/><\/a>\n\t\t\t<\/dt><\/dl><dl class='gallery-item'>\n\t\t\t<dt class='gallery-icon landscape'>\n\t\t\t\t<a href='http:\/\/www.denkfried.de\/wp\/?attachment_id=21478'><img loading=\"lazy\" decoding=\"async\" width=\"150\" height=\"150\" src=\"http:\/\/www.denkfried.de\/wp\/wp-content\/uploads\/2012\/04\/Ehrenhain-1914-1918-2-150x150.jpg\" class=\"attachment-thumbnail size-thumbnail\" alt=\"\" \/><\/a>\n\t\t\t<\/dt><\/dl><dl class='gallery-item'>\n\t\t\t<dt class='gallery-icon landscape'>\n\t\t\t\t<a href='http:\/\/www.denkfried.de\/wp\/?attachment_id=21474'><img loading=\"lazy\" decoding=\"async\" width=\"150\" height=\"150\" src=\"http:\/\/www.denkfried.de\/wp\/wp-content\/uploads\/2012\/04\/DSCF2071-150x150.jpg\" class=\"attachment-thumbnail size-thumbnail\" alt=\"\" \/><\/a>\n\t\t\t<\/dt><\/dl><br style=\"clear: both\" \/><dl class='gallery-item'>\n\t\t\t<dt class='gallery-icon landscape'>\n\t\t\t\t<a href='http:\/\/www.denkfried.de\/wp\/?attachment_id=21482'><img loading=\"lazy\" decoding=\"async\" width=\"150\" height=\"150\" src=\"http:\/\/www.denkfried.de\/wp\/wp-content\/uploads\/2012\/04\/Kriegsgr\u00e4ber-3-150x150.jpg\" class=\"attachment-thumbnail size-thumbnail\" alt=\"\" \/><\/a>\n\t\t\t<\/dt><\/dl><dl class='gallery-item'>\n\t\t\t<dt class='gallery-icon landscape'>\n\t\t\t\t<a href='http:\/\/www.denkfried.de\/wp\/?attachment_id=21481'><img loading=\"lazy\" decoding=\"async\" width=\"150\" height=\"150\" src=\"http:\/\/www.denkfried.de\/wp\/wp-content\/uploads\/2012\/04\/Kriegsgr\u00e4ber-2-150x150.jpg\" class=\"attachment-thumbnail size-thumbnail\" alt=\"\" \/><\/a>\n\t\t\t<\/dt><\/dl><dl class='gallery-item'>\n\t\t\t<dt class='gallery-icon landscape'>\n\t\t\t\t<a href='http:\/\/www.denkfried.de\/wp\/?attachment_id=21480'><img loading=\"lazy\" decoding=\"async\" width=\"150\" height=\"150\" src=\"http:\/\/www.denkfried.de\/wp\/wp-content\/uploads\/2012\/04\/Kriegsgr\u00e4ber-150x150.jpg\" class=\"attachment-thumbnail size-thumbnail\" alt=\"\" \/><\/a>\n\t\t\t<\/dt><\/dl><br style=\"clear: both\" \/><dl class='gallery-item'>\n\t\t\t<dt class='gallery-icon portrait'>\n\t\t\t\t<a href='http:\/\/www.denkfried.de\/wp\/?attachment_id=21477'><img loading=\"lazy\" decoding=\"async\" width=\"150\" height=\"150\" src=\"http:\/\/www.denkfried.de\/wp\/wp-content\/uploads\/2012\/04\/DSCF21881-150x150.jpg\" class=\"attachment-thumbnail size-thumbnail\" alt=\"\" \/><\/a>\n\t\t\t<\/dt><\/dl><dl class='gallery-item'>\n\t\t\t<dt class='gallery-icon landscape'>\n\t\t\t\t<a href='http:\/\/www.denkfried.de\/wp\/?attachment_id=30503'><img loading=\"lazy\" decoding=\"async\" width=\"150\" height=\"150\" src=\"http:\/\/www.denkfried.de\/wp\/wp-content\/uploads\/2012\/04\/Parkfriedhof-Lichterfelde-150x150.jpg\" class=\"attachment-thumbnail size-thumbnail\" alt=\"\" \/><\/a>\n\t\t\t<\/dt><\/dl><dl class='gallery-item'>\n\t\t\t<dt class='gallery-icon landscape'>\n\t\t\t\t<a href='http:\/\/www.denkfried.de\/wp\/?attachment_id=30504'><img loading=\"lazy\" decoding=\"async\" width=\"150\" height=\"150\" src=\"http:\/\/www.denkfried.de\/wp\/wp-content\/uploads\/2012\/04\/Parkfriedhof-Lichterfelde-Unbekannter-Soldat-150x150.jpg\" class=\"attachment-thumbnail size-thumbnail\" alt=\"\" \/><\/a>\n\t\t\t<\/dt><\/dl><br style=\"clear: both\" \/>\n\t\t<\/div>\n\n<p><strong><span style=\"text-decoration: underline;\">1914-1918<\/span> <\/strong><\/p>\n<p>Auf dem Friedhof gibt es ein Ehrenhain f\u00fcr Gefallene des Ersten Weltkrieges. Ein trauernde Frau aus Bronze, steht in mitten der Gr\u00e4ber. Insgesamt ruhen hier 64 Tote, unter Ihnen Gefallenen, einige sind ihren Wunden erlegen.<\/p>\n<p><span style=\"text-decoration: underline;\"><strong>1939-1945<\/strong><\/span><\/p>\n<p>Im hinteren Friedhofsteil gibt es drei geschlossenen Anlagen, hier sind die Toten in Reihen angelegt. Auf einem weiteren Grabfeld, sind verteilte\u00a0Kriegsgr\u00e4ber. Auf den Gr\u00e4berfeldern, mit den Opfern des Zweiten Weltkrieges befindet sich je ein Gedenkstein in der Mitte des Feldes.<\/p>\n<address style=\"text-align: center;\"><em><strong>1939-1945<\/strong><\/em><\/address>\n<address style=\"text-align: center;\"><span style=\"color: #000000;\"><strong><em>Vor<\/em>\u00a0den\u00a0<em>Gr\u00e4bern<\/em>\u00a0der\u00a0<em>Gefallenen verstumme<\/em>\u00a0der\u00a0<em>Hass<\/em>, <\/strong><\/span><\/address>\n<address style=\"text-align: center;\"><span style=\"color: #000000;\"><strong>der dem\u00a0<em>Kriege entsteigt\u00a0<\/em>und\u00a0<em>nur<\/em>\u00a0der\u00a0<em>edle Sinn ihres<\/em>\u00a0Opfers\u00a0<em>gewinne Gewalt<\/em>\u00a0\u00fcber das\u00a0<em>Leben<\/em>.<\/strong><\/span><\/address>\n<address style=\"text-align: center;\">\u00a0<\/address>\n<p>Im hinteren Gr\u00e4berfeld (Block 32) ruhen 7 Tote des Ersten Weltkrieges. Es konnten Insgesamt <strong>2089 Kriegsopfer<\/strong> (80 1 WK) Dokumentiert werden, unter Ihnen sind 243 Unbekannt geblieben. Es konnten noch 48 private Gedenken an Familiengr\u00e4bern Dokumentiert werden. Bei den Unbekannten sind 11 Gr\u00e4ber mitgez\u00e4hlt, bei denen der Grabstein fehlte.<\/p>\n<p>Die Namen wurden in die Datenbanken eingepflegt.<\/p>\n<p>&nbsp;<\/p>\n<p>&nbsp;<\/p>\n","protected":false},"excerpt":{"rendered":"<p>&nbsp; Berlin-Lichterfelde Parkfriedhof, Thuner Platz 2-4 Bericht und Bilder von Thomas\u00a0Gefallenendenkm\u00e4ler Berlin\/Brandenburg 1914-1918 Auf dem Friedhof gibt es ein Ehrenhain f\u00fcr Gefallene des Ersten Weltkrieges. Ein trauernde Frau aus Bronze, steht in mitten der Gr\u00e4ber. Insgesamt ruhen hier 64 Tote, &hellip; <a href=\"http:\/\/www.denkfried.de\/wp\/?page_id=21468\">Weiterlesen <span class=\"meta-nav\">&rarr;<\/span><\/a><\/p>\n","protected":false},"author":9,"featured_media":0,"parent":15564,"menu_order":0,"comment_status":"closed","ping_status":"open","template":"","meta":{"footnotes":""},"class_list":["post-21468","page","type-page","status-publish","hentry"],"_links":{"self":[{"href":"http:\/\/www.denkfried.de\/wp\/index.php?rest_route=\/wp\/v2\/pages\/21468","targetHints":{"allow":["GET"]}}],"collection":[{"href":"http:\/\/www.denkfried.de\/wp\/index.php?rest_route=\/wp\/v2\/pages"}],"about":[{"href":"http:\/\/www.denkfried.de\/wp\/index.php?rest_route=\/wp\/v2\/types\/page"}],"author":[{"embeddable":true,"href":"http:\/\/www.denkfried.de\/wp\/index.php?rest_route=\/wp\/v2\/users\/9"}],"replies":[{"embeddable":true,"href":"http:\/\/www.denkfried.de\/wp\/index.php?rest_route=%2Fwp%2Fv2%2Fcomments&post=21468"}],"version-history":[{"count":24,"href":"http:\/\/www.denkfried.de\/wp\/index.php?rest_route=\/wp\/v2\/pages\/21468\/revisions"}],"predecessor-version":[{"id":39971,"href":"http:\/\/www.denkfried.de\/wp\/index.php?rest_route=\/wp\/v2\/pages\/21468\/revisions\/39971"}],"up":[{"embeddable":true,"href":"http:\/\/www.denkfried.de\/wp\/index.php?rest_route=\/wp\/v2\/pages\/15564"}],"wp:attachment":[{"href":"http:\/\/www.denkfried.de\/wp\/index.php?rest_route=%2Fwp%2Fv2%2Fmedia&parent=21468"}],"curies":[{"name":"wp","href":"https:\/\/api.w.org\/{rel}","templated":true}]}}