{"id":21450,"date":"2012-04-25T17:17:32","date_gmt":"2012-04-25T15:17:32","guid":{"rendered":"http:\/\/www.denkfried.de\/wp\/?page_id=21450"},"modified":"2015-12-27T21:01:57","modified_gmt":"2015-12-27T20:01:57","slug":"giesensdorf","status":"publish","type":"page","link":"http:\/\/www.denkfried.de\/wp\/?page_id=21450","title":{"rendered":"Giesensdorf"},"content":{"rendered":"<p>&nbsp;<\/p>\n<p><strong>Berlin-Giesensdorf<\/strong>, Ostpreu\u00dfendamm 64<\/p>\n<p>Giesensdorf wurde 1299 erstmals urkundlich erw\u00e4hnt. Das ehemalige Dorf und Rittergut, war seit 1878 ein Teil der Gemeinde Gro\u00df-Lichterfelde, ab 1920 zu Gro\u00df Berlin. Mit der Bebauung, wuchsen \u00a0Lichterfelde und Giesensdorf zusammen, die Ortsbezeichnung \u00a0Giesensdorf kam aus dem Sprachgebrauch.<\/p>\n<p>Bericht und Bilder von Thomas\u00a0<a href=\"http:\/\/g-bb.jimdo.com\/\">Gefallenendenkm\u00e4ler Berlin\/Brandenburg<\/a><\/p>\n<div id='gallery-1' class='gallery galleryid-21450 gallery-columns-3 gallery-size-thumbnail'><dl class='gallery-item'>\n\t\t\t<dt class='gallery-icon landscape'>\n\t\t\t\t<a href='http:\/\/www.denkfried.de\/wp\/?attachment_id=21457'><img loading=\"lazy\" decoding=\"async\" width=\"150\" height=\"150\" src=\"http:\/\/www.denkfried.de\/wp\/wp-content\/uploads\/2012\/04\/DSCF2018-150x150.jpg\" class=\"attachment-thumbnail size-thumbnail\" alt=\"\" \/><\/a>\n\t\t\t<\/dt><\/dl><dl class='gallery-item'>\n\t\t\t<dt class='gallery-icon landscape'>\n\t\t\t\t<a href='http:\/\/www.denkfried.de\/wp\/?attachment_id=21458'><img loading=\"lazy\" decoding=\"async\" width=\"150\" height=\"150\" src=\"http:\/\/www.denkfried.de\/wp\/wp-content\/uploads\/2012\/04\/DSCF2019-150x150.jpg\" class=\"attachment-thumbnail size-thumbnail\" alt=\"\" \/><\/a>\n\t\t\t<\/dt><\/dl><dl class='gallery-item'>\n\t\t\t<dt class='gallery-icon portrait'>\n\t\t\t\t<a href='http:\/\/www.denkfried.de\/wp\/?attachment_id=21456'><img loading=\"lazy\" decoding=\"async\" width=\"150\" height=\"150\" src=\"http:\/\/www.denkfried.de\/wp\/wp-content\/uploads\/2012\/04\/DSCF2012-150x150.jpg\" class=\"attachment-thumbnail size-thumbnail\" alt=\"\" \/><\/a>\n\t\t\t<\/dt><\/dl><br style=\"clear: both\" \/><dl class='gallery-item'>\n\t\t\t<dt class='gallery-icon landscape'>\n\t\t\t\t<a href='http:\/\/www.denkfried.de\/wp\/?attachment_id=21460'><img loading=\"lazy\" decoding=\"async\" width=\"150\" height=\"150\" src=\"http:\/\/www.denkfried.de\/wp\/wp-content\/uploads\/2012\/04\/DSCF2028-150x150.jpg\" class=\"attachment-thumbnail size-thumbnail\" alt=\"\" \/><\/a>\n\t\t\t<\/dt><\/dl><dl class='gallery-item'>\n\t\t\t<dt class='gallery-icon landscape'>\n\t\t\t\t<a href='http:\/\/www.denkfried.de\/wp\/?attachment_id=21459'><img loading=\"lazy\" decoding=\"async\" width=\"150\" height=\"150\" src=\"http:\/\/www.denkfried.de\/wp\/wp-content\/uploads\/2012\/04\/DSCF2026-150x150.jpg\" class=\"attachment-thumbnail size-thumbnail\" alt=\"\" \/><\/a>\n\t\t\t<\/dt><\/dl><dl class='gallery-item'>\n\t\t\t<dt class='gallery-icon landscape'>\n\t\t\t\t<a href='http:\/\/www.denkfried.de\/wp\/?attachment_id=21455'><img loading=\"lazy\" decoding=\"async\" width=\"150\" height=\"150\" src=\"http:\/\/www.denkfried.de\/wp\/wp-content\/uploads\/2012\/04\/DSCF20101-150x150.jpg\" class=\"attachment-thumbnail size-thumbnail\" alt=\"\" \/><\/a>\n\t\t\t<\/dt><\/dl><br style=\"clear: both\" \/><dl class='gallery-item'>\n\t\t\t<dt class='gallery-icon landscape'>\n\t\t\t\t<a href='http:\/\/www.denkfried.de\/wp\/?attachment_id=21461'><img loading=\"lazy\" decoding=\"async\" width=\"150\" height=\"150\" src=\"http:\/\/www.denkfried.de\/wp\/wp-content\/uploads\/2012\/04\/DSCF2029-150x150.jpg\" class=\"attachment-thumbnail size-thumbnail\" alt=\"\" \/><\/a>\n\t\t\t<\/dt><\/dl><dl class='gallery-item'>\n\t\t\t<dt class='gallery-icon landscape'>\n\t\t\t\t<a href='http:\/\/www.denkfried.de\/wp\/?attachment_id=21462'><img loading=\"lazy\" decoding=\"async\" width=\"150\" height=\"150\" src=\"http:\/\/www.denkfried.de\/wp\/wp-content\/uploads\/2012\/04\/DSCF2031-150x150.jpg\" class=\"attachment-thumbnail size-thumbnail\" alt=\"\" \/><\/a>\n\t\t\t<\/dt><\/dl>\n\t\t\t<br style='clear: both' \/>\n\t\t<\/div>\n\n<p><span style=\"text-decoration: underline;\"><strong>Kirchhof<\/strong><\/span><\/p>\n<p>Auf den alten Kirchhof befindet sich an der neu aufgebauten Dorfkirche, eine Anlage mit 31 Opfer des Zweiten Weltkrieges. Davon ist einer Unbekannt geblieben. An der Au\u00dfenmauer der alten Dorfkirche, die im Kampf um Berlin 1945 bis auf die Grundmauern ausbrannte. An der Wand steht nun ein Kreuz aus Stein, davor sind 3 Gedenkstelen mit den Namen und Daten der Toten. Es konnte noch ein Grab und ein privates Gedenken vom ersten Weltkrieg, sowie sieben private Gedenken, drei Gr\u00e4ber dokumentiert werden.<\/p>\n<p style=\"text-align: center;\"><em><strong>Den Opfern des Zweiten Weltkrieges<\/strong><\/em><\/p>\n<p><span style=\"text-decoration: underline;\"><strong>1813-15<\/strong><\/span><\/p>\n<p>Auf der anderen Stra\u00dfenseite des Kirchhofs, befindet sich das Gemeindehaus. An der Au\u00dfenwand ist eine Kanonenkugel eingelassen. Auf eine Tafel steht, das diese Kugel aus Gro\u00dfbeeren stammt. Pfarrer Mulzer fand sie, nach der Schlacht in Gro\u00dfbeeren.<\/p>\n<p>Die Namen wurden in die Datenbanken eingepflegt.<\/p>\n<p>&nbsp;<\/p>\n","protected":false},"excerpt":{"rendered":"<p>&nbsp; Berlin-Giesensdorf, Ostpreu\u00dfendamm 64 Giesensdorf wurde 1299 erstmals urkundlich erw\u00e4hnt. Das ehemalige Dorf und Rittergut, war seit 1878 ein Teil der Gemeinde Gro\u00df-Lichterfelde, ab 1920 zu Gro\u00df Berlin. Mit der Bebauung, wuchsen \u00a0Lichterfelde und Giesensdorf zusammen, die Ortsbezeichnung \u00a0Giesensdorf kam &hellip; <a href=\"http:\/\/www.denkfried.de\/wp\/?page_id=21450\">Weiterlesen <span class=\"meta-nav\">&rarr;<\/span><\/a><\/p>\n","protected":false},"author":9,"featured_media":0,"parent":15564,"menu_order":0,"comment_status":"closed","ping_status":"open","template":"","meta":{"footnotes":""},"class_list":["post-21450","page","type-page","status-publish","hentry"],"_links":{"self":[{"href":"http:\/\/www.denkfried.de\/wp\/index.php?rest_route=\/wp\/v2\/pages\/21450","targetHints":{"allow":["GET"]}}],"collection":[{"href":"http:\/\/www.denkfried.de\/wp\/index.php?rest_route=\/wp\/v2\/pages"}],"about":[{"href":"http:\/\/www.denkfried.de\/wp\/index.php?rest_route=\/wp\/v2\/types\/page"}],"author":[{"embeddable":true,"href":"http:\/\/www.denkfried.de\/wp\/index.php?rest_route=\/wp\/v2\/users\/9"}],"replies":[{"embeddable":true,"href":"http:\/\/www.denkfried.de\/wp\/index.php?rest_route=%2Fwp%2Fv2%2Fcomments&post=21450"}],"version-history":[{"count":15,"href":"http:\/\/www.denkfried.de\/wp\/index.php?rest_route=\/wp\/v2\/pages\/21450\/revisions"}],"predecessor-version":[{"id":39969,"href":"http:\/\/www.denkfried.de\/wp\/index.php?rest_route=\/wp\/v2\/pages\/21450\/revisions\/39969"}],"up":[{"embeddable":true,"href":"http:\/\/www.denkfried.de\/wp\/index.php?rest_route=\/wp\/v2\/pages\/15564"}],"wp:attachment":[{"href":"http:\/\/www.denkfried.de\/wp\/index.php?rest_route=%2Fwp%2Fv2%2Fmedia&parent=21450"}],"curies":[{"name":"wp","href":"https:\/\/api.w.org\/{rel}","templated":true}]}}