{"id":2133,"date":"2011-04-10T18:27:40","date_gmt":"2011-04-10T16:27:40","guid":{"rendered":"http:\/\/www.denkfried.de\/wp\/?page_id=2133"},"modified":"2011-04-10T18:59:04","modified_gmt":"2011-04-10T16:59:04","slug":"bukarest","status":"publish","type":"page","link":"http:\/\/www.denkfried.de\/wp\/?page_id=2133","title":{"rendered":"BUKAREST"},"content":{"rendered":"<p>&nbsp;<\/p>\n<p><strong>Bukarest<\/strong><\/p>\n<div id='gallery-1' class='gallery galleryid-2133 gallery-columns-3 gallery-size-thumbnail'><dl class='gallery-item'>\n\t\t\t<dt class='gallery-icon landscape'>\n\t\t\t\t<a href='http:\/\/www.denkfried.de\/wp\/?attachment_id=2151'><img loading=\"lazy\" decoding=\"async\" width=\"150\" height=\"150\" src=\"http:\/\/www.denkfried.de\/wp\/wp-content\/uploads\/2011\/04\/Karte-Bukarest1-150x150.jpg\" class=\"attachment-thumbnail size-thumbnail\" alt=\"\" \/><\/a>\n\t\t\t<\/dt><\/dl>\n\t\t\t<br style='clear: both' \/>\n\t\t<\/div>\n\n<p>Friedhof &#8222;Pro Patria&#8220;<\/p>\n<p>Der Friedhof wurde 1917\/18 angelegt. In den Gr\u00e4berparzellen und den 2 Gebeinh\u00e4usern ruhen Gefallene und Lazaretttote von 1917.<br \/>\nDas Ehrenmal tr\u00e4gt in f\u00fcnf Sprachen die Inschrift &#8220; Vaterland &#8211; ehre deine Helden&#8220;<br \/>\nDie Toten aus dem 2.Weltkrieg liegen in Einzel- und zwei Massengr\u00e4bern.<br \/>\n1.Weltkrieg: 2.292 Deutsche<br \/>\n2.Weltkrieg: 1.563 Deutsche<\/p>\n<p>Die Neugestaltung der Anlage wurde 1986 abgeschlossen.<\/p>\n<p>&nbsp;<\/p>\n<p>&nbsp;<\/p>\n","protected":false},"excerpt":{"rendered":"<p>&nbsp; Bukarest Friedhof &#8222;Pro Patria&#8220; Der Friedhof wurde 1917\/18 angelegt. In den Gr\u00e4berparzellen und den 2 Gebeinh\u00e4usern ruhen Gefallene und Lazaretttote von 1917. Das Ehrenmal tr\u00e4gt in f\u00fcnf Sprachen die Inschrift &#8220; Vaterland &#8211; ehre deine Helden&#8220; Die Toten aus &hellip; <a href=\"http:\/\/www.denkfried.de\/wp\/?page_id=2133\">Weiterlesen <span class=\"meta-nav\">&rarr;<\/span><\/a><\/p>\n","protected":false},"author":2,"featured_media":0,"parent":337,"menu_order":0,"comment_status":"closed","ping_status":"open","template":"","meta":{"footnotes":""},"class_list":["post-2133","page","type-page","status-publish","hentry"],"_links":{"self":[{"href":"http:\/\/www.denkfried.de\/wp\/index.php?rest_route=\/wp\/v2\/pages\/2133","targetHints":{"allow":["GET"]}}],"collection":[{"href":"http:\/\/www.denkfried.de\/wp\/index.php?rest_route=\/wp\/v2\/pages"}],"about":[{"href":"http:\/\/www.denkfried.de\/wp\/index.php?rest_route=\/wp\/v2\/types\/page"}],"author":[{"embeddable":true,"href":"http:\/\/www.denkfried.de\/wp\/index.php?rest_route=\/wp\/v2\/users\/2"}],"replies":[{"embeddable":true,"href":"http:\/\/www.denkfried.de\/wp\/index.php?rest_route=%2Fwp%2Fv2%2Fcomments&post=2133"}],"version-history":[{"count":9,"href":"http:\/\/www.denkfried.de\/wp\/index.php?rest_route=\/wp\/v2\/pages\/2133\/revisions"}],"predecessor-version":[{"id":2143,"href":"http:\/\/www.denkfried.de\/wp\/index.php?rest_route=\/wp\/v2\/pages\/2133\/revisions\/2143"}],"up":[{"embeddable":true,"href":"http:\/\/www.denkfried.de\/wp\/index.php?rest_route=\/wp\/v2\/pages\/337"}],"wp:attachment":[{"href":"http:\/\/www.denkfried.de\/wp\/index.php?rest_route=%2Fwp%2Fv2%2Fmedia&parent=2133"}],"curies":[{"name":"wp","href":"https:\/\/api.w.org\/{rel}","templated":true}]}}