{"id":2130,"date":"2011-04-10T18:20:55","date_gmt":"2011-04-10T16:20:55","guid":{"rendered":"http:\/\/www.denkfried.de\/wp\/?page_id=2130"},"modified":"2012-11-29T20:22:04","modified_gmt":"2012-11-29T19:22:04","slug":"braila","status":"publish","type":"page","link":"http:\/\/www.denkfried.de\/wp\/?page_id=2130","title":{"rendered":"Kreis BRAILA"},"content":{"rendered":"<p>&nbsp;<\/p>\n<p><span style=\"text-decoration: underline; color: #ff0000;\"><strong>Kreis Braila<\/strong><\/span><\/p>\n<p>Kriegsgr\u00e4berst\u00e4tte eingeweiht am 12.06.1993<br \/>\nHier sind bestattet:<br \/>\n1.Weltkrieg\u00a0 1.368 Deutsche davon 410 in Einzelgr\u00e4ber, 958 im Kameradengrab<br \/>\n2.Weltkrieg\u00a0 82 Deutsche in Einzelgr\u00e4ber<\/p>\n<ul>\n<li><strong>St\u00e4dte<\/strong><\/li>\n<\/ul>\n<ul>\n<li>Br\u0103ila<\/li>\n<li>F\u0103urei<\/li>\n<li>Ianca<\/li>\n<li>\u00censur\u0103\u021bei<\/li>\n<\/ul>\n<p>Insgesamt gibt es noch 144 weitere Ortschaften.<\/p>\n<ul>\n<li><a href=\"http:\/\/www.denkfried.de\/wp\/?page_id=27358\">\u00a0Gulianca<\/a><\/li>\n<\/ul>\n<p>&nbsp;<\/p>\n<p>&nbsp;<\/p>\n","protected":false},"excerpt":{"rendered":"<p>&nbsp; Kreis Braila Kriegsgr\u00e4berst\u00e4tte eingeweiht am 12.06.1993 Hier sind bestattet: 1.Weltkrieg\u00a0 1.368 Deutsche davon 410 in Einzelgr\u00e4ber, 958 im Kameradengrab 2.Weltkrieg\u00a0 82 Deutsche in Einzelgr\u00e4ber St\u00e4dte Br\u0103ila F\u0103urei Ianca \u00censur\u0103\u021bei Insgesamt gibt es noch 144 weitere Ortschaften. \u00a0Gulianca &nbsp; &nbsp;<\/p>\n","protected":false},"author":2,"featured_media":0,"parent":337,"menu_order":0,"comment_status":"closed","ping_status":"open","template":"","meta":{"footnotes":""},"class_list":["post-2130","page","type-page","status-publish","hentry"],"_links":{"self":[{"href":"http:\/\/www.denkfried.de\/wp\/index.php?rest_route=\/wp\/v2\/pages\/2130","targetHints":{"allow":["GET"]}}],"collection":[{"href":"http:\/\/www.denkfried.de\/wp\/index.php?rest_route=\/wp\/v2\/pages"}],"about":[{"href":"http:\/\/www.denkfried.de\/wp\/index.php?rest_route=\/wp\/v2\/types\/page"}],"author":[{"embeddable":true,"href":"http:\/\/www.denkfried.de\/wp\/index.php?rest_route=\/wp\/v2\/users\/2"}],"replies":[{"embeddable":true,"href":"http:\/\/www.denkfried.de\/wp\/index.php?rest_route=%2Fwp%2Fv2%2Fcomments&post=2130"}],"version-history":[{"count":8,"href":"http:\/\/www.denkfried.de\/wp\/index.php?rest_route=\/wp\/v2\/pages\/2130\/revisions"}],"predecessor-version":[{"id":27367,"href":"http:\/\/www.denkfried.de\/wp\/index.php?rest_route=\/wp\/v2\/pages\/2130\/revisions\/27367"}],"up":[{"embeddable":true,"href":"http:\/\/www.denkfried.de\/wp\/index.php?rest_route=\/wp\/v2\/pages\/337"}],"wp:attachment":[{"href":"http:\/\/www.denkfried.de\/wp\/index.php?rest_route=%2Fwp%2Fv2%2Fmedia&parent=2130"}],"curies":[{"name":"wp","href":"https:\/\/api.w.org\/{rel}","templated":true}]}}