{"id":21232,"date":"2012-04-17T20:37:30","date_gmt":"2012-04-17T18:37:30","guid":{"rendered":"http:\/\/www.denkfried.de\/wp\/?page_id=21232"},"modified":"2015-11-22T19:02:35","modified_gmt":"2015-11-22T18:02:35","slug":"speziallager-3","status":"publish","type":"page","link":"http:\/\/www.denkfried.de\/wp\/?page_id=21232","title":{"rendered":"Speziallager 3"},"content":{"rendered":"<p>&nbsp;<\/p>\n<p><strong>Berlin-Hohensch\u00f6nhausen<\/strong> St\u00e4dtischer Friedhof, G\u00e4rtner Stra\u00dfe 7<\/p>\n<p>Bericht und Bilder von Thomas\u00a0<a href=\"http:\/\/g-bb.jimdo.com\/\">Gefallenendenkm\u00e4ler Berlin\/Brandenburg<\/a><\/p>\n<div id='gallery-1' class='gallery galleryid-21232 gallery-columns-3 gallery-size-thumbnail'><dl class='gallery-item'>\n\t\t\t<dt class='gallery-icon landscape'>\n\t\t\t\t<a href='http:\/\/www.denkfried.de\/wp\/?attachment_id=21234'><img loading=\"lazy\" decoding=\"async\" width=\"150\" height=\"150\" src=\"http:\/\/www.denkfried.de\/wp\/wp-content\/uploads\/2012\/04\/DSCF2147-150x150.jpg\" class=\"attachment-thumbnail size-thumbnail\" alt=\"\" \/><\/a>\n\t\t\t<\/dt><\/dl><dl class='gallery-item'>\n\t\t\t<dt class='gallery-icon landscape'>\n\t\t\t\t<a href='http:\/\/www.denkfried.de\/wp\/?attachment_id=21238'><img loading=\"lazy\" decoding=\"async\" width=\"150\" height=\"150\" src=\"http:\/\/www.denkfried.de\/wp\/wp-content\/uploads\/2012\/04\/DSCF2360-150x150.jpg\" class=\"attachment-thumbnail size-thumbnail\" alt=\"\" \/><\/a>\n\t\t\t<\/dt><\/dl><dl class='gallery-item'>\n\t\t\t<dt class='gallery-icon landscape'>\n\t\t\t\t<a href='http:\/\/www.denkfried.de\/wp\/?attachment_id=21236'><img loading=\"lazy\" decoding=\"async\" width=\"150\" height=\"150\" src=\"http:\/\/www.denkfried.de\/wp\/wp-content\/uploads\/2012\/04\/DSCF2152-150x150.jpg\" class=\"attachment-thumbnail size-thumbnail\" alt=\"\" \/><\/a>\n\t\t\t<\/dt><\/dl><br style=\"clear: both\" \/><dl class='gallery-item'>\n\t\t\t<dt class='gallery-icon landscape'>\n\t\t\t\t<a href='http:\/\/www.denkfried.de\/wp\/?attachment_id=21235'><img loading=\"lazy\" decoding=\"async\" width=\"150\" height=\"150\" src=\"http:\/\/www.denkfried.de\/wp\/wp-content\/uploads\/2012\/04\/DSCF2150-150x150.jpg\" class=\"attachment-thumbnail size-thumbnail\" alt=\"\" \/><\/a>\n\t\t\t<\/dt><\/dl><dl class='gallery-item'>\n\t\t\t<dt class='gallery-icon landscape'>\n\t\t\t\t<a href='http:\/\/www.denkfried.de\/wp\/?attachment_id=21237'><img loading=\"lazy\" decoding=\"async\" width=\"150\" height=\"150\" src=\"http:\/\/www.denkfried.de\/wp\/wp-content\/uploads\/2012\/04\/DSCF2153-150x150.jpg\" class=\"attachment-thumbnail size-thumbnail\" alt=\"\" \/><\/a>\n\t\t\t<\/dt><\/dl>\n\t\t\t<br style='clear: both' \/>\n\t\t<\/div>\n\n<p>Am Eingang ist ein H\u00f6lzerner &#8222;Irrweg&#8220;, Eine Gedenkplatte zu Erkl\u00e4rung und es steht gro\u00df <strong>DenkOrt<\/strong> am Eingang. Auf dem Friedhof ist ein Grabanlage, hier wurde 127 Tote begraben.<\/p>\n<p><span style=\"text-decoration: underline;\"><strong>Inschrift:<\/strong><\/span><\/p>\n<p>Unweit dieses Ortes an der -Genslerstra\u00dfe 66- befand sich von Mai 1945 bis Oktober 1946 das sowjetische Speziallager Nr. 3 des Volkskommissariats f\u00fcr innere Angelegenheiten (NKWD). In dieser Zeit waren dort etwa 20.000 Menschen inhaftiert. Bislang ist nicht bekannt, wie viele von ihnen an den Folgen der Haftbedingungen, an Krankheit und Hunger starben.<\/p>\n<p>Ihre Zahl wird auf mindestens eintausend bis mehrere Tausend gesch\u00e4tzt. Die Toten wurden damals in unmittelbarer N\u00e4he des Lagers an unbezeichneten Stellen vergraben.<\/p>\n<p>Die bei den ersten Suchgrabungen aufgefundenen Reste der Gebeine von 127 \u00a0Toten wurden am 24. Oktober 1995 auf diesem Friedhof bestattet.<\/p>\n<p>Berlin Oktober 1998<\/p>\n<p><span style=\"text-decoration: underline;\"><strong>Gr\u00e4berfeld<\/strong><\/span><\/p>\n<p>Die Gr\u00e4beranlage auf dem Friedhof besteht aus mehreren Gedenksteinen, ein Stein mit einer Tafel steht am Wegesrand.<\/p>\n<address style=\"text-align: center;\"><em><strong>Den Toten des Speziallagers Nr. 3<\/strong><\/em><\/address>\n<address style=\"text-align: center;\"><em><strong>des sowjetischen Geheimdienstes<\/strong><\/em><\/address>\n<address style=\"text-align: center;\"><em><strong>NKWD<\/strong><\/em><\/address>\n<address style=\"text-align: center;\"><em><strong>Berlin-Hohensch\u00f6nhausen 1945-46<\/strong><\/em><\/address>\n<address style=\"text-align: center;\"><em><strong>24.10.1995<\/strong><\/em><\/address>\n<address style=\"text-align: center;\">\u00a0<\/address>\n<p>Informationen zum Museum des Lager, unter <em><a href=\"http:\/\/www.stiftung-hsh.de\/\">Stiftung Gedenkst\u00e4tte Berlin-Hohensch\u00f6nhausen.<\/a><\/em><\/p>\n<p>&nbsp;<\/p>\n<p>&nbsp;<\/p>\n","protected":false},"excerpt":{"rendered":"<p>&nbsp; Berlin-Hohensch\u00f6nhausen St\u00e4dtischer Friedhof, G\u00e4rtner Stra\u00dfe 7 Bericht und Bilder von Thomas\u00a0Gefallenendenkm\u00e4ler Berlin\/Brandenburg Am Eingang ist ein H\u00f6lzerner &#8222;Irrweg&#8220;, Eine Gedenkplatte zu Erkl\u00e4rung und es steht gro\u00df DenkOrt am Eingang. Auf dem Friedhof ist ein Grabanlage, hier wurde 127 Tote &hellip; <a href=\"http:\/\/www.denkfried.de\/wp\/?page_id=21232\">Weiterlesen <span class=\"meta-nav\">&rarr;<\/span><\/a><\/p>\n","protected":false},"author":9,"featured_media":0,"parent":21219,"menu_order":0,"comment_status":"closed","ping_status":"open","template":"","meta":{"footnotes":""},"class_list":["post-21232","page","type-page","status-publish","hentry"],"_links":{"self":[{"href":"http:\/\/www.denkfried.de\/wp\/index.php?rest_route=\/wp\/v2\/pages\/21232","targetHints":{"allow":["GET"]}}],"collection":[{"href":"http:\/\/www.denkfried.de\/wp\/index.php?rest_route=\/wp\/v2\/pages"}],"about":[{"href":"http:\/\/www.denkfried.de\/wp\/index.php?rest_route=\/wp\/v2\/types\/page"}],"author":[{"embeddable":true,"href":"http:\/\/www.denkfried.de\/wp\/index.php?rest_route=\/wp\/v2\/users\/9"}],"replies":[{"embeddable":true,"href":"http:\/\/www.denkfried.de\/wp\/index.php?rest_route=%2Fwp%2Fv2%2Fcomments&post=21232"}],"version-history":[{"count":9,"href":"http:\/\/www.denkfried.de\/wp\/index.php?rest_route=\/wp\/v2\/pages\/21232\/revisions"}],"predecessor-version":[{"id":39508,"href":"http:\/\/www.denkfried.de\/wp\/index.php?rest_route=\/wp\/v2\/pages\/21232\/revisions\/39508"}],"up":[{"embeddable":true,"href":"http:\/\/www.denkfried.de\/wp\/index.php?rest_route=\/wp\/v2\/pages\/21219"}],"wp:attachment":[{"href":"http:\/\/www.denkfried.de\/wp\/index.php?rest_route=%2Fwp%2Fv2%2Fmedia&parent=21232"}],"curies":[{"name":"wp","href":"https:\/\/api.w.org\/{rel}","templated":true}]}}