{"id":2119,"date":"2011-04-10T18:09:12","date_gmt":"2011-04-10T16:09:12","guid":{"rendered":"http:\/\/www.denkfried.de\/wp\/?page_id=2119"},"modified":"2011-04-10T18:10:14","modified_gmt":"2011-04-10T16:10:14","slug":"werchnij-bischkin","status":"publish","type":"page","link":"http:\/\/www.denkfried.de\/wp\/?page_id=2119","title":{"rendered":"WERCHNIJ BISCHKIN"},"content":{"rendered":"<p>&nbsp;<\/p>\n<p><span style=\"text-decoration: underline; color: #ff0000;\"><strong>Werchnij Bischkin<\/strong><\/span><\/p>\n<p>2 Feldgr\u00e4ber<\/p>\n<p>Es  ist unverst\u00e4ndlich das J.Beierlein auf der Kriegsgr\u00e4berst\u00e4tte Charkow  beigesetzt wurde und H.Kirstein als &#8222;nicht geborgen&#8220; bezeichnet wird  obwohl die Gr\u00e4ber nebeneinander lagen.<\/p>\n<p>Quelle: Foto von Hantsch<\/p>\n<div id='gallery-1' class='gallery galleryid-2119 gallery-columns-3 gallery-size-thumbnail'><dl class='gallery-item'>\n\t\t\t<dt class='gallery-icon landscape'>\n\t\t\t\t<a href='http:\/\/www.denkfried.de\/wp\/?attachment_id=2123'><img loading=\"lazy\" decoding=\"async\" width=\"150\" height=\"150\" src=\"http:\/\/www.denkfried.de\/wp\/wp-content\/uploads\/2011\/04\/zwei_graeber1-150x150.jpg\" class=\"attachment-thumbnail size-thumbnail\" alt=\"\" \/><\/a>\n\t\t\t<\/dt><\/dl>\n\t\t\t<br style='clear: both' \/>\n\t\t<\/div>\n\n","protected":false},"excerpt":{"rendered":"<p>&nbsp; Werchnij Bischkin 2 Feldgr\u00e4ber Es ist unverst\u00e4ndlich das J.Beierlein auf der Kriegsgr\u00e4berst\u00e4tte Charkow beigesetzt wurde und H.Kirstein als &#8222;nicht geborgen&#8220; bezeichnet wird obwohl die Gr\u00e4ber nebeneinander lagen. Quelle: Foto von Hantsch<\/p>\n","protected":false},"author":2,"featured_media":0,"parent":340,"menu_order":0,"comment_status":"closed","ping_status":"open","template":"","meta":{"footnotes":""},"class_list":["post-2119","page","type-page","status-publish","hentry"],"_links":{"self":[{"href":"http:\/\/www.denkfried.de\/wp\/index.php?rest_route=\/wp\/v2\/pages\/2119","targetHints":{"allow":["GET"]}}],"collection":[{"href":"http:\/\/www.denkfried.de\/wp\/index.php?rest_route=\/wp\/v2\/pages"}],"about":[{"href":"http:\/\/www.denkfried.de\/wp\/index.php?rest_route=\/wp\/v2\/types\/page"}],"author":[{"embeddable":true,"href":"http:\/\/www.denkfried.de\/wp\/index.php?rest_route=\/wp\/v2\/users\/2"}],"replies":[{"embeddable":true,"href":"http:\/\/www.denkfried.de\/wp\/index.php?rest_route=%2Fwp%2Fv2%2Fcomments&post=2119"}],"version-history":[{"count":3,"href":"http:\/\/www.denkfried.de\/wp\/index.php?rest_route=\/wp\/v2\/pages\/2119\/revisions"}],"predecessor-version":[{"id":2124,"href":"http:\/\/www.denkfried.de\/wp\/index.php?rest_route=\/wp\/v2\/pages\/2119\/revisions\/2124"}],"up":[{"embeddable":true,"href":"http:\/\/www.denkfried.de\/wp\/index.php?rest_route=\/wp\/v2\/pages\/340"}],"wp:attachment":[{"href":"http:\/\/www.denkfried.de\/wp\/index.php?rest_route=%2Fwp%2Fv2%2Fmedia&parent=2119"}],"curies":[{"name":"wp","href":"https:\/\/api.w.org\/{rel}","templated":true}]}}