{"id":2116,"date":"2011-04-10T18:04:53","date_gmt":"2011-04-10T16:04:53","guid":{"rendered":"http:\/\/www.denkfried.de\/wp\/?page_id=2116"},"modified":"2011-04-10T18:04:53","modified_gmt":"2011-04-10T16:04:53","slug":"smolensk","status":"publish","type":"page","link":"http:\/\/www.denkfried.de\/wp\/?page_id=2116","title":{"rendered":"SMOLENSK"},"content":{"rendered":"<p>&nbsp;<\/p>\n<p><span style=\"text-decoration: underline; color: #ff0000;\"><strong>214000 &#8211; 214040 Smolensk<\/strong><\/span><\/p>\n<p>Kriegsgr\u00e4berst\u00e4tte: Smolensk\/Nishnjaja-Dubrowenka\u00a0 \u00a0 \u00a0 \u00a0 \u00a0 \u00a0Ru\u00dfland\/Smolensk-Nishnjaja Dubrowinka<br \/>\nEinweihung\u00a0 \u00a0 15.06.2002<br \/>\nBestattete<\/p>\n<p>Smolensk  ist eine Stadt die im Westen an Wei\u00dfrussland grenzt. Die Stadt liegt am  Flu\u00df Dnepr. Bis 1939 geh\u00f6rte die Stadt noch zu Wei\u00dfrussland.<br \/>\nIn der  Kesselschlacht bei Smolensk im Sp\u00e4tsommer 1941 wurde die Stadt besetzt  und fast vollst\u00e4ndig zerst\u00f6rt. Tausende Bewohner der Stadt kamen ums  Leben oder wurden zwischen 1941 und 1943 zur Zwangsarbeit nach  Deutschland verbracht.<br \/>\nDie Rote Armee eroberte 1943 die Stadt zur\u00fcck und Teile der Stadt wurden wieder originalgetreu aufgebaut.<br \/>\nSomlensk ist Partnerstadt von Hagen.<\/p>\n<p>Die  deutsche Kriegsgr\u00e4berst\u00e4tte Smolensk liegt acht Kilometer westlich der  Stadt an der Stadt nach Witebsk im Vorort Nishnjaja-Dubrowenka.<br \/>\nBei  dem etwa vier Hektar gro\u00dfen Gel\u00e4nde handelte es sich um den ehemaligen,  von der Wehrmacht angelegten &#8222;Waldfriedhof&#8220;. Hier sind nach den dem  Volksbund vorliegenden Verlustmeldungen rund 4.500 deutsche Soldaten  bestattet. 1996 wurde das stark bewaldete Gel\u00e4nde ausgelichtet und ein  Gro\u00dfteil der B\u00e4ume gerodet.<br \/>\nBei den Ausbauarbeiten, die 1997  begannen, wurden das alte Denkmal und die Einfassungsmauern des  Gedenkplatzes renoviert. Die Frontseite des Friedhofes erhielt ihren  Abschlu\u00df durch eine Natursteinmauer und gemauerte Pfosten mit  dazwischengeh\u00e4ngten schmiedeeisernen Gittern. Au\u00dferdem wurde der  Eingangsbereich durch einen Pflasterweg mit dem Denkmal verbunden.<br \/>\n4.500 Namen sind auf Granitstelen am Gedenkplatz verewigt worden.<br \/>\nIn  Smolensk gab es noch mindestens 15 weitere von der Wehrmacht angelegten  Soldatenfriedh\u00f6fe, auf denen etwa 9.000 deutsche Soldaten bestattet  waren.<br \/>\nDie Soldatenfriedh\u00f6fe\u00a0 &#8222;an den Narwa-Kasernen&#8220;, &#8222;Smolensk  Nord&#8220; und &#8222;Smolensk-S\u00fcd&#8220;, die im heutigen Stadtgebiet liegen sind  \u00fcberbaut. Allerdings hatte die Wehrmacht bereits w\u00e4hrend des Krieges  Umbettungen von diesem Friedh\u00f6fen zum Waldfriedhof vorgenommen.<br \/>\n(Info VDK)<\/p>\n","protected":false},"excerpt":{"rendered":"<p>&nbsp; 214000 &#8211; 214040 Smolensk Kriegsgr\u00e4berst\u00e4tte: Smolensk\/Nishnjaja-Dubrowenka\u00a0 \u00a0 \u00a0 \u00a0 \u00a0 \u00a0Ru\u00dfland\/Smolensk-Nishnjaja Dubrowinka Einweihung\u00a0 \u00a0 15.06.2002 Bestattete Smolensk ist eine Stadt die im Westen an Wei\u00dfrussland grenzt. Die Stadt liegt am Flu\u00df Dnepr. Bis 1939 geh\u00f6rte die Stadt noch zu &hellip; <a href=\"http:\/\/www.denkfried.de\/wp\/?page_id=2116\">Weiterlesen <span class=\"meta-nav\">&rarr;<\/span><\/a><\/p>\n","protected":false},"author":2,"featured_media":0,"parent":340,"menu_order":0,"comment_status":"closed","ping_status":"open","template":"","meta":{"footnotes":""},"class_list":["post-2116","page","type-page","status-publish","hentry"],"_links":{"self":[{"href":"http:\/\/www.denkfried.de\/wp\/index.php?rest_route=\/wp\/v2\/pages\/2116","targetHints":{"allow":["GET"]}}],"collection":[{"href":"http:\/\/www.denkfried.de\/wp\/index.php?rest_route=\/wp\/v2\/pages"}],"about":[{"href":"http:\/\/www.denkfried.de\/wp\/index.php?rest_route=\/wp\/v2\/types\/page"}],"author":[{"embeddable":true,"href":"http:\/\/www.denkfried.de\/wp\/index.php?rest_route=\/wp\/v2\/users\/2"}],"replies":[{"embeddable":true,"href":"http:\/\/www.denkfried.de\/wp\/index.php?rest_route=%2Fwp%2Fv2%2Fcomments&post=2116"}],"version-history":[{"count":2,"href":"http:\/\/www.denkfried.de\/wp\/index.php?rest_route=\/wp\/v2\/pages\/2116\/revisions"}],"predecessor-version":[{"id":2118,"href":"http:\/\/www.denkfried.de\/wp\/index.php?rest_route=\/wp\/v2\/pages\/2116\/revisions\/2118"}],"up":[{"embeddable":true,"href":"http:\/\/www.denkfried.de\/wp\/index.php?rest_route=\/wp\/v2\/pages\/340"}],"wp:attachment":[{"href":"http:\/\/www.denkfried.de\/wp\/index.php?rest_route=%2Fwp%2Fv2%2Fmedia&parent=2116"}],"curies":[{"name":"wp","href":"https:\/\/api.w.org\/{rel}","templated":true}]}}