{"id":2104,"date":"2011-04-10T17:26:52","date_gmt":"2011-04-10T15:26:52","guid":{"rendered":"http:\/\/www.denkfried.de\/wp\/?page_id=2104"},"modified":"2011-04-10T17:26:52","modified_gmt":"2011-04-10T15:26:52","slug":"sankt-petersburg","status":"publish","type":"page","link":"http:\/\/www.denkfried.de\/wp\/?page_id=2104","title":{"rendered":"SANKT PETERSBURG"},"content":{"rendered":"<p>&nbsp;<\/p>\n<p><span style=\"text-decoration: underline; color: #ff0000;\"><strong>Sankt Petersburg<\/strong><\/span><br \/>\nehemals Leningrad<\/p>\n<p>Kriegsgr\u00e4berst\u00e4tte Sologubowka\u00a0 \u00a0Einweihung am 09.09.2000\u00a0 \u00a0 \u00a0mit 36.377 Toten<br \/>\nSt. Petersburg &#8211; die N\u00f6rdliche, die Zweite, die Kulturhauptstadt Russlands, die n\u00f6rdlichste Millionenstadt der Welt.<br \/>\nDie fast 900t\u00e4gige Blockade w\u00e4hrte von September 1941 bis Januar 1944. Ihr fielen weit mehr als eine Million Menschen zum Opfer.<\/p>\n<p>Die  meisten starben an Hunger, denn im Winter 1941\/42 sank die Brotration  auf 125 Gramm pro Tag. Hinzu kam eine unertr\u00e4gliche K\u00e4lte von bis zu 40  Grad Frost. Die Strom- und Wasserversorgung brach zusammen, der  \u00f6ffentliche Verkehr kam zum Erliegen. Die Stadt verwandelte sich in eine  Eisw\u00fcste.<br \/>\nDie Stadt \u00fcberlebte, trotzte allen Widrigkeiten.<\/p>\n","protected":false},"excerpt":{"rendered":"<p>&nbsp; Sankt Petersburg ehemals Leningrad Kriegsgr\u00e4berst\u00e4tte Sologubowka\u00a0 \u00a0Einweihung am 09.09.2000\u00a0 \u00a0 \u00a0mit 36.377 Toten St. Petersburg &#8211; die N\u00f6rdliche, die Zweite, die Kulturhauptstadt Russlands, die n\u00f6rdlichste Millionenstadt der Welt. Die fast 900t\u00e4gige Blockade w\u00e4hrte von September 1941 bis Januar 1944. &hellip; <a href=\"http:\/\/www.denkfried.de\/wp\/?page_id=2104\">Weiterlesen <span class=\"meta-nav\">&rarr;<\/span><\/a><\/p>\n","protected":false},"author":2,"featured_media":0,"parent":340,"menu_order":0,"comment_status":"closed","ping_status":"open","template":"","meta":{"footnotes":""},"class_list":["post-2104","page","type-page","status-publish","hentry"],"_links":{"self":[{"href":"http:\/\/www.denkfried.de\/wp\/index.php?rest_route=\/wp\/v2\/pages\/2104","targetHints":{"allow":["GET"]}}],"collection":[{"href":"http:\/\/www.denkfried.de\/wp\/index.php?rest_route=\/wp\/v2\/pages"}],"about":[{"href":"http:\/\/www.denkfried.de\/wp\/index.php?rest_route=\/wp\/v2\/types\/page"}],"author":[{"embeddable":true,"href":"http:\/\/www.denkfried.de\/wp\/index.php?rest_route=\/wp\/v2\/users\/2"}],"replies":[{"embeddable":true,"href":"http:\/\/www.denkfried.de\/wp\/index.php?rest_route=%2Fwp%2Fv2%2Fcomments&post=2104"}],"version-history":[{"count":3,"href":"http:\/\/www.denkfried.de\/wp\/index.php?rest_route=\/wp\/v2\/pages\/2104\/revisions"}],"predecessor-version":[{"id":2107,"href":"http:\/\/www.denkfried.de\/wp\/index.php?rest_route=\/wp\/v2\/pages\/2104\/revisions\/2107"}],"up":[{"embeddable":true,"href":"http:\/\/www.denkfried.de\/wp\/index.php?rest_route=\/wp\/v2\/pages\/340"}],"wp:attachment":[{"href":"http:\/\/www.denkfried.de\/wp\/index.php?rest_route=%2Fwp%2Fv2%2Fmedia&parent=2104"}],"curies":[{"name":"wp","href":"https:\/\/api.w.org\/{rel}","templated":true}]}}