{"id":2098,"date":"2011-04-10T17:23:55","date_gmt":"2011-04-10T15:23:55","guid":{"rendered":"http:\/\/www.denkfried.de\/wp\/?page_id=2098"},"modified":"2011-04-10T17:23:55","modified_gmt":"2011-04-10T15:23:55","slug":"rschew","status":"publish","type":"page","link":"http:\/\/www.denkfried.de\/wp\/?page_id=2098","title":{"rendered":"RSCHEW"},"content":{"rendered":"<p>&nbsp;<\/p>\n<p><span style=\"text-decoration: underline; color: #ff0000;\"><strong>172380-172391 Rschew<\/strong><\/span><br \/>\nOblast Twer<\/p>\n<p>Kriegsgr\u00e4berst\u00e4tte<br \/>\nEinweihung:\u00a0 \u00a028.09.2002<br \/>\nBestattete:<\/p>\n<p>Rshew liegt ca.200 km westlich von Moskau am Oberlauf der Wolga.<br \/>\nIm  Zweiten Weltkrieg wurde die Stadt am 14.Oktober 1941 von der deutschen  Wehrmacht besetzt und wurde \u00fcber 16 Monate umk\u00e4mpft wobei es eine  Million Opfer auf beiden Seiten zu beklagen sind.<br \/>\nVom Sp\u00e4tsommer bis  Ende 1942 kam von deutscher Seite die Panzerdivision &#8222;Gro\u00dfdeutschland&#8220;  zum Einsatz, denen jedoch der Vorsto\u00df nach Moskau nicht gelang.<br \/>\nAm  3.M\u00e4rz 1943 wurde die Stadt durch die Rote Armee zur\u00fcckerobert. W\u00e4hrend  der K\u00e4mpfe wurde die Stadt vollst\u00e4ndig zerst\u00f6rt. W\u00e4hrend der deutschen  Besetzung wurde ein gro\u00dfer Teil der Bev\u00f6lkerung in Arbeitslager  deportiert und 9.000 Personen starben im Stadtzentrum errichtete  Konzentrationslager.<\/p>\n<p>Seit 1996 laufen die Bem\u00fchungen zum Bau eines Sammelfriedhofes im Bereich der Stadt.<br \/>\n1997  stand dann der Standort fest, die Ausbauplanung f\u00fcr die drei Hektar  gro\u00dfe Anlage wurde im gleichen Jahr abgeschlossen. Leider wurde dann der  Baubeginn durch Gegner des Projekts zwei Jahre lang verhindert.<br \/>\nDurch  die Stadtverwaltung, die dem Projekt von Beginn an positiv  gegen\u00fcberstand, konnte 1999 der Druchbruch geschafft und mit den  Bauarbeiten begonnen werden. Auf der gegen\u00fcberliegenden Stra\u00dfenseite  wurde eine russische Kriegsgr\u00e4berst\u00e4tte mit Unterst\u00fctzung des  Volksbundes und der des &#8222;Kuratoriums Rshew&#8220;, einer Vereinigung von  deutschen Kriegsteilnehmern, die in Rshew eingesetzt waren, errichtet.  Trotz massiver Behinderung insbesondere der Umbettungsarbeiten fand die  Einweihung der beiden Anlagen am 28.September 2002 statt.<br \/>\nParallel zu  den baulichen Arbeiten wurden von dem Umbettungsdienst die ersten  Exhumierungen von ca.1.100 deutschen Soldaten aus 10 Orten des Bezirkes  Rshew vorgenommen. Einige der bisher eingebetteten und identifizierten  Toten sind namentlich auf einer Natursteinstele am Gr\u00e4berblock zu  finden.<\/p>\n","protected":false},"excerpt":{"rendered":"<p>&nbsp; 172380-172391 Rschew Oblast Twer Kriegsgr\u00e4berst\u00e4tte Einweihung:\u00a0 \u00a028.09.2002 Bestattete: Rshew liegt ca.200 km westlich von Moskau am Oberlauf der Wolga. Im Zweiten Weltkrieg wurde die Stadt am 14.Oktober 1941 von der deutschen Wehrmacht besetzt und wurde \u00fcber 16 Monate umk\u00e4mpft &hellip; <a href=\"http:\/\/www.denkfried.de\/wp\/?page_id=2098\">Weiterlesen <span class=\"meta-nav\">&rarr;<\/span><\/a><\/p>\n","protected":false},"author":2,"featured_media":0,"parent":340,"menu_order":0,"comment_status":"closed","ping_status":"open","template":"","meta":{"footnotes":""},"class_list":["post-2098","page","type-page","status-publish","hentry"],"_links":{"self":[{"href":"http:\/\/www.denkfried.de\/wp\/index.php?rest_route=\/wp\/v2\/pages\/2098","targetHints":{"allow":["GET"]}}],"collection":[{"href":"http:\/\/www.denkfried.de\/wp\/index.php?rest_route=\/wp\/v2\/pages"}],"about":[{"href":"http:\/\/www.denkfried.de\/wp\/index.php?rest_route=\/wp\/v2\/types\/page"}],"author":[{"embeddable":true,"href":"http:\/\/www.denkfried.de\/wp\/index.php?rest_route=\/wp\/v2\/users\/2"}],"replies":[{"embeddable":true,"href":"http:\/\/www.denkfried.de\/wp\/index.php?rest_route=%2Fwp%2Fv2%2Fcomments&post=2098"}],"version-history":[{"count":2,"href":"http:\/\/www.denkfried.de\/wp\/index.php?rest_route=\/wp\/v2\/pages\/2098\/revisions"}],"predecessor-version":[{"id":2100,"href":"http:\/\/www.denkfried.de\/wp\/index.php?rest_route=\/wp\/v2\/pages\/2098\/revisions\/2100"}],"up":[{"embeddable":true,"href":"http:\/\/www.denkfried.de\/wp\/index.php?rest_route=\/wp\/v2\/pages\/340"}],"wp:attachment":[{"href":"http:\/\/www.denkfried.de\/wp\/index.php?rest_route=%2Fwp%2Fv2%2Fmedia&parent=2098"}],"curies":[{"name":"wp","href":"https:\/\/api.w.org\/{rel}","templated":true}]}}