{"id":2086,"date":"2011-04-10T17:19:03","date_gmt":"2011-04-10T15:19:03","guid":{"rendered":"http:\/\/www.denkfried.de\/wp\/?page_id=2086"},"modified":"2011-04-10T17:19:03","modified_gmt":"2011-04-10T15:19:03","slug":"petschenga","status":"publish","type":"page","link":"http:\/\/www.denkfried.de\/wp\/?page_id=2086","title":{"rendered":"PETSCHENGA"},"content":{"rendered":"<p>&nbsp;<\/p>\n<p><span style=\"text-decoration: underline; color: #ff0000;\"><strong>184410 Petschenga<\/strong><\/span><br \/>\nOblast Murmansk<\/p>\n<p>Petschenga (Parkkina\/Petsamo)\u00a0 \u00a0 \u00a0 \u00a0 \u00a0 \u00a0 \u00a0 \u00a0 \u00a0 \u00a0 \u00a0 \u00a0 \u00a0 \u00a0 \u00a0 Ru\u00dfland\/Petschenga-Parkkina &#8211; KGST<br \/>\nKriegsgr\u00e4berst\u00e4tte<br \/>\nEinweihung:\u00a0 \u00a0 25.08.2000<br \/>\nBestattete<\/p>\n<p>Petschenga ist eine Siedlung st\u00e4dtischen Typs im \u00e4u\u00dfersten Westen Russlands und grenzt an Finnland und Norwegen.<br \/>\nDer Ort wurde 1920 im &#8222;Frieden von Dorpat&#8220; von Russland an Finnland abgetreten.<br \/>\n(Frieden v.Dorpat: Vertrag geschlossen in Tartu, Anerkennung Sowjetru\u00dfland&#8217;s der Unabh\u00e4ngigkeit Finnlands u.Estlands)<br \/>\n1940: Beendigung 105 Tage Winterkrieg zwischen Sowjetunion und Finnland<br \/>\n21.03.1940-  Ratifizierung des Vertrages &#8222;Frieden v.Moskau&#8220;, Finnland mu\u00dfte  Karelien, Salla u.die Fischerhalbinsel an die SU abtreten um seine  Unabh\u00e4ngigkeit zu behalten.<br \/>\nNach der Besetzung Norwegens durch  Deutschland stellte Petschenga (finn.Petsamo) einen wichtigen  Knotenpunkt f\u00fcr die Versorgung der Wehrmacht und ein wichtiger  St\u00fctzpunkt der Luftwaffe dar. Von hier wurden Luftangriffe auf Murmansk  geflogen und der Hafen Murmansk war Umschlagsplatz f\u00fcr den Nachschub ins  kampfgebiet Mittelrusslands.<br \/>\nAm 19.September 1944 trat Finnland Petschenga an die SU ab.<\/p>\n<p>Die  etwa 7,6 Hektar gro\u00dfe Kriegsgr\u00e4berst\u00e4tte der damaligen &#8222;Eismeerfront&#8220;  liegt rund 200 Kilometer nordwestlich der Stadt Murmansk, etwa 60 km  Kilomter s\u00fcd\u00f6stl von Kirkenes\/Norwegen, am nord\u00f6stl.Rande der Gemeinde  Petschenga am gleichnamigen Fluss.<br \/>\nHier haben etwa 8.000 deutsche  Gefallene ihre letzte Ruhest\u00e4tte erhalten. Nach dem Zerfall der  Sowjetunion und drastischer Reduzierung der russischen Streitkr\u00e4fte ist  es 1999 gelungen, das im Besitz des Milit\u00e4rs befindliche Gel\u00e4nde  herauszul\u00f6sen. Noch im gleichen Jahr wurde die Planung zur  Wiederherrichtung des Friedhofes eingeleitet und mit Instandsetzungen  begonnen.<br \/>\nDer Ausbau endete im August 2000, die namentliche  Kennzeichnung erfolgte im Jahr 2001. Beiderseits des zentralen Weges  wurden auf 23 Granitstelen 5.975 Namen verewigt.<\/p>\n","protected":false},"excerpt":{"rendered":"<p>&nbsp; 184410 Petschenga Oblast Murmansk Petschenga (Parkkina\/Petsamo)\u00a0 \u00a0 \u00a0 \u00a0 \u00a0 \u00a0 \u00a0 \u00a0 \u00a0 \u00a0 \u00a0 \u00a0 \u00a0 \u00a0 \u00a0 Ru\u00dfland\/Petschenga-Parkkina &#8211; KGST Kriegsgr\u00e4berst\u00e4tte Einweihung:\u00a0 \u00a0 25.08.2000 Bestattete Petschenga ist eine Siedlung st\u00e4dtischen Typs im \u00e4u\u00dfersten Westen Russlands und &hellip; <a href=\"http:\/\/www.denkfried.de\/wp\/?page_id=2086\">Weiterlesen <span class=\"meta-nav\">&rarr;<\/span><\/a><\/p>\n","protected":false},"author":2,"featured_media":0,"parent":340,"menu_order":0,"comment_status":"closed","ping_status":"open","template":"","meta":{"footnotes":""},"class_list":["post-2086","page","type-page","status-publish","hentry"],"_links":{"self":[{"href":"http:\/\/www.denkfried.de\/wp\/index.php?rest_route=\/wp\/v2\/pages\/2086","targetHints":{"allow":["GET"]}}],"collection":[{"href":"http:\/\/www.denkfried.de\/wp\/index.php?rest_route=\/wp\/v2\/pages"}],"about":[{"href":"http:\/\/www.denkfried.de\/wp\/index.php?rest_route=\/wp\/v2\/types\/page"}],"author":[{"embeddable":true,"href":"http:\/\/www.denkfried.de\/wp\/index.php?rest_route=\/wp\/v2\/users\/2"}],"replies":[{"embeddable":true,"href":"http:\/\/www.denkfried.de\/wp\/index.php?rest_route=%2Fwp%2Fv2%2Fcomments&post=2086"}],"version-history":[{"count":2,"href":"http:\/\/www.denkfried.de\/wp\/index.php?rest_route=\/wp\/v2\/pages\/2086\/revisions"}],"predecessor-version":[{"id":2088,"href":"http:\/\/www.denkfried.de\/wp\/index.php?rest_route=\/wp\/v2\/pages\/2086\/revisions\/2088"}],"up":[{"embeddable":true,"href":"http:\/\/www.denkfried.de\/wp\/index.php?rest_route=\/wp\/v2\/pages\/340"}],"wp:attachment":[{"href":"http:\/\/www.denkfried.de\/wp\/index.php?rest_route=%2Fwp%2Fv2%2Fmedia&parent=2086"}],"curies":[{"name":"wp","href":"https:\/\/api.w.org\/{rel}","templated":true}]}}