{"id":2070,"date":"2011-04-10T16:56:26","date_gmt":"2011-04-10T14:56:26","guid":{"rendered":"http:\/\/www.denkfried.de\/wp\/?page_id=2070"},"modified":"2011-04-10T17:03:19","modified_gmt":"2011-04-10T15:03:19","slug":"korostyn","status":"publish","type":"page","link":"http:\/\/www.denkfried.de\/wp\/?page_id=2070","title":{"rendered":"KOROSTYN"},"content":{"rendered":"<p>&nbsp;<\/p>\n<p><span style=\"text-decoration: underline; color: #ff0000;\"><strong>Korostyn<\/strong><\/span><\/p>\n<p>Man  verl\u00e4sst die Stadt Nowgorod in s\u00fcdwestlicher Richtung nach Schimsk  (etwa 48 km). Hier biegt man links ab in Richtung S\u00fcdosten nach Staraja  Russa. Nach weiteren 20 km folgt man geradeaus der etwas schmaleren  Stra\u00dfe nach Korostyn. Man durchquert den Ort und biegt gegen\u00fcber der  rechter Hand liegenden Kirche auf den Parkplatz des Soldatenfriedhofes  ein.<\/p>\n<p>Auf der deutschen Kriegsgr\u00e4berst\u00e4tte Korostyn, die hoch \u00fcber  dem Ufer des Ilmensees nahe der Kirche liegt, wurden im Zweiten  Weltkrieg in zwei Gr\u00e4berbl\u00f6cken mindestens 1.357 deutsche Soldaten in  Einzelgr\u00e4berns bestattet. Das Gr\u00e4berfeld wurde sp\u00e4ter eingeebnet und war  nur noch als Grasfl\u00e4che vorhanden. Der Volksbund gestaltete 1996\/97 das  Gel\u00e4nde g\u00e4rtnerisch neu. So wurde der Friedhof mit einer  Natursteinmauer eingefasst und ein gepflasterter Gedenkplatz mit  Hochkreuz angelegt.<br \/>\nAuf Granittafeln sind die Namen in alphabetischer  Reihenfolge verewigt. Au\u00dferdem wurden auf dem mit Rasen begr\u00fcnten  Gr\u00e4berfeld Symbolkreuzgruppen aufgestellt. Birkenbewuchs bindet den  Friedhof harmonisch in die Landschaft ein.<\/p>\n<p>Die Kriegsgr\u00e4berst\u00e4tte wurde am 13.September 1997 eingeweiht.<\/p>\n","protected":false},"excerpt":{"rendered":"<p>&nbsp; Korostyn Man verl\u00e4sst die Stadt Nowgorod in s\u00fcdwestlicher Richtung nach Schimsk (etwa 48 km). Hier biegt man links ab in Richtung S\u00fcdosten nach Staraja Russa. Nach weiteren 20 km folgt man geradeaus der etwas schmaleren Stra\u00dfe nach Korostyn. Man &hellip; <a href=\"http:\/\/www.denkfried.de\/wp\/?page_id=2070\">Weiterlesen <span class=\"meta-nav\">&rarr;<\/span><\/a><\/p>\n","protected":false},"author":2,"featured_media":0,"parent":340,"menu_order":0,"comment_status":"closed","ping_status":"open","template":"","meta":{"footnotes":""},"class_list":["post-2070","page","type-page","status-publish","hentry"],"_links":{"self":[{"href":"http:\/\/www.denkfried.de\/wp\/index.php?rest_route=\/wp\/v2\/pages\/2070","targetHints":{"allow":["GET"]}}],"collection":[{"href":"http:\/\/www.denkfried.de\/wp\/index.php?rest_route=\/wp\/v2\/pages"}],"about":[{"href":"http:\/\/www.denkfried.de\/wp\/index.php?rest_route=\/wp\/v2\/types\/page"}],"author":[{"embeddable":true,"href":"http:\/\/www.denkfried.de\/wp\/index.php?rest_route=\/wp\/v2\/users\/2"}],"replies":[{"embeddable":true,"href":"http:\/\/www.denkfried.de\/wp\/index.php?rest_route=%2Fwp%2Fv2%2Fcomments&post=2070"}],"version-history":[{"count":4,"href":"http:\/\/www.denkfried.de\/wp\/index.php?rest_route=\/wp\/v2\/pages\/2070\/revisions"}],"predecessor-version":[{"id":2073,"href":"http:\/\/www.denkfried.de\/wp\/index.php?rest_route=\/wp\/v2\/pages\/2070\/revisions\/2073"}],"up":[{"embeddable":true,"href":"http:\/\/www.denkfried.de\/wp\/index.php?rest_route=\/wp\/v2\/pages\/340"}],"wp:attachment":[{"href":"http:\/\/www.denkfried.de\/wp\/index.php?rest_route=%2Fwp%2Fv2%2Fmedia&parent=2070"}],"curies":[{"name":"wp","href":"https:\/\/api.w.org\/{rel}","templated":true}]}}