{"id":2064,"date":"2011-04-11T22:12:26","date_gmt":"2011-04-11T20:12:26","guid":{"rendered":"http:\/\/www.denkfried.de\/wp\/?page_id=2064"},"modified":"2011-08-22T12:23:43","modified_gmt":"2011-08-22T10:23:43","slug":"kaliningrad","status":"publish","type":"page","link":"http:\/\/www.denkfried.de\/wp\/?page_id=2064","title":{"rendered":"KALININGRAD"},"content":{"rendered":"<p>Gebiet Kaliningrad ehem.Ostpreu\u00dfen<\/p>\n<p>Kriegsgr\u00e4ber des Ersten Welkrieges<\/p>\n<p>Birkenm\u00fchle\u00a0 \u00a0 \u00a0 \u00a0 \u00a070 Deutsche\u00a0 \u00a0 \u00a0 \u00a0 \u00a0 \u00a0 60 Russen<br \/>\nBreitenstein\u00a0 \u00a0 \u00a0 \u00a0 \u00a083 Deutsche\u00a0 \u00a0 \u00a0 \u00a0 \u00a0 \u00a0 \u00a08 Russen<br \/>\nEydkau\u00a0 \u00a0 \u00a0 \u00a0 \u00a0 \u00a0 \u00a0 \u00a077 Deutsche\u00a0 \u00a0 \u00a0 \u00a0 \u00a0 \u00a0 26 Russen<br \/>\nGeorgenburg\u00a0 \u00a0 \u00a0 \u00a0 Anzahl unbekannt<br \/>\nGerdauen II\u00a0 \u00a0 \u00a0 \u00a0 120 Deutsche\u00a0 \u00a0 \u00a0 \u00a0 \u00a0 \u00a030 Russen<br \/>\nGoritten\u00a0 \u00a0 \u00a0 \u00a0 \u00a0 \u00a0 \u00a0196 Deutsche\u00a0 \u00a0 \u00a0 \u00a0 \u00a0601 Russen<br \/>\nGross Dagesen\u00a0 \u00a0 \u00a0 79 Deutsche\u00a0 \u00a0 \u00a0 \u00a0 \u00a0121 Russen<br \/>\nGross Waltersdorf\u00a0 41 Deutsche\u00a0 \u00a0 \u00a0 \u00a0 \u00a0 \u00a020 Russen<br \/>\nGr\u00fcnweiden\u00a0 \u00a0 \u00a0 \u00a0 \u00a0 30 Deutsche\u00a0 \u00a0 \u00a0 \u00a0 \u00a0 \u00a019 Russen<br \/>\nGumbinnen\u00a0 \u00a0 \u00a0 \u00a0 \u00a0 339 Deutsche\u00a0 \u00a0 \u00a0 \u00a0 \u00a0142 Russen<br \/>\nHaselgrund\u00a0 \u00a0 \u00a0 \u00a0 \u00a0 \u00a011 Deutsche\u00a0 \u00a0 \u00a0 \u00a0 \u00a0 \u00a011 Russen<br \/>\nHasselberg\u00a0 \u00a0 \u00a0 \u00a0 \u00a0 128 Deutsche\u00a0 \u00a0 \u00a0 \u00a0 \u00a0157 Russen<br \/>\nKassuben\u00a0 \u00a0 \u00a0 \u00a0 \u00a0 \u00a0 \u00a077 Deutsche\u00a0 \u00a0 \u00a0 \u00a0 \u00a0 \u00a066 Russen<br \/>\nKauschen\u00a0 \u00a0 \u00a0 \u00a0 \u00a0 \u00a0 \u00a066 Deutsche<br \/>\nKlein Baitschen\u00a0 \u00a0 \u00a0 25 Deutsche\u00a0 \u00a0 \u00a0 \u00a0 \u00a0 \u00a0 3 Russen<br \/>\nKowarren\u00a0 \u00a0 \u00a0 \u00a0 \u00a0 \u00a0 189 Deutsche\u00a0 \u00a0 \u00a0 \u00a0 \u00a0204 Russen<br \/>\nKrussin\u00a0 \u00a0 \u00a0 \u00a0 \u00a0 \u00a0 \u00a0 \u00a0170 Deutsche\u00a0 \u00a0 \u00a0 \u00a0 \u00a0 \u00a0 9 Russen<br \/>\nNettinen\u00a0 \u00a0 \u00a0 \u00a0 \u00a0 \u00a0 \u00a0 \u00a0Anzahl unbekannt<br \/>\nRauhdorf\u00a0 \u00a0 \u00a0 \u00a0 \u00a0 \u00a0 \u00a0 34 Deutsche\u00a0 \u00a0 \u00a0 \u00a0 \u00a0 \u00a011 Russen<br \/>\nRosslinde\u00a0 \u00a0 \u00a0 \u00a0 \u00a0 \u00a0 \u00a0115 Deutsche\u00a0 \u00a0 \u00a0 \u00a0 \u00a0199 Russen<\/p>\n<p>______________________________________________<\/p>\n<p><span style=\"text-decoration: underline;\"><strong>236000\u2013236042 Kaliningrad<\/strong><\/span>\u00a0 (K\u00f6nigsberg)<\/p>\n<p><span style=\"font-family: Arial,Helvetica,Geneva,Sans-serif,sans-serif;\">In den Bombenn\u00e4chten des August 1944 brannte die gesamte Innenstadt K\u00f6nigsbergs nieder &#8211; mit ihr auch das Schlo\u00df. Es war einst das Wahrzeichen von K\u00f6nigsberg. Die Ruine des Schlo\u00dfes blieb stehen. 1969 wurde diese Ruine dann auf Gehei\u00df des damaligen russischen Parteichefs Leonid Iljitsch Breschnew gesprengt.<\/span><\/p>\n<p><span style=\"font-family: Arial,Helvetica,Geneva,Sans-serif,sans-serif;\">K\u00f6nigsberg wurde am 4. Juli 1946 umbenannt. <\/span><\/p>\n<p><span style=\"font-family: Arial,Helvetica,Geneva,Sans-serif,sans-serif;\">Kalinin war Mitbegr\u00fcnder und Redakteur der \u201cPrawda\u201d und sp\u00e4ter 2. Pr\u00e4sident der UDSSR.<span style=\"font-family: Arial,Helvetica,Geneva,Sans-serif,sans-serif;\">Von ihm hat K\u00f6nigsberg seinen heutigen Namen, <\/span>er ist 1946 verstorben.<\/span><\/p>\n<p><span style=\"font-family: Arial,Helvetica,Geneva,Sans-serif,sans-serif;\">Alle Kirchen wurden nach dem Krieg von den Russen zerst\u00f6rt. <\/span><\/p>\n<p>23 Friedh\u00f6fe der Stadt, auf denen die K\u00f6nigsberger w\u00e4hrend des Krieges oder der Nachkriegskriegszeit bestattet wurden, sind eingeebnet worden.<\/p>\n<p><span style=\"font-family: Arial,Helvetica,Geneva,Sans-serif,sans-serif;\">Die Kirche\u00a0 des heiligen Nikolaus wurde in den 80-iger Jahren wieder aufgebaut. Vor ihr steht ein Hochkreuz als Erinnerung an die Toten der Stadt.<\/span><\/p>\n<p><a title=\"Russland-aktuell\" href=\"http:\/\/www.kaliningrad.aktuell.ru\/kaliningrad\/im_gebiet\/kaliningrad_nachricht_nach_60_jahren_47.html\">Klick<\/a><\/p>\n<p>&nbsp;<\/p>\n<p>&nbsp;<\/p>\n<p>&nbsp;<\/p>\n<p>&nbsp;<\/p>\n","protected":false},"excerpt":{"rendered":"<p>Gebiet Kaliningrad ehem.Ostpreu\u00dfen Kriegsgr\u00e4ber des Ersten Welkrieges Birkenm\u00fchle\u00a0 \u00a0 \u00a0 \u00a0 \u00a070 Deutsche\u00a0 \u00a0 \u00a0 \u00a0 \u00a0 \u00a0 60 Russen Breitenstein\u00a0 \u00a0 \u00a0 \u00a0 \u00a083 Deutsche\u00a0 \u00a0 \u00a0 \u00a0 \u00a0 \u00a0 \u00a08 Russen Eydkau\u00a0 \u00a0 \u00a0 \u00a0 \u00a0 \u00a0 \u00a0 &hellip; <a href=\"http:\/\/www.denkfried.de\/wp\/?page_id=2064\">Weiterlesen <span class=\"meta-nav\">&rarr;<\/span><\/a><\/p>\n","protected":false},"author":2,"featured_media":0,"parent":340,"menu_order":0,"comment_status":"closed","ping_status":"open","template":"","meta":{"footnotes":""},"class_list":["post-2064","page","type-page","status-publish","hentry"],"_links":{"self":[{"href":"http:\/\/www.denkfried.de\/wp\/index.php?rest_route=\/wp\/v2\/pages\/2064","targetHints":{"allow":["GET"]}}],"collection":[{"href":"http:\/\/www.denkfried.de\/wp\/index.php?rest_route=\/wp\/v2\/pages"}],"about":[{"href":"http:\/\/www.denkfried.de\/wp\/index.php?rest_route=\/wp\/v2\/types\/page"}],"author":[{"embeddable":true,"href":"http:\/\/www.denkfried.de\/wp\/index.php?rest_route=\/wp\/v2\/users\/2"}],"replies":[{"embeddable":true,"href":"http:\/\/www.denkfried.de\/wp\/index.php?rest_route=%2Fwp%2Fv2%2Fcomments&post=2064"}],"version-history":[{"count":5,"href":"http:\/\/www.denkfried.de\/wp\/index.php?rest_route=\/wp\/v2\/pages\/2064\/revisions"}],"predecessor-version":[{"id":10884,"href":"http:\/\/www.denkfried.de\/wp\/index.php?rest_route=\/wp\/v2\/pages\/2064\/revisions\/10884"}],"up":[{"embeddable":true,"href":"http:\/\/www.denkfried.de\/wp\/index.php?rest_route=\/wp\/v2\/pages\/340"}],"wp:attachment":[{"href":"http:\/\/www.denkfried.de\/wp\/index.php?rest_route=%2Fwp%2Fv2%2Fmedia&parent=2064"}],"curies":[{"name":"wp","href":"https:\/\/api.w.org\/{rel}","templated":true}]}}