{"id":20605,"date":"2012-04-07T17:58:10","date_gmt":"2012-04-07T15:58:10","guid":{"rendered":"http:\/\/www.denkfried.de\/wp\/?page_id=20605"},"modified":"2012-04-07T17:59:36","modified_gmt":"2012-04-07T15:59:36","slug":"regendorf","status":"publish","type":"page","link":"http:\/\/www.denkfried.de\/wp\/?page_id=20605","title":{"rendered":"Regendorf"},"content":{"rendered":"<p>&nbsp;<\/p>\n<p><span style=\"text-decoration: underline;\"><strong>93197 Zeitlarn-Regendorf<\/strong><\/span><\/p>\n<p>Gedenkst\u00e4tte vor der Kirche. Symbolisches,hohes Kreuz f\u00fcr die Gefallenen des ersten Weltkrieges. In der Kreuzmitte ein bayerischer L\u00f6wenkopf, darunter eine Beerdigungsszene mit Soldaten. Am Fu\u00df des Kreuzes eine Abschiedsszene.Die Inschrift lautet:<\/p>\n<p><em><strong>&#8222;Unseren in den Jahren 1914-1918 f\u00fcr das Vaterland Gefallenen zu Ehre und Gedenken&#8220;.<\/strong><\/em><\/p>\n<p>Daneben an der Mauer eine Gedenkst\u00e4tte mit zwei Namentafeln, in der Mitte den auferstehenden Christus. Die Inschrift lautet:<\/p>\n<p><em><strong>&#8222;Es wird erschallen die Posaune und die Toten werden unverweslich auferstehen&#8220;.<\/strong><\/em><\/p>\n<p>Text: Hubert<div id='gallery-1' class='gallery galleryid-20605 gallery-columns-4 gallery-size-thumbnail'><dl class='gallery-item'>\n\t\t\t<dt class='gallery-icon portrait'>\n\t\t\t\t<a href='http:\/\/www.denkfried.de\/wp\/?attachment_id=20607'><img loading=\"lazy\" decoding=\"async\" width=\"150\" height=\"150\" src=\"http:\/\/www.denkfried.de\/wp\/wp-content\/uploads\/2012\/04\/Kriegerdenkmal-Regendorf-001-150x150.jpg\" class=\"attachment-thumbnail size-thumbnail\" alt=\"\" \/><\/a>\n\t\t\t<\/dt><\/dl><dl class='gallery-item'>\n\t\t\t<dt class='gallery-icon landscape'>\n\t\t\t\t<a href='http:\/\/www.denkfried.de\/wp\/?attachment_id=20608'><img loading=\"lazy\" decoding=\"async\" width=\"150\" height=\"150\" src=\"http:\/\/www.denkfried.de\/wp\/wp-content\/uploads\/2012\/04\/Kriegerdenkmal-Regendorf-002-150x150.jpg\" class=\"attachment-thumbnail size-thumbnail\" alt=\"\" \/><\/a>\n\t\t\t<\/dt><\/dl><dl class='gallery-item'>\n\t\t\t<dt class='gallery-icon portrait'>\n\t\t\t\t<a href='http:\/\/www.denkfried.de\/wp\/?attachment_id=20609'><img loading=\"lazy\" decoding=\"async\" width=\"150\" height=\"150\" src=\"http:\/\/www.denkfried.de\/wp\/wp-content\/uploads\/2012\/04\/Kriegerdenkmal-Regendorf-003-150x150.jpg\" class=\"attachment-thumbnail size-thumbnail\" alt=\"\" \/><\/a>\n\t\t\t<\/dt><\/dl><dl class='gallery-item'>\n\t\t\t<dt class='gallery-icon landscape'>\n\t\t\t\t<a href='http:\/\/www.denkfried.de\/wp\/?attachment_id=20610'><img loading=\"lazy\" decoding=\"async\" width=\"150\" height=\"150\" src=\"http:\/\/www.denkfried.de\/wp\/wp-content\/uploads\/2012\/04\/Kriegerdenkmal-Regendorf-004-150x150.jpg\" class=\"attachment-thumbnail size-thumbnail\" alt=\"\" \/><\/a>\n\t\t\t<\/dt><\/dl><br style=\"clear: both\" \/>\n\t\t<\/div>\n<\/p>\n","protected":false},"excerpt":{"rendered":"<p>&nbsp; 93197 Zeitlarn-Regendorf Gedenkst\u00e4tte vor der Kirche. Symbolisches,hohes Kreuz f\u00fcr die Gefallenen des ersten Weltkrieges. In der Kreuzmitte ein bayerischer L\u00f6wenkopf, darunter eine Beerdigungsszene mit Soldaten. Am Fu\u00df des Kreuzes eine Abschiedsszene.Die Inschrift lautet: &#8222;Unseren in den Jahren 1914-1918 f\u00fcr &hellip; <a href=\"http:\/\/www.denkfried.de\/wp\/?page_id=20605\">Weiterlesen <span class=\"meta-nav\">&rarr;<\/span><\/a><\/p>\n","protected":false},"author":7,"featured_media":0,"parent":18465,"menu_order":0,"comment_status":"closed","ping_status":"open","template":"","meta":{"footnotes":""},"class_list":["post-20605","page","type-page","status-publish","hentry"],"_links":{"self":[{"href":"http:\/\/www.denkfried.de\/wp\/index.php?rest_route=\/wp\/v2\/pages\/20605","targetHints":{"allow":["GET"]}}],"collection":[{"href":"http:\/\/www.denkfried.de\/wp\/index.php?rest_route=\/wp\/v2\/pages"}],"about":[{"href":"http:\/\/www.denkfried.de\/wp\/index.php?rest_route=\/wp\/v2\/types\/page"}],"author":[{"embeddable":true,"href":"http:\/\/www.denkfried.de\/wp\/index.php?rest_route=\/wp\/v2\/users\/7"}],"replies":[{"embeddable":true,"href":"http:\/\/www.denkfried.de\/wp\/index.php?rest_route=%2Fwp%2Fv2%2Fcomments&post=20605"}],"version-history":[{"count":3,"href":"http:\/\/www.denkfried.de\/wp\/index.php?rest_route=\/wp\/v2\/pages\/20605\/revisions"}],"predecessor-version":[{"id":20611,"href":"http:\/\/www.denkfried.de\/wp\/index.php?rest_route=\/wp\/v2\/pages\/20605\/revisions\/20611"}],"up":[{"embeddable":true,"href":"http:\/\/www.denkfried.de\/wp\/index.php?rest_route=\/wp\/v2\/pages\/18465"}],"wp:attachment":[{"href":"http:\/\/www.denkfried.de\/wp\/index.php?rest_route=%2Fwp%2Fv2%2Fmedia&parent=20605"}],"curies":[{"name":"wp","href":"https:\/\/api.w.org\/{rel}","templated":true}]}}