{"id":2033,"date":"2011-04-10T16:39:13","date_gmt":"2011-04-10T14:39:13","guid":{"rendered":"http:\/\/www.denkfried.de\/wp\/?page_id=2033"},"modified":"2018-10-10T10:42:23","modified_gmt":"2018-10-10T08:42:23","slug":"plzen","status":"publish","type":"page","link":"http:\/\/www.denkfried.de\/wp\/?page_id=2033","title":{"rendered":"PLZEN"},"content":{"rendered":"<p><a href=\"http:\/\/www.denkfried.de\/wp\/?attachment_id=2034\" rel=\"attachment wp-att-2034\"><img loading=\"lazy\" decoding=\"async\" class=\"alignleft size-full wp-image-2034\" title=\"Plzen\" src=\"http:\/\/www.denkfried.de\/wp\/wp-content\/uploads\/2011\/04\/Plzen.jpg\" alt=\"\" width=\"71\" height=\"123\" \/><\/a><\/p>\n<p>&nbsp;<\/p>\n<p><span style=\"text-decoration: underline; color: #ff0000;\"><strong>301 00 Plzen<\/strong><\/span> deutsch: Pilsen<\/p>\n<p>Kriegsgr\u00e4berst\u00e4tte auf dem zentralen Friedhof<br \/>\nEinweihung: \u00a020.09.1997<br \/>\n2.Weltkrieg: \u00a0585 Deutsche<\/p>\n<p>Auf dem Friedhof war von der deutschen Kriegsgr\u00e4beranlage nur noch ein schmaler Rasenstreifen vorhanden.<br \/>\nDie Herrichtung des Gr\u00e4berfeldes erfolgte 1997. Ein kleiner Weg aus Natursteinpflaster f\u00fchrt zu einem Granithochkreuz.<br \/>\nDie Namen der Soldaten und Zivilkriegsopfer stehen auf Bronzegusstafeln.<\/p>\n<p>&nbsp;<\/p>\n<p>Anbei Bilder des Gr\u00e4berfeldes vom 05.10.2018 mit neu angelegten Bronzetafeln f\u00fcr die namentliche Nennung der hier zur Ruhe gebetteten deutschen Soldaten.<\/p>\n<p>Koordinaten : N\u00b0 49.44.875\u00a0 O\u00b0 13.25.711<\/p>\n<div id='gallery-1' class='gallery galleryid-2033 gallery-columns-4 gallery-size-thumbnail'><dl class='gallery-item'>\n\t\t\t<dt class='gallery-icon landscape'>\n\t\t\t\t<a href='http:\/\/www.denkfried.de\/wp\/?attachment_id=2035'><img loading=\"lazy\" decoding=\"async\" width=\"150\" height=\"150\" src=\"http:\/\/www.denkfried.de\/wp\/wp-content\/uploads\/2011\/04\/Plzen-1-150x150.jpg\" class=\"attachment-thumbnail size-thumbnail\" alt=\"\" \/><\/a>\n\t\t\t<\/dt><\/dl><dl class='gallery-item'>\n\t\t\t<dt class='gallery-icon landscape'>\n\t\t\t\t<a href='http:\/\/www.denkfried.de\/wp\/?attachment_id=41678'><img loading=\"lazy\" decoding=\"async\" width=\"150\" height=\"150\" src=\"http:\/\/www.denkfried.de\/wp\/wp-content\/uploads\/2018\/10\/Pilsen-Tschech.2.W.K.603-deutsch.Sold_.-1-150x150.jpg\" class=\"attachment-thumbnail size-thumbnail\" alt=\"\" \/><\/a>\n\t\t\t<\/dt><\/dl><dl class='gallery-item'>\n\t\t\t<dt class='gallery-icon portrait'>\n\t\t\t\t<a href='http:\/\/www.denkfried.de\/wp\/?attachment_id=41681'><img loading=\"lazy\" decoding=\"async\" width=\"150\" height=\"150\" src=\"http:\/\/www.denkfried.de\/wp\/wp-content\/uploads\/2018\/10\/Pilsen-Tschech.2.W.K.603-deutsch.Sold_.-10-150x150.jpg\" class=\"attachment-thumbnail size-thumbnail\" alt=\"\" \/><\/a>\n\t\t\t<\/dt><\/dl><dl class='gallery-item'>\n\t\t\t<dt class='gallery-icon portrait'>\n\t\t\t\t<a href='http:\/\/www.denkfried.de\/wp\/?attachment_id=41680'><img loading=\"lazy\" decoding=\"async\" width=\"150\" height=\"150\" src=\"http:\/\/www.denkfried.de\/wp\/wp-content\/uploads\/2018\/10\/Pilsen-Tschech.2.W.K.603-deutsch.Sold_.-4-150x150.jpg\" class=\"attachment-thumbnail size-thumbnail\" alt=\"\" \/><\/a>\n\t\t\t<\/dt><\/dl><br style=\"clear: both\" \/><dl class='gallery-item'>\n\t\t\t<dt class='gallery-icon landscape'>\n\t\t\t\t<a href='http:\/\/www.denkfried.de\/wp\/?attachment_id=41685'><img loading=\"lazy\" decoding=\"async\" width=\"150\" height=\"150\" src=\"http:\/\/www.denkfried.de\/wp\/wp-content\/uploads\/2018\/10\/Pilsen-Tschech.2.W.K.603-deutsch.Sold_.-18-150x150.jpg\" class=\"attachment-thumbnail size-thumbnail\" alt=\"\" \/><\/a>\n\t\t\t<\/dt><\/dl><dl class='gallery-item'>\n\t\t\t<dt class='gallery-icon landscape'>\n\t\t\t\t<a href='http:\/\/www.denkfried.de\/wp\/?attachment_id=41689'><img loading=\"lazy\" decoding=\"async\" width=\"150\" height=\"150\" src=\"http:\/\/www.denkfried.de\/wp\/wp-content\/uploads\/2018\/10\/Pilsen-Russ.Denkmal-2.W.K.05.10.2018-2-150x150.jpg\" class=\"attachment-thumbnail size-thumbnail\" alt=\"\" \/><\/a>\n\t\t\t<\/dt><\/dl><dl class='gallery-item'>\n\t\t\t<dt class='gallery-icon portrait'>\n\t\t\t\t<a href='http:\/\/www.denkfried.de\/wp\/?attachment_id=41683'><img loading=\"lazy\" decoding=\"async\" width=\"150\" height=\"150\" src=\"http:\/\/www.denkfried.de\/wp\/wp-content\/uploads\/2018\/10\/Pilsen-Tschech.2.W.K.603-deutsch.Sold_.-16-150x150.jpg\" class=\"attachment-thumbnail size-thumbnail\" alt=\"\" \/><\/a>\n\t\t\t<\/dt><\/dl><dl class='gallery-item'>\n\t\t\t<dt class='gallery-icon portrait'>\n\t\t\t\t<a href='http:\/\/www.denkfried.de\/wp\/?attachment_id=41682'><img loading=\"lazy\" decoding=\"async\" width=\"150\" height=\"150\" src=\"http:\/\/www.denkfried.de\/wp\/wp-content\/uploads\/2018\/10\/Pilsen-Tschech.2.W.K.603-deutsch.Sold_.-11-150x150.jpg\" class=\"attachment-thumbnail size-thumbnail\" alt=\"\" \/><\/a>\n\t\t\t<\/dt><\/dl><br style=\"clear: both\" \/><dl class='gallery-item'>\n\t\t\t<dt class='gallery-icon landscape'>\n\t\t\t\t<a href='http:\/\/www.denkfried.de\/wp\/?attachment_id=41686'><img loading=\"lazy\" decoding=\"async\" width=\"150\" height=\"150\" src=\"http:\/\/www.denkfried.de\/wp\/wp-content\/uploads\/2018\/10\/Pilsen-Tschech.2.W.K.603-deutsch.Sold_.-19-150x150.jpg\" class=\"attachment-thumbnail size-thumbnail\" alt=\"\" \/><\/a>\n\t\t\t<\/dt><\/dl><dl class='gallery-item'>\n\t\t\t<dt class='gallery-icon landscape'>\n\t\t\t\t<a href='http:\/\/www.denkfried.de\/wp\/?attachment_id=41687'><img loading=\"lazy\" decoding=\"async\" width=\"150\" height=\"150\" src=\"http:\/\/www.denkfried.de\/wp\/wp-content\/uploads\/2018\/10\/Pilsen-Tschech.2.W.K.603-deutsch.Sold_.-20-150x150.jpg\" class=\"attachment-thumbnail size-thumbnail\" alt=\"\" \/><\/a>\n\t\t\t<\/dt><\/dl><dl class='gallery-item'>\n\t\t\t<dt class='gallery-icon landscape'>\n\t\t\t\t<a href='http:\/\/www.denkfried.de\/wp\/?attachment_id=41688'><img loading=\"lazy\" decoding=\"async\" width=\"150\" height=\"150\" src=\"http:\/\/www.denkfried.de\/wp\/wp-content\/uploads\/2018\/10\/Pilsen-Russ.Denkmal-2.W.K.05.10.2018-1-150x150.jpg\" class=\"attachment-thumbnail size-thumbnail\" alt=\"\" \/><\/a>\n\t\t\t<\/dt><\/dl><dl class='gallery-item'>\n\t\t\t<dt class='gallery-icon landscape'>\n\t\t\t\t<a href='http:\/\/www.denkfried.de\/wp\/?attachment_id=41684'><img loading=\"lazy\" decoding=\"async\" width=\"150\" height=\"150\" src=\"http:\/\/www.denkfried.de\/wp\/wp-content\/uploads\/2018\/10\/Pilsen-Tschech.2.W.K.603-deutsch.Sold_.-17-150x150.jpg\" class=\"attachment-thumbnail size-thumbnail\" alt=\"\" \/><\/a>\n\t\t\t<\/dt><\/dl><br style=\"clear: both\" \/><dl class='gallery-item'>\n\t\t\t<dt class='gallery-icon portrait'>\n\t\t\t\t<a href='http:\/\/www.denkfried.de\/wp\/?attachment_id=41679'><img loading=\"lazy\" decoding=\"async\" width=\"150\" height=\"150\" src=\"http:\/\/www.denkfried.de\/wp\/wp-content\/uploads\/2018\/10\/Pilsen-Tschech.2.W.K.603-deutsch.Sold_.-3-150x150.jpg\" class=\"attachment-thumbnail size-thumbnail\" alt=\"\" \/><\/a>\n\t\t\t<\/dt><\/dl>\n\t\t\t<br style='clear: both' \/>\n\t\t<\/div>\n\n<p>&nbsp;<\/p>\n<p>Gleich beim Haupteingang wenn man sich nach rechts zur Deutschen Gr\u00e4berfl\u00e4che begibt wurde f\u00fcr die Russischen Weltkriegsopfer ein Gedenkstein aufgestellt.<\/p>\n<p>&nbsp;<\/p>\n<p>Bilder Russ.Gedenken<\/p>\n<p><a href=\"http:\/\/www.denkfried.de\/wp\/wp-content\/uploads\/2018\/10\/Pilsen-Russ.Denkmal-2.W.K.05.10.2018-1.jpg\"><img loading=\"lazy\" decoding=\"async\" class=\"alignleft size-thumbnail wp-image-41688\" src=\"http:\/\/www.denkfried.de\/wp\/wp-content\/uploads\/2018\/10\/Pilsen-Russ.Denkmal-2.W.K.05.10.2018-1-150x150.jpg\" alt=\"\" width=\"150\" height=\"150\" \/><\/a> <a href=\"http:\/\/www.denkfried.de\/wp\/wp-content\/uploads\/2018\/10\/Pilsen-Russ.Denkmal-2.W.K.05.10.2018-2.jpg\"><img loading=\"lazy\" decoding=\"async\" class=\"alignleft size-thumbnail wp-image-41689\" src=\"http:\/\/www.denkfried.de\/wp\/wp-content\/uploads\/2018\/10\/Pilsen-Russ.Denkmal-2.W.K.05.10.2018-2-150x150.jpg\" alt=\"\" width=\"150\" height=\"150\" \/><\/a><\/p>\n","protected":false},"excerpt":{"rendered":"<p>&nbsp; 301 00 Plzen deutsch: Pilsen Kriegsgr\u00e4berst\u00e4tte auf dem zentralen Friedhof Einweihung: \u00a020.09.1997 2.Weltkrieg: \u00a0585 Deutsche Auf dem Friedhof war von der deutschen Kriegsgr\u00e4beranlage nur noch ein schmaler Rasenstreifen vorhanden. Die Herrichtung des Gr\u00e4berfeldes erfolgte 1997. Ein kleiner Weg aus &hellip; <a href=\"http:\/\/www.denkfried.de\/wp\/?page_id=2033\">Weiterlesen <span class=\"meta-nav\">&rarr;<\/span><\/a><\/p>\n","protected":false},"author":2,"featured_media":0,"parent":355,"menu_order":0,"comment_status":"closed","ping_status":"open","template":"","meta":{"footnotes":""},"class_list":["post-2033","page","type-page","status-publish","hentry"],"_links":{"self":[{"href":"http:\/\/www.denkfried.de\/wp\/index.php?rest_route=\/wp\/v2\/pages\/2033","targetHints":{"allow":["GET"]}}],"collection":[{"href":"http:\/\/www.denkfried.de\/wp\/index.php?rest_route=\/wp\/v2\/pages"}],"about":[{"href":"http:\/\/www.denkfried.de\/wp\/index.php?rest_route=\/wp\/v2\/types\/page"}],"author":[{"embeddable":true,"href":"http:\/\/www.denkfried.de\/wp\/index.php?rest_route=\/wp\/v2\/users\/2"}],"replies":[{"embeddable":true,"href":"http:\/\/www.denkfried.de\/wp\/index.php?rest_route=%2Fwp%2Fv2%2Fcomments&post=2033"}],"version-history":[{"count":22,"href":"http:\/\/www.denkfried.de\/wp\/index.php?rest_route=\/wp\/v2\/pages\/2033\/revisions"}],"predecessor-version":[{"id":41694,"href":"http:\/\/www.denkfried.de\/wp\/index.php?rest_route=\/wp\/v2\/pages\/2033\/revisions\/41694"}],"up":[{"embeddable":true,"href":"http:\/\/www.denkfried.de\/wp\/index.php?rest_route=\/wp\/v2\/pages\/355"}],"wp:attachment":[{"href":"http:\/\/www.denkfried.de\/wp\/index.php?rest_route=%2Fwp%2Fv2%2Fmedia&parent=2033"}],"curies":[{"name":"wp","href":"https:\/\/api.w.org\/{rel}","templated":true}]}}