{"id":20276,"date":"2012-04-03T20:38:55","date_gmt":"2012-04-03T18:38:55","guid":{"rendered":"http:\/\/www.denkfried.de\/wp\/?page_id=20276"},"modified":"2012-04-04T19:32:57","modified_gmt":"2012-04-04T17:32:57","slug":"gronig-gedenkbuch","status":"publish","type":"page","link":"http:\/\/www.denkfried.de\/wp\/?page_id=20276","title":{"rendered":"Gronig Gedenkbuch"},"content":{"rendered":"<p>&nbsp;<\/p>\n<p><strong>Gronig<\/strong> Gedenkbuch der Kriegsopfer <strong>Geliebt! Gehofft! Verloren!<\/strong><\/p>\n<p>Bericht und Bilder von Thomas <a href=\"http:\/\/potsdamer-ehrenmale.de.tl\/Hauptseite.htm\">Potsdamer-Ehrenmale.de<\/a><\/p>\n<div id='gallery-1' class='gallery galleryid-20276 gallery-columns-3 gallery-size-thumbnail'><dl class='gallery-item'>\n\t\t\t<dt class='gallery-icon portrait'>\n\t\t\t\t<a href='http:\/\/www.denkfried.de\/wp\/?attachment_id=20317'><img loading=\"lazy\" decoding=\"async\" width=\"150\" height=\"150\" src=\"http:\/\/www.denkfried.de\/wp\/wp-content\/uploads\/2012\/04\/DSCF1386-150x150.jpg\" class=\"attachment-thumbnail size-thumbnail\" alt=\"\" \/><\/a>\n\t\t\t<\/dt><\/dl><dl class='gallery-item'>\n\t\t\t<dt class='gallery-icon landscape'>\n\t\t\t\t<a href='http:\/\/www.denkfried.de\/wp\/?attachment_id=20318'><img loading=\"lazy\" decoding=\"async\" width=\"150\" height=\"150\" src=\"http:\/\/www.denkfried.de\/wp\/wp-content\/uploads\/2012\/04\/DSCF1388-150x150.jpg\" class=\"attachment-thumbnail size-thumbnail\" alt=\"\" \/><\/a>\n\t\t\t<\/dt><\/dl><dl class='gallery-item'>\n\t\t\t<dt class='gallery-icon landscape'>\n\t\t\t\t<a href='http:\/\/www.denkfried.de\/wp\/?attachment_id=20319'><img loading=\"lazy\" decoding=\"async\" width=\"150\" height=\"150\" src=\"http:\/\/www.denkfried.de\/wp\/wp-content\/uploads\/2012\/04\/DSCF1391-150x150.jpg\" class=\"attachment-thumbnail size-thumbnail\" alt=\"\" \/><\/a>\n\t\t\t<\/dt><\/dl><br style=\"clear: both\" \/><dl class='gallery-item'>\n\t\t\t<dt class='gallery-icon landscape'>\n\t\t\t\t<a href='http:\/\/www.denkfried.de\/wp\/?attachment_id=20320'><img loading=\"lazy\" decoding=\"async\" width=\"150\" height=\"150\" src=\"http:\/\/www.denkfried.de\/wp\/wp-content\/uploads\/2012\/04\/DSCF1396-150x150.jpg\" class=\"attachment-thumbnail size-thumbnail\" alt=\"\" \/><\/a>\n\t\t\t<\/dt><\/dl><dl class='gallery-item'>\n\t\t\t<dt class='gallery-icon landscape'>\n\t\t\t\t<a href='http:\/\/www.denkfried.de\/wp\/?attachment_id=20321'><img loading=\"lazy\" decoding=\"async\" width=\"150\" height=\"150\" src=\"http:\/\/www.denkfried.de\/wp\/wp-content\/uploads\/2012\/04\/DSCF1397-150x150.jpg\" class=\"attachment-thumbnail size-thumbnail\" alt=\"\" \/><\/a>\n\t\t\t<\/dt><\/dl>\n\t\t\t<br style='clear: both' \/>\n\t\t<\/div>\n\n<address><strong>Geliebt!<\/strong> von Frau, von Kindern, von Eltern und Geschwistern<\/address>\n<address><strong>Gehofft!<\/strong> auf ein gesundes Wiedersehen in der Heimat<\/address>\n<address><strong>Verloren!<\/strong> ihr hoffnungsvolles junges Leben<\/address>\n<address>\u00a0<\/address>\n<address style=\"text-align: center;\"><em><strong>Zum Gedenken an die Vermi\u00dften, Gefallenen und Zivilkriegsopfer beider Weltkriege 1914-1918 \u00a01939-1945 aus dem Orte Gronig<\/strong><\/em><\/address>\n<address style=\"text-align: center;\">\u00a0<\/address>\n<p><span style=\"text-decoration: underline;\">Geleitworte<\/span> vom ehem. Ortsvorsteher Helmut Meisberger<\/p>\n<p>&#8230;.126 Gefallenen und Vermi\u00dfte und 26 zivile Opfer sind die traurige Bilanz der beiden gro\u00dfen Kriege dieses Jahrhunderts. Wir alle habe die Pflicht daf\u00fcr zu sorgen, da\u00df das Schicksal dieser Menschen im Ged\u00e4chtnis bleibt. Sie alle &#8211; vom Ehemann bis zum Kameraden &#8211; d\u00fcrfen wir nicht vergessen, wenn ihr Opfer und ihr Tod einen Sinn habe soll. &#8222;Ein Volk, das seine Toten vergi\u00dft, hat keine Zukunft, weil es einen wesentlichen Teil seine nationalen Identit\u00e4t aufgibt&#8220;, sagte Reichspr\u00e4sident Ebert schon 1922. &#8230;<\/p>\n<p><span style=\"text-decoration: underline;\"><strong>Zum Inhalt<\/strong><\/span><\/p>\n<p>Das Buch beginnt mit den Kriegsteilnehmer und Gefallenen des Ersten Weltkrieges. Dann folgen die Gefallenen des Zweiten Weltkrieges und endet mit den durch Kriegseinwirkung umgekommenen Zivilpersonen. Ein\u00a0Gro\u00dfteil\u00a0der zivilen Opfer starb beim Luftangriff am 29.10.1944. Es sind viele\u00a0Famili\u00e4re\u00a0Daten der Toten angegeben, es wurden auch die Sterbebilder mit abgedruckt. Bei einigen sind auch Fotos abgebildet.<\/p>\n<p>&nbsp;<\/p>\n<p>Das Buch Buch wurde von Hubert Bier, Obertahl herausgegeben. Als Verfasser ist Engelbert Klein genannt. Bilder sind von Johann Paulus. Der Druck: O\/D Print und Medien. Herausgebracht wurde es, unter Anleitung des Landesverbandes Saar von der\u00a0Kriegsgr\u00e4berf\u00fcrsorge\u00a0im Jahr 1996.<\/p>\n<p>&nbsp;<\/p>\n","protected":false},"excerpt":{"rendered":"<p>&nbsp; Gronig Gedenkbuch der Kriegsopfer Geliebt! Gehofft! Verloren! Bericht und Bilder von Thomas Potsdamer-Ehrenmale.de Geliebt! von Frau, von Kindern, von Eltern und Geschwistern Gehofft! auf ein gesundes Wiedersehen in der Heimat Verloren! ihr hoffnungsvolles junges Leben \u00a0 Zum Gedenken an &hellip; <a href=\"http:\/\/www.denkfried.de\/wp\/?page_id=20276\">Weiterlesen <span class=\"meta-nav\">&rarr;<\/span><\/a><\/p>\n","protected":false},"author":9,"featured_media":0,"parent":20273,"menu_order":0,"comment_status":"closed","ping_status":"open","template":"","meta":{"footnotes":""},"class_list":["post-20276","page","type-page","status-publish","hentry"],"_links":{"self":[{"href":"http:\/\/www.denkfried.de\/wp\/index.php?rest_route=\/wp\/v2\/pages\/20276","targetHints":{"allow":["GET"]}}],"collection":[{"href":"http:\/\/www.denkfried.de\/wp\/index.php?rest_route=\/wp\/v2\/pages"}],"about":[{"href":"http:\/\/www.denkfried.de\/wp\/index.php?rest_route=\/wp\/v2\/types\/page"}],"author":[{"embeddable":true,"href":"http:\/\/www.denkfried.de\/wp\/index.php?rest_route=\/wp\/v2\/users\/9"}],"replies":[{"embeddable":true,"href":"http:\/\/www.denkfried.de\/wp\/index.php?rest_route=%2Fwp%2Fv2%2Fcomments&post=20276"}],"version-history":[{"count":9,"href":"http:\/\/www.denkfried.de\/wp\/index.php?rest_route=\/wp\/v2\/pages\/20276\/revisions"}],"predecessor-version":[{"id":20323,"href":"http:\/\/www.denkfried.de\/wp\/index.php?rest_route=\/wp\/v2\/pages\/20276\/revisions\/20323"}],"up":[{"embeddable":true,"href":"http:\/\/www.denkfried.de\/wp\/index.php?rest_route=\/wp\/v2\/pages\/20273"}],"wp:attachment":[{"href":"http:\/\/www.denkfried.de\/wp\/index.php?rest_route=%2Fwp%2Fv2%2Fmedia&parent=20276"}],"curies":[{"name":"wp","href":"https:\/\/api.w.org\/{rel}","templated":true}]}}