{"id":20273,"date":"2012-04-03T20:36:31","date_gmt":"2012-04-03T18:36:31","guid":{"rendered":"http:\/\/www.denkfried.de\/wp\/?page_id=20273"},"modified":"2012-04-03T21:54:26","modified_gmt":"2012-04-03T19:54:26","slug":"gronig","status":"publish","type":"page","link":"http:\/\/www.denkfried.de\/wp\/?page_id=20273","title":{"rendered":"Gronig"},"content":{"rendered":"<p><strong>66649 Gronig<\/strong><\/p>\n<p>Das Dorf liegt im\u00a0Naturpark Saar-Hunsr\u00fcck\u00a0zu beiden Seiten der\u00a0Landesstra\u00dfe\u00a0134 am Fu\u00dfe des Momberges. Der Momberg ist Teil des Hunsr\u00fcckvorlandes und hat zwei Bergkuppen: eine n\u00f6rdliche im Pfaffenwald (499,4 Meter) und eine s\u00fcdliche im Dillingerwald (490,9 Meter). Er bildet mit dem Losenberg die Wasserscheide von\u00a0Blies\u00a0und Nahe. Im Volksmund wird er\u00a0\u00bbMummerich\u00ab\u00a0genannt. <a href=\"http:\/\/de.wikipedia.org\/wiki\/Gronig\">(Wikipedia)<\/a><\/p>\n<ul>\n<li><a href=\"http:\/\/www.denkfried.de\/wp\/?page_id=20276\">Gedenkbuch<\/a><\/li>\n<li><a href=\"http:\/\/www.denkfried.de\/wp\/?page_id=20289\">Denkmal<\/a><\/li>\n<\/ul>\n","protected":false},"excerpt":{"rendered":"<p>66649 Gronig Das Dorf liegt im\u00a0Naturpark Saar-Hunsr\u00fcck\u00a0zu beiden Seiten der\u00a0Landesstra\u00dfe\u00a0134 am Fu\u00dfe des Momberges. Der Momberg ist Teil des Hunsr\u00fcckvorlandes und hat zwei Bergkuppen: eine n\u00f6rdliche im Pfaffenwald (499,4 Meter) und eine s\u00fcdliche im Dillingerwald (490,9 Meter). Er bildet mit &hellip; <a href=\"http:\/\/www.denkfried.de\/wp\/?page_id=20273\">Weiterlesen <span class=\"meta-nav\">&rarr;<\/span><\/a><\/p>\n","protected":false},"author":9,"featured_media":0,"parent":20269,"menu_order":0,"comment_status":"closed","ping_status":"open","template":"","meta":{"footnotes":""},"class_list":["post-20273","page","type-page","status-publish","hentry"],"_links":{"self":[{"href":"http:\/\/www.denkfried.de\/wp\/index.php?rest_route=\/wp\/v2\/pages\/20273","targetHints":{"allow":["GET"]}}],"collection":[{"href":"http:\/\/www.denkfried.de\/wp\/index.php?rest_route=\/wp\/v2\/pages"}],"about":[{"href":"http:\/\/www.denkfried.de\/wp\/index.php?rest_route=\/wp\/v2\/types\/page"}],"author":[{"embeddable":true,"href":"http:\/\/www.denkfried.de\/wp\/index.php?rest_route=\/wp\/v2\/users\/9"}],"replies":[{"embeddable":true,"href":"http:\/\/www.denkfried.de\/wp\/index.php?rest_route=%2Fwp%2Fv2%2Fcomments&post=20273"}],"version-history":[{"count":8,"href":"http:\/\/www.denkfried.de\/wp\/index.php?rest_route=\/wp\/v2\/pages\/20273\/revisions"}],"predecessor-version":[{"id":20295,"href":"http:\/\/www.denkfried.de\/wp\/index.php?rest_route=\/wp\/v2\/pages\/20273\/revisions\/20295"}],"up":[{"embeddable":true,"href":"http:\/\/www.denkfried.de\/wp\/index.php?rest_route=\/wp\/v2\/pages\/20269"}],"wp:attachment":[{"href":"http:\/\/www.denkfried.de\/wp\/index.php?rest_route=%2Fwp%2Fv2%2Fmedia&parent=20273"}],"curies":[{"name":"wp","href":"https:\/\/api.w.org\/{rel}","templated":true}]}}