{"id":2006,"date":"2011-04-10T15:25:12","date_gmt":"2011-04-10T13:25:12","guid":{"rendered":"http:\/\/www.denkfried.de\/wp\/?page_id=2006"},"modified":"2019-12-30T21:59:50","modified_gmt":"2019-12-30T20:59:50","slug":"marianske-lazne","status":"publish","type":"page","link":"http:\/\/www.denkfried.de\/wp\/?page_id=2006","title":{"rendered":"MARI\u00c1NSKE L\u00c1ZNE"},"content":{"rendered":"<p><a href=\"http:\/\/www.denkfried.de\/wp\/?attachment_id=41767\" rel=\"attachment wp-att-41767\"><img loading=\"lazy\" decoding=\"async\" class=\"alignnone size-full wp-image-41767\" src=\"http:\/\/www.denkfried.de\/wp\/wp-content\/uploads\/2019\/12\/Marienbad.png\" alt=\"\" width=\"83\" height=\"85\" \/><span style=\"text-decoration: underline; color: #ff0000;\"><strong>353 01 Mari\u00e1nske L\u00e1zne<\/strong><\/span> deutsch: Marienbad<\/a><\/p>\n<p>Marienbad ist eine bekannte Kur-und B\u00e4derstadt.<\/p>\n<p>Die Stadt wurde im Zweiten Weltkrieg nicht zerst\u00f6rt. Am 27.April 1945 kamen im Raum Marienbad ca.1000 j\u00fcdische H\u00e4ftlinge die aus dem Lager Rehmsdorf stammten, ums Leben. Sie starben zum Teil durch MG-Beschuss aus sowjetischen Flugzeugen aber auch unter Beteiligung der einheimischen Bev\u00f6lkerung.<\/p>\n<p>Auf dem st\u00e4dtischen Friedhof befinden sich Soldatengr\u00e4ber die noch aus der Kriegszeit stammen. Weiterhin befinden sich hier auch die sogenannten &#8222;Berliner Gr\u00e4ber&#8220;, das sind deutsche Verstorbene aus den Krankenh\u00e4usern der Stadt.<\/p>\n<p>Jahrzehntelang sind die Kriegsgr\u00e4ber in der Tschechischen Republik f\u00fcr uns unzug\u00e4nglich. Berliner Jugendliche d\u00fcrfen dank der Hilfe tschechischer Freunde seit 1967 wenigstens Jahr f\u00fcr Jahr die Gr\u00e4ber der 1.483 zivilen deutschen Toten in Marienbad pflegen.<br \/>\nAm 22.Oktober 1992 wird der Friedhofsteil f\u00fcr die 525 deutschen Soldaten des Zweiten Weltkrieges eingeweiht.<br \/>\nKriegsgr\u00e4berst\u00e4tte auf dem St\u00e4dtischen Friedhof<br \/>\nEinweihung: \u00a024.10.1992<br \/>\n2.Weltkrieg: \u00a0 2.572 Bestattete<\/p>\n<p>Hier ein Bericht von Hubert:<br \/>\n&#8222;Hier meine Bilder vom Besuch des deutschen Soldatenfriedhofs des Zweiten Weltkriegs in Marienbad.Auf dem Ortsfriedhof gibt es zwei Soldatenfriedh\u00f6fe.Als ersten den sogenannten &#8222;BERLINER FRIEDHOF&#8220; hierbei handelt es sich um 2231 gefallene Soldaten und \u00fcber 2000 Berliner Ziviltote (Evakuirte) die auf einem mit belgischen Granitsteinkreuzen gekennzeichneten Gr\u00e4berfeld beigesetzt wurden.Auf der Vorderseite stehen jeweils von vier Opfern die Namen und Daten der hier bestatteten.Ein aus Bronze gefertigtes Hochkreuz markiert die Mitte des Gr\u00e4berfeldes .Am Seitenrand des Soldatenfriedhofs ist eine Gedenknische mit einem Namenbuch der beigesetzten aufgebaut.<br \/>\nGleich gegen\u00fcber des &#8222;BERLINER FRIEDHOFS&#8220; wurden durch Mithilfe des B\u00fcrgermeisters von Cheb\/Eger Herrn Jan Svoboda die 5500 exhumierten Gebeine ,der Soldaten die w\u00e4hrend der politischen Wende in Tschechien in einem ehemaligen Atombunker eingelagert waren ,in einem neuen Soldatenfriedhof zur ruhe gebettet.Auf den Vorderseiten der Natursteinkreuzen stehen von jeweils vier gefallenen Soldaten die Daten und Namen.<br \/>\nNun haben diese gefallenen Soldaten nach einer langen Odysse endlich ihre letzte ruhe gefunden .<\/p>\n<p>Ansprache Hr.J.Svoboda:Ich bitte alle Seiten um Toleranz,damit diese gefallenen Soldaten nun endlich ihre letzte ruhe finden k\u00f6nnen.&#8220;<br \/>\nQuelle MZ vom 16.11.2008<\/p>\n<div id='gallery-1' class='gallery galleryid-2006 gallery-columns-3 gallery-size-thumbnail'><dl class='gallery-item'>\n\t\t\t<dt class='gallery-icon landscape'>\n\t\t\t\t<a href='http:\/\/www.denkfried.de\/wp\/?attachment_id=2013'><img loading=\"lazy\" decoding=\"async\" width=\"150\" height=\"150\" src=\"http:\/\/www.denkfried.de\/wp\/wp-content\/uploads\/2011\/04\/Marienbad-Friedhofsplan-01-150x150.jpg\" class=\"attachment-thumbnail size-thumbnail\" alt=\"\" \/><\/a>\n\t\t\t<\/dt><\/dl><dl class='gallery-item'>\n\t\t\t<dt class='gallery-icon portrait'>\n\t\t\t\t<a href='http:\/\/www.denkfried.de\/wp\/?attachment_id=2008'><img loading=\"lazy\" decoding=\"async\" width=\"150\" height=\"150\" src=\"http:\/\/www.denkfried.de\/wp\/wp-content\/uploads\/2011\/04\/Marienbad-Namenbuch-Berliner-Friedhof-05-150x150.jpg\" class=\"attachment-thumbnail size-thumbnail\" alt=\"\" \/><\/a>\n\t\t\t<\/dt><\/dl><dl class='gallery-item'>\n\t\t\t<dt class='gallery-icon portrait'>\n\t\t\t\t<a href='http:\/\/www.denkfried.de\/wp\/?attachment_id=2007'><img loading=\"lazy\" decoding=\"async\" width=\"150\" height=\"150\" src=\"http:\/\/www.denkfried.de\/wp\/wp-content\/uploads\/2011\/04\/Marienbad-Hochkreuz-Berliner-Friedhof-010-150x150.jpg\" class=\"attachment-thumbnail size-thumbnail\" alt=\"\" \/><\/a>\n\t\t\t<\/dt><\/dl><br style=\"clear: both\" \/><dl class='gallery-item'>\n\t\t\t<dt class='gallery-icon landscape'>\n\t\t\t\t<a href='http:\/\/www.denkfried.de\/wp\/?attachment_id=2009'><img loading=\"lazy\" decoding=\"async\" width=\"150\" height=\"150\" src=\"http:\/\/www.denkfried.de\/wp\/wp-content\/uploads\/2011\/04\/Marienbad-Ansicht-Berliner-Friedhof-08-150x150.jpg\" class=\"attachment-thumbnail size-thumbnail\" alt=\"\" \/><\/a>\n\t\t\t<\/dt><\/dl><dl class='gallery-item'>\n\t\t\t<dt class='gallery-icon landscape'>\n\t\t\t\t<a href='http:\/\/www.denkfried.de\/wp\/?attachment_id=2010'><img loading=\"lazy\" decoding=\"async\" width=\"150\" height=\"150\" src=\"http:\/\/www.denkfried.de\/wp\/wp-content\/uploads\/2011\/04\/Marienbad-Ansicht-Gr\u00e4berfeld-neu-02-150x150.jpg\" class=\"attachment-thumbnail size-thumbnail\" alt=\"\" \/><\/a>\n\t\t\t<\/dt><\/dl><dl class='gallery-item'>\n\t\t\t<dt class='gallery-icon landscape'>\n\t\t\t\t<a href='http:\/\/www.denkfried.de\/wp\/?attachment_id=2011'><img loading=\"lazy\" decoding=\"async\" width=\"150\" height=\"150\" src=\"http:\/\/www.denkfried.de\/wp\/wp-content\/uploads\/2011\/04\/Marienbad-Ansicht-Nammenplatten-000-150x150.jpg\" class=\"attachment-thumbnail size-thumbnail\" alt=\"\" \/><\/a>\n\t\t\t<\/dt><\/dl><br style=\"clear: both\" \/><dl class='gallery-item'>\n\t\t\t<dt class='gallery-icon portrait'>\n\t\t\t\t<a href='http:\/\/www.denkfried.de\/wp\/?attachment_id=2012'><img loading=\"lazy\" decoding=\"async\" width=\"150\" height=\"150\" src=\"http:\/\/www.denkfried.de\/wp\/wp-content\/uploads\/2011\/04\/Marienbad-die-Trauernde-000-150x150.jpg\" class=\"attachment-thumbnail size-thumbnail\" alt=\"\" \/><\/a>\n\t\t\t<\/dt><\/dl><dl class='gallery-item'>\n\t\t\t<dt class='gallery-icon landscape'>\n\t\t\t\t<a href='http:\/\/www.denkfried.de\/wp\/?attachment_id=2014'><img loading=\"lazy\" decoding=\"async\" width=\"150\" height=\"150\" src=\"http:\/\/www.denkfried.de\/wp\/wp-content\/uploads\/2011\/04\/Marienbad-Grabzeichen-04-150x150.jpg\" class=\"attachment-thumbnail size-thumbnail\" alt=\"\" \/><\/a>\n\t\t\t<\/dt><\/dl>\n\t\t\t<br style='clear: both' \/>\n\t\t<\/div>\n\n","protected":false},"excerpt":{"rendered":"<p>353 01 Mari\u00e1nske L\u00e1zne deutsch: Marienbad Marienbad ist eine bekannte Kur-und B\u00e4derstadt. Die Stadt wurde im Zweiten Weltkrieg nicht zerst\u00f6rt. Am 27.April 1945 kamen im Raum Marienbad ca.1000 j\u00fcdische H\u00e4ftlinge die aus dem Lager Rehmsdorf stammten, ums Leben. Sie starben &hellip; <a href=\"http:\/\/www.denkfried.de\/wp\/?page_id=2006\">Weiterlesen <span class=\"meta-nav\">&rarr;<\/span><\/a><\/p>\n","protected":false},"author":2,"featured_media":0,"parent":355,"menu_order":0,"comment_status":"closed","ping_status":"open","template":"","meta":{"footnotes":""},"class_list":["post-2006","page","type-page","status-publish","hentry"],"_links":{"self":[{"href":"http:\/\/www.denkfried.de\/wp\/index.php?rest_route=\/wp\/v2\/pages\/2006","targetHints":{"allow":["GET"]}}],"collection":[{"href":"http:\/\/www.denkfried.de\/wp\/index.php?rest_route=\/wp\/v2\/pages"}],"about":[{"href":"http:\/\/www.denkfried.de\/wp\/index.php?rest_route=\/wp\/v2\/types\/page"}],"author":[{"embeddable":true,"href":"http:\/\/www.denkfried.de\/wp\/index.php?rest_route=\/wp\/v2\/users\/2"}],"replies":[{"embeddable":true,"href":"http:\/\/www.denkfried.de\/wp\/index.php?rest_route=%2Fwp%2Fv2%2Fcomments&post=2006"}],"version-history":[{"count":11,"href":"http:\/\/www.denkfried.de\/wp\/index.php?rest_route=\/wp\/v2\/pages\/2006\/revisions"}],"predecessor-version":[{"id":41769,"href":"http:\/\/www.denkfried.de\/wp\/index.php?rest_route=\/wp\/v2\/pages\/2006\/revisions\/41769"}],"up":[{"embeddable":true,"href":"http:\/\/www.denkfried.de\/wp\/index.php?rest_route=\/wp\/v2\/pages\/355"}],"wp:attachment":[{"href":"http:\/\/www.denkfried.de\/wp\/index.php?rest_route=%2Fwp%2Fv2%2Fmedia&parent=2006"}],"curies":[{"name":"wp","href":"https:\/\/api.w.org\/{rel}","templated":true}]}}