{"id":19917,"date":"2012-03-23T23:22:18","date_gmt":"2012-03-23T22:22:18","guid":{"rendered":"http:\/\/www.denkfried.de\/wp\/?page_id=19917"},"modified":"2012-03-23T23:22:18","modified_gmt":"2012-03-23T22:22:18","slug":"mylau","status":"publish","type":"page","link":"http:\/\/www.denkfried.de\/wp\/?page_id=19917","title":{"rendered":"Mylau"},"content":{"rendered":"<p>&nbsp;<\/p>\n<p><span style=\"text-decoration: underline;\"><strong>08499 Mylau<\/strong><\/span><\/p>\n<p>Auf dem Friedhof befindet sich eine Grabst\u00e4tte und Gedenktafel f\u00fcr vie unbekannte KZ-H\u00e4ftlinge. Sie wurden im Januar 1945\u00a0 tot aus einem Transportzug bei der Evakuierung eines Konzentrationslagers einfach aus dem Zug geworfen.<\/p>\n<p>&nbsp;<\/p>\n<p>Unterhalb der Burg, in einer Parkanlage, befand sich einst ein Ehrenmal das es heut nicht mehr gibt. Wann es verschwunden ist kann heute nicht mehr gesagt werden.<\/p>\n<p>Leider keine Fotos vorhanden.<\/p>\n","protected":false},"excerpt":{"rendered":"<p>&nbsp; 08499 Mylau Auf dem Friedhof befindet sich eine Grabst\u00e4tte und Gedenktafel f\u00fcr vie unbekannte KZ-H\u00e4ftlinge. Sie wurden im Januar 1945\u00a0 tot aus einem Transportzug bei der Evakuierung eines Konzentrationslagers einfach aus dem Zug geworfen. &nbsp; Unterhalb der Burg, in &hellip; <a href=\"http:\/\/www.denkfried.de\/wp\/?page_id=19917\">Weiterlesen <span class=\"meta-nav\">&rarr;<\/span><\/a><\/p>\n","protected":false},"author":2,"featured_media":0,"parent":7429,"menu_order":0,"comment_status":"closed","ping_status":"open","template":"","meta":{"footnotes":""},"class_list":["post-19917","page","type-page","status-publish","hentry"],"_links":{"self":[{"href":"http:\/\/www.denkfried.de\/wp\/index.php?rest_route=\/wp\/v2\/pages\/19917","targetHints":{"allow":["GET"]}}],"collection":[{"href":"http:\/\/www.denkfried.de\/wp\/index.php?rest_route=\/wp\/v2\/pages"}],"about":[{"href":"http:\/\/www.denkfried.de\/wp\/index.php?rest_route=\/wp\/v2\/types\/page"}],"author":[{"embeddable":true,"href":"http:\/\/www.denkfried.de\/wp\/index.php?rest_route=\/wp\/v2\/users\/2"}],"replies":[{"embeddable":true,"href":"http:\/\/www.denkfried.de\/wp\/index.php?rest_route=%2Fwp%2Fv2%2Fcomments&post=19917"}],"version-history":[{"count":3,"href":"http:\/\/www.denkfried.de\/wp\/index.php?rest_route=\/wp\/v2\/pages\/19917\/revisions"}],"predecessor-version":[{"id":19920,"href":"http:\/\/www.denkfried.de\/wp\/index.php?rest_route=\/wp\/v2\/pages\/19917\/revisions\/19920"}],"up":[{"embeddable":true,"href":"http:\/\/www.denkfried.de\/wp\/index.php?rest_route=\/wp\/v2\/pages\/7429"}],"wp:attachment":[{"href":"http:\/\/www.denkfried.de\/wp\/index.php?rest_route=%2Fwp%2Fv2%2Fmedia&parent=19917"}],"curies":[{"name":"wp","href":"https:\/\/api.w.org\/{rel}","templated":true}]}}