{"id":19766,"date":"2012-03-22T22:01:37","date_gmt":"2012-03-22T21:01:37","guid":{"rendered":"http:\/\/www.denkfried.de\/wp\/?page_id=19766"},"modified":"2017-02-28T21:23:58","modified_gmt":"2017-02-28T20:23:58","slug":"stuttgart-ehrenbuch","status":"publish","type":"page","link":"http:\/\/www.denkfried.de\/wp\/?page_id=19766","title":{"rendered":"&#8211; Ehrenbuch"},"content":{"rendered":"<p>&nbsp;<\/p>\n<p><strong>Stuttgart<\/strong><\/p>\n<p><strong>Ehrenbuch 1914-1918<\/strong><\/p>\n<p>Bericht und Bilder von Thomas <a href=\"http:\/\/potsdamer-ehrenmale.de.tl\/Hauptseite.htm\">Potsdamer-Ehrenmale.de<\/a><\/p>\n<div id='gallery-1' class='gallery galleryid-19766 gallery-columns-3 gallery-size-thumbnail'><dl class='gallery-item'>\n\t\t\t<dt class='gallery-icon portrait'>\n\t\t\t\t<a href='http:\/\/www.denkfried.de\/wp\/?attachment_id=19935'><img loading=\"lazy\" decoding=\"async\" width=\"150\" height=\"150\" src=\"http:\/\/www.denkfried.de\/wp\/wp-content\/uploads\/2012\/03\/DSCF13871-150x150.jpg\" class=\"attachment-thumbnail size-thumbnail\" alt=\"\" aria-describedby=\"gallery-1-19935\" \/><\/a>\n\t\t\t<\/dt>\n\t\t\t\t<dd class='wp-caption-text gallery-caption' id='gallery-1-19935'>\n\t\t\t\tEhrenbuch 1914-1918\n\t\t\t\t<\/dd><\/dl><dl class='gallery-item'>\n\t\t\t<dt class='gallery-icon landscape'>\n\t\t\t\t<a href='http:\/\/www.denkfried.de\/wp\/?attachment_id=19934'><img loading=\"lazy\" decoding=\"async\" width=\"150\" height=\"150\" src=\"http:\/\/www.denkfried.de\/wp\/wp-content\/uploads\/2012\/03\/DSCF1388-150x150.jpg\" class=\"attachment-thumbnail size-thumbnail\" alt=\"\" aria-describedby=\"gallery-1-19934\" \/><\/a>\n\t\t\t<\/dt>\n\t\t\t\t<dd class='wp-caption-text gallery-caption' id='gallery-1-19934'>\n\t\t\t\tNamen\n\t\t\t\t<\/dd><\/dl><dl class='gallery-item'>\n\t\t\t<dt class='gallery-icon landscape'>\n\t\t\t\t<a href='http:\/\/www.denkfried.de\/wp\/?attachment_id=19936'><img loading=\"lazy\" decoding=\"async\" width=\"150\" height=\"150\" src=\"http:\/\/www.denkfried.de\/wp\/wp-content\/uploads\/2012\/03\/DSCF1390-150x150.jpg\" class=\"attachment-thumbnail size-thumbnail\" alt=\"\" aria-describedby=\"gallery-1-19936\" \/><\/a>\n\t\t\t<\/dt>\n\t\t\t\t<dd class='wp-caption-text gallery-caption' id='gallery-1-19936'>\n\t\t\t\tWeihe des Gefallenendenkmals 15.07.1923\n\t\t\t\t<\/dd><\/dl><br style=\"clear: both\" \/>\n\t\t<\/div>\n\n<p>Ehrenbuch der Stadt Stuttgart. Im Auftrag der Stadtgemeinde herausgegeben vom Wohlfahrtsamt Stuttgart 1925.<\/p>\n<address style=\"text-align: center;\"><em><strong>Die Stadt Stuttgart ihren im Weltkriege 1914-1918<\/strong><\/em><\/address>\n<address style=\"text-align: center;\"><em><strong>gefallenen S\u00f6hnen zum Ged\u00e4chtnis<\/strong><\/em><\/address>\n<address style=\"text-align: center;\">\u00a0<\/address>\n<p>Das ernsteste und schwerste Gedenkbuch legt hier die Hauptstadt des W\u00fcrttemberger Landes den Erben dieser Zeit unter die Augen. Es sind darin aufbewahrt die Namen der <strong>zehntausend Stuttgarter<\/strong>, die im gro\u00dfen Krieg der Deutschen fielen, in Lazaretten starben, verschollen. Vom Jahr 1914 inmitte bis zur Neige des Jahres 1918 w\u00e4hrte dieser Krieg, gegen die Welt und gegen die V\u00f6lker aller Rassen und Farben gef\u00fchrt. Der bislang ungeheuerste Kampf der Geschichte ging verloren, weil zu der um uns aufgew\u00e4lzten \u00dcbermacht durch grausame Umlagerung der Hunger kam, den Soldaten und den daheim Gebliebenen das Mark aus den Knochen saugend.<\/p>\n<p>Die W\u00fcrttemberger fochten als Kerntruppe an allen Fronten bis zur letzten Stunde, ihre Landwehr deckte noch den R\u00fcckzug aus Frankreich. Sie hatten unter den deutschen Landsmannschaften die meisten Gefallenen und die wenigsten Gefangenen.<\/p>\n<p>Die Stadt Stuttgart z\u00e4hlte um die Kriegsmitte etwa 290 000 Einwohner. Davon gab sie 10 000 zum Tod. Aus dem Feldzug 1870\/71, dessen Sieg das Deutsche Reich schuf, kam von 91 000 Insassen ein halbes hundert Fortmarschierer nimmer heim.\u00a0Die vergleichenden Ziffern deuten auf das Ma\u00df des da ausgetragenen Ringens und auf den Berg der Opfer, emporgeschichtet in der Blutzeit solchen Grauens.<\/p>\n<p>Anno \u00a0damals konnte man die Namen der Gefallenen in Erz- und Steintafeln schreiben. Nun m\u00fcssen wir sie in ein Buch bringen, denn keine Wand, keine Mauer w\u00fcrde die Reihen fassen. Nur ihre Namen sinds, in Zeilen gedruckt, aneinandergef\u00fcgt. Wer konnte sich den Gottesacker denken, darin man die in allen Himmelrichtungen Begrabenen zusammen begr\u00fcbe, wer den Aufmarsch, den einst ihre lebendigen Regimenter dargestellt h\u00e4tten?<\/p>\n<p>Nichts als die Worth\u00fclse ihrer Wesenheit verm\u00f6gen wir \u00a0aufzubewahren, nichts als zehntausendmal gleichklingenden Nachhall ihres Anrufs, nichts von ihrer Gestalt, ihrer Gestalt, ihre Stimme, ihrer Art, ihre Duldung, ihrer Tapferkeit ihrem Sterben.<\/p>\n<p>Ineinsgewachsen, gleichsam zeichenhaft zu einem f\u00fcr uns in den Tod gegangenen Mann geworden, f\u00fcr die gro\u00dfe Sage reif schaut uns die stumme Gemeinschaft in die Augen.<\/p>\n<p>Aus der Einleitung von Hans Heinrich Ehrler<\/p>\n","protected":false},"excerpt":{"rendered":"<p>&nbsp; Stuttgart Ehrenbuch 1914-1918 Bericht und Bilder von Thomas Potsdamer-Ehrenmale.de Ehrenbuch der Stadt Stuttgart. Im Auftrag der Stadtgemeinde herausgegeben vom Wohlfahrtsamt Stuttgart 1925. Die Stadt Stuttgart ihren im Weltkriege 1914-1918 gefallenen S\u00f6hnen zum Ged\u00e4chtnis \u00a0 Das ernsteste und schwerste Gedenkbuch &hellip; <a href=\"http:\/\/www.denkfried.de\/wp\/?page_id=19766\">Weiterlesen <span class=\"meta-nav\">&rarr;<\/span><\/a><\/p>\n","protected":false},"author":9,"featured_media":0,"parent":3151,"menu_order":0,"comment_status":"closed","ping_status":"open","template":"","meta":{"footnotes":""},"class_list":["post-19766","page","type-page","status-publish","hentry"],"_links":{"self":[{"href":"http:\/\/www.denkfried.de\/wp\/index.php?rest_route=\/wp\/v2\/pages\/19766","targetHints":{"allow":["GET"]}}],"collection":[{"href":"http:\/\/www.denkfried.de\/wp\/index.php?rest_route=\/wp\/v2\/pages"}],"about":[{"href":"http:\/\/www.denkfried.de\/wp\/index.php?rest_route=\/wp\/v2\/types\/page"}],"author":[{"embeddable":true,"href":"http:\/\/www.denkfried.de\/wp\/index.php?rest_route=\/wp\/v2\/users\/9"}],"replies":[{"embeddable":true,"href":"http:\/\/www.denkfried.de\/wp\/index.php?rest_route=%2Fwp%2Fv2%2Fcomments&post=19766"}],"version-history":[{"count":12,"href":"http:\/\/www.denkfried.de\/wp\/index.php?rest_route=\/wp\/v2\/pages\/19766\/revisions"}],"predecessor-version":[{"id":41173,"href":"http:\/\/www.denkfried.de\/wp\/index.php?rest_route=\/wp\/v2\/pages\/19766\/revisions\/41173"}],"up":[{"embeddable":true,"href":"http:\/\/www.denkfried.de\/wp\/index.php?rest_route=\/wp\/v2\/pages\/3151"}],"wp:attachment":[{"href":"http:\/\/www.denkfried.de\/wp\/index.php?rest_route=%2Fwp%2Fv2%2Fmedia&parent=19766"}],"curies":[{"name":"wp","href":"https:\/\/api.w.org\/{rel}","templated":true}]}}