{"id":19694,"date":"2012-03-22T01:22:13","date_gmt":"2012-03-22T00:22:13","guid":{"rendered":"http:\/\/www.denkfried.de\/wp\/?page_id=19694"},"modified":"2012-03-22T01:22:13","modified_gmt":"2012-03-22T00:22:13","slug":"kirchberg","status":"publish","type":"page","link":"http:\/\/www.denkfried.de\/wp\/?page_id=19694","title":{"rendered":"Kirchberg"},"content":{"rendered":"<p>&nbsp;<\/p>\n<p><span style=\"text-decoration: underline;\"><strong>93128 Regenstauf-Kirchberg<\/strong><\/span><\/p>\n<p>Dreiteilige Gedenktafel an der Pfarrkirche, in der Mitte eine Marienstatue mit dem Jesuskind. \u00dcber dem Dach ein Lorbeer-Eichenzweig mit einem Eisernen Kreuz. Am Sockel die Inschrift:<\/p>\n<p><em><strong>&#8222;Den gefallenen Helden aus der Pfarrgemeinde Kirchberg im Weltkrieg 1914-1918&#8220;.<\/strong><\/em><\/p>\n<p>Am Vorplatz der Leichenhalle vier gro\u00dfe Gedenksteine mit den Namen der Gefallenen. Die Inschrift lautet:<\/p>\n<p><em><strong>&#8222;Zum bleibenden Ged\u00e4chnis an die gefallenen und vermi\u00dften Helden der Pfarrei Kirchberg&#8220;.<\/strong><\/em><\/p>\n<p>Gedenkst\u00e4tte vor dem Eingang zum Kirchhof. Gruppe mit drei Kreuzen mit der Aufschrift am mittleren Kreuz:<\/p>\n<p><em><strong>&#8222;Unseren Gefallenen und Vermi\u00dften beider Weltkriege; eine gr\u00f6\u00dfere Liebe hat niemand als wer sein Leben opfert f\u00fcr seine Freunde&#8220;,&#8220;1914-1918&#8243; und &#8222;1939-1945&#8220;.<\/strong><\/em><\/p>\n<p>Text: Hubert<div id='gallery-1' class='gallery galleryid-19694 gallery-columns-3 gallery-size-thumbnail'><dl class='gallery-item'>\n\t\t\t<dt class='gallery-icon landscape'>\n\t\t\t\t<a href='http:\/\/www.denkfried.de\/wp\/?attachment_id=19695'><img loading=\"lazy\" decoding=\"async\" width=\"150\" height=\"150\" src=\"http:\/\/www.denkfried.de\/wp\/wp-content\/uploads\/2012\/03\/hpqscan0001-150x150.jpg\" class=\"attachment-thumbnail size-thumbnail\" alt=\"\" \/><\/a>\n\t\t\t<\/dt><\/dl><dl class='gallery-item'>\n\t\t\t<dt class='gallery-icon portrait'>\n\t\t\t\t<a href='http:\/\/www.denkfried.de\/wp\/?attachment_id=19696'><img loading=\"lazy\" decoding=\"async\" width=\"150\" height=\"150\" src=\"http:\/\/www.denkfried.de\/wp\/wp-content\/uploads\/2012\/03\/hpqscan0002-150x150.jpg\" class=\"attachment-thumbnail size-thumbnail\" alt=\"\" \/><\/a>\n\t\t\t<\/dt><\/dl><dl class='gallery-item'>\n\t\t\t<dt class='gallery-icon portrait'>\n\t\t\t\t<a href='http:\/\/www.denkfried.de\/wp\/?attachment_id=19697'><img loading=\"lazy\" decoding=\"async\" width=\"150\" height=\"150\" src=\"http:\/\/www.denkfried.de\/wp\/wp-content\/uploads\/2012\/03\/hpqscan0004-150x150.jpg\" class=\"attachment-thumbnail size-thumbnail\" alt=\"\" \/><\/a>\n\t\t\t<\/dt><\/dl><br style=\"clear: both\" \/><dl class='gallery-item'>\n\t\t\t<dt class='gallery-icon portrait'>\n\t\t\t\t<a href='http:\/\/www.denkfried.de\/wp\/?attachment_id=19698'><img loading=\"lazy\" decoding=\"async\" width=\"150\" height=\"150\" src=\"http:\/\/www.denkfried.de\/wp\/wp-content\/uploads\/2012\/03\/hpqscan0005-150x150.jpg\" class=\"attachment-thumbnail size-thumbnail\" alt=\"\" \/><\/a>\n\t\t\t<\/dt><\/dl><dl class='gallery-item'>\n\t\t\t<dt class='gallery-icon landscape'>\n\t\t\t\t<a href='http:\/\/www.denkfried.de\/wp\/?attachment_id=19699'><img loading=\"lazy\" decoding=\"async\" width=\"150\" height=\"150\" src=\"http:\/\/www.denkfried.de\/wp\/wp-content\/uploads\/2012\/03\/hpqscan0006-150x150.jpg\" class=\"attachment-thumbnail size-thumbnail\" alt=\"\" \/><\/a>\n\t\t\t<\/dt><\/dl><dl class='gallery-item'>\n\t\t\t<dt class='gallery-icon landscape'>\n\t\t\t\t<a href='http:\/\/www.denkfried.de\/wp\/?attachment_id=19700'><img loading=\"lazy\" decoding=\"async\" width=\"150\" height=\"150\" src=\"http:\/\/www.denkfried.de\/wp\/wp-content\/uploads\/2012\/03\/hpqscan0007-150x150.jpg\" class=\"attachment-thumbnail size-thumbnail\" alt=\"\" \/><\/a>\n\t\t\t<\/dt><\/dl><br style=\"clear: both\" \/>\n\t\t<\/div>\n<\/p>\n","protected":false},"excerpt":{"rendered":"<p>&nbsp; 93128 Regenstauf-Kirchberg Dreiteilige Gedenktafel an der Pfarrkirche, in der Mitte eine Marienstatue mit dem Jesuskind. \u00dcber dem Dach ein Lorbeer-Eichenzweig mit einem Eisernen Kreuz. Am Sockel die Inschrift: &#8222;Den gefallenen Helden aus der Pfarrgemeinde Kirchberg im Weltkrieg 1914-1918&#8220;. Am &hellip; <a href=\"http:\/\/www.denkfried.de\/wp\/?page_id=19694\">Weiterlesen <span class=\"meta-nav\">&rarr;<\/span><\/a><\/p>\n","protected":false},"author":7,"featured_media":0,"parent":19662,"menu_order":0,"comment_status":"closed","ping_status":"open","template":"","meta":{"footnotes":""},"class_list":["post-19694","page","type-page","status-publish","hentry"],"_links":{"self":[{"href":"http:\/\/www.denkfried.de\/wp\/index.php?rest_route=\/wp\/v2\/pages\/19694","targetHints":{"allow":["GET"]}}],"collection":[{"href":"http:\/\/www.denkfried.de\/wp\/index.php?rest_route=\/wp\/v2\/pages"}],"about":[{"href":"http:\/\/www.denkfried.de\/wp\/index.php?rest_route=\/wp\/v2\/types\/page"}],"author":[{"embeddable":true,"href":"http:\/\/www.denkfried.de\/wp\/index.php?rest_route=\/wp\/v2\/users\/7"}],"replies":[{"embeddable":true,"href":"http:\/\/www.denkfried.de\/wp\/index.php?rest_route=%2Fwp%2Fv2%2Fcomments&post=19694"}],"version-history":[{"count":1,"href":"http:\/\/www.denkfried.de\/wp\/index.php?rest_route=\/wp\/v2\/pages\/19694\/revisions"}],"predecessor-version":[{"id":19701,"href":"http:\/\/www.denkfried.de\/wp\/index.php?rest_route=\/wp\/v2\/pages\/19694\/revisions\/19701"}],"up":[{"embeddable":true,"href":"http:\/\/www.denkfried.de\/wp\/index.php?rest_route=\/wp\/v2\/pages\/19662"}],"wp:attachment":[{"href":"http:\/\/www.denkfried.de\/wp\/index.php?rest_route=%2Fwp%2Fv2%2Fmedia&parent=19694"}],"curies":[{"name":"wp","href":"https:\/\/api.w.org\/{rel}","templated":true}]}}