{"id":19577,"date":"2012-03-21T22:39:37","date_gmt":"2012-03-21T21:39:37","guid":{"rendered":"http:\/\/www.denkfried.de\/wp\/?page_id=19577"},"modified":"2012-03-21T23:16:25","modified_gmt":"2012-03-21T22:16:25","slug":"braunau-am-inn","status":"publish","type":"page","link":"http:\/\/www.denkfried.de\/wp\/?page_id=19577","title":{"rendered":"Braunau am Inn"},"content":{"rendered":"<p>&nbsp;<\/p>\n<p><strong>Braunau am Inn<\/strong>\u00a0ist die \u00e4lteste und gr\u00f6\u00dfte Stadt im\u00a0ober\u00f6sterreichischen\u00a0Innviertel\u00a0mit 16.182 Einwohnern (Stand 1.\u00a0J\u00e4nner 2011) und liegt rund 60 km von Salzburg und je rund 120 km von\u00a0M\u00fcnchen\u00a0und\u00a0Linz\u00a0entfernt. Sie ist Bezirkshauptstadt des\u00a0Bezirks Braunau am Inn\u00a0und bildet mit der gegen\u00fcberliegenden Stadt\u00a0Simbach am Inn\u00a0in\u00a0Bayern\u00a0ein grenz\u00fcbergreifendes\u00a0Mittelzentrum. Der zust\u00e4ndige Gerichtsbezirk ist der\u00a0Gerichtsbezirk Braunau am Inn.<\/p>\n<ul>\n<li><a href=\"http:\/\/www.denkfried.de\/wp\/?page_id=19582\">Gedenktafel 1914-1918<\/a><\/li>\n<\/ul>\n","protected":false},"excerpt":{"rendered":"<p>&nbsp; Braunau am Inn\u00a0ist die \u00e4lteste und gr\u00f6\u00dfte Stadt im\u00a0ober\u00f6sterreichischen\u00a0Innviertel\u00a0mit 16.182 Einwohnern (Stand 1.\u00a0J\u00e4nner 2011) und liegt rund 60 km von Salzburg und je rund 120 km von\u00a0M\u00fcnchen\u00a0und\u00a0Linz\u00a0entfernt. Sie ist Bezirkshauptstadt des\u00a0Bezirks Braunau am Inn\u00a0und bildet mit der gegen\u00fcberliegenden Stadt\u00a0Simbach &hellip; <a href=\"http:\/\/www.denkfried.de\/wp\/?page_id=19577\">Weiterlesen <span class=\"meta-nav\">&rarr;<\/span><\/a><\/p>\n","protected":false},"author":9,"featured_media":0,"parent":2527,"menu_order":0,"comment_status":"closed","ping_status":"open","template":"","meta":{"footnotes":""},"class_list":["post-19577","page","type-page","status-publish","hentry"],"_links":{"self":[{"href":"http:\/\/www.denkfried.de\/wp\/index.php?rest_route=\/wp\/v2\/pages\/19577","targetHints":{"allow":["GET"]}}],"collection":[{"href":"http:\/\/www.denkfried.de\/wp\/index.php?rest_route=\/wp\/v2\/pages"}],"about":[{"href":"http:\/\/www.denkfried.de\/wp\/index.php?rest_route=\/wp\/v2\/types\/page"}],"author":[{"embeddable":true,"href":"http:\/\/www.denkfried.de\/wp\/index.php?rest_route=\/wp\/v2\/users\/9"}],"replies":[{"embeddable":true,"href":"http:\/\/www.denkfried.de\/wp\/index.php?rest_route=%2Fwp%2Fv2%2Fcomments&post=19577"}],"version-history":[{"count":4,"href":"http:\/\/www.denkfried.de\/wp\/index.php?rest_route=\/wp\/v2\/pages\/19577\/revisions"}],"predecessor-version":[{"id":19591,"href":"http:\/\/www.denkfried.de\/wp\/index.php?rest_route=\/wp\/v2\/pages\/19577\/revisions\/19591"}],"up":[{"embeddable":true,"href":"http:\/\/www.denkfried.de\/wp\/index.php?rest_route=\/wp\/v2\/pages\/2527"}],"wp:attachment":[{"href":"http:\/\/www.denkfried.de\/wp\/index.php?rest_route=%2Fwp%2Fv2%2Fmedia&parent=19577"}],"curies":[{"name":"wp","href":"https:\/\/api.w.org\/{rel}","templated":true}]}}