{"id":19529,"date":"2012-03-21T18:57:45","date_gmt":"2012-03-21T17:57:45","guid":{"rendered":"http:\/\/www.denkfried.de\/wp\/?page_id=19529"},"modified":"2012-03-27T23:40:39","modified_gmt":"2012-03-27T21:40:39","slug":"gedenktafel-1914-1918","status":"publish","type":"page","link":"http:\/\/www.denkfried.de\/wp\/?page_id=19529","title":{"rendered":"Gedenktafel 1914-1918"},"content":{"rendered":"<p>&nbsp;<\/p>\n<p><strong>Wilhelmshaven<\/strong>\u00a0Gedenktafel 1914-1918<\/p>\n<p>Bericht und Bilder von Thomas <a href=\"http:\/\/potsdamer-ehrenmale.de.tl\/Hauptseite.htm\">Potsdamer-Ehrenmale.de<\/a><\/p>\n<div id='gallery-1' class='gallery galleryid-19529 gallery-columns-3 gallery-size-thumbnail'><dl class='gallery-item'>\n\t\t\t<dt class='gallery-icon portrait'>\n\t\t\t\t<a href='http:\/\/www.denkfried.de\/wp\/?attachment_id=19533'><img loading=\"lazy\" decoding=\"async\" width=\"150\" height=\"150\" src=\"http:\/\/www.denkfried.de\/wp\/wp-content\/uploads\/2012\/03\/Gedenktafel-150x150.jpg\" class=\"attachment-thumbnail size-thumbnail\" alt=\"\" \/><\/a>\n\t\t\t<\/dt><\/dl><dl class='gallery-item'>\n\t\t\t<dt class='gallery-icon landscape'>\n\t\t\t\t<a href='http:\/\/www.denkfried.de\/wp\/?attachment_id=19534'><img loading=\"lazy\" decoding=\"async\" width=\"150\" height=\"150\" src=\"http:\/\/www.denkfried.de\/wp\/wp-content\/uploads\/2012\/03\/Gedenktafel-2-150x150.jpg\" class=\"attachment-thumbnail size-thumbnail\" alt=\"\" \/><\/a>\n\t\t\t<\/dt><\/dl><dl class='gallery-item'>\n\t\t\t<dt class='gallery-icon landscape'>\n\t\t\t\t<a href='http:\/\/www.denkfried.de\/wp\/?attachment_id=19535'><img loading=\"lazy\" decoding=\"async\" width=\"150\" height=\"150\" src=\"http:\/\/www.denkfried.de\/wp\/wp-content\/uploads\/2012\/03\/Gedenktafel-3-150x150.jpg\" class=\"attachment-thumbnail size-thumbnail\" alt=\"\" \/><\/a>\n\t\t\t<\/dt><\/dl><br style=\"clear: both\" \/>\n\t\t<\/div>\n\n<p><strong>Gedenktafel<\/strong> in der Marine-Ged\u00e4chtnis Kirche (Evangl. Garnisonkirche) f\u00fcr die im Weltkrieg 1914-18 gesunkene Schiffe und Ged\u00e4chtnis Ehrenbuch mit den Namen der <strong>34751 Gefallenen<\/strong> der Marine.<\/p>\n<p>Inschrift an der Tafel:<\/p>\n<p style=\"text-align: center;\"><em><strong>Mit wehender Flagge sanken vor dem Feinde<\/strong><\/em><\/p>\n<p style=\"text-align: center;\">\n<p><span style=\"text-decoration: underline;\">Aufgelistete Schiffe:<\/span><\/p>\n<address>1. Linienschiff S.M.S. Pommern<\/address>\n<address>7. Grosse Kreuzer<\/address>\n<address>17. Kleine Kreuzer<\/address>\n<address>10. Kanonenboote<\/address>\n<address>6. Spezialschiffe<\/address>\n<address>111. Torpedoboote<\/address>\n<address>199. Unterseeboote<\/address>\n<address>29. M. Boote<\/address>\n<address>30. Marine-Luftschiffe<\/address>\n<address>170. Marine-Land- und See-Flugzeuge<\/address>\n<address>17. Hilfskreuzer<\/address>\n<address>170. Hilfsschiffe<\/address>\n<p>&nbsp;<\/p>\n","protected":false},"excerpt":{"rendered":"<p>&nbsp; Wilhelmshaven\u00a0Gedenktafel 1914-1918 Bericht und Bilder von Thomas Potsdamer-Ehrenmale.de Gedenktafel in der Marine-Ged\u00e4chtnis Kirche (Evangl. Garnisonkirche) f\u00fcr die im Weltkrieg 1914-18 gesunkene Schiffe und Ged\u00e4chtnis Ehrenbuch mit den Namen der 34751 Gefallenen der Marine. Inschrift an der Tafel: Mit wehender &hellip; <a href=\"http:\/\/www.denkfried.de\/wp\/?page_id=19529\">Weiterlesen <span class=\"meta-nav\">&rarr;<\/span><\/a><\/p>\n","protected":false},"author":9,"featured_media":0,"parent":19527,"menu_order":0,"comment_status":"closed","ping_status":"open","template":"","meta":{"footnotes":""},"class_list":["post-19529","page","type-page","status-publish","hentry"],"_links":{"self":[{"href":"http:\/\/www.denkfried.de\/wp\/index.php?rest_route=\/wp\/v2\/pages\/19529","targetHints":{"allow":["GET"]}}],"collection":[{"href":"http:\/\/www.denkfried.de\/wp\/index.php?rest_route=\/wp\/v2\/pages"}],"about":[{"href":"http:\/\/www.denkfried.de\/wp\/index.php?rest_route=\/wp\/v2\/types\/page"}],"author":[{"embeddable":true,"href":"http:\/\/www.denkfried.de\/wp\/index.php?rest_route=\/wp\/v2\/users\/9"}],"replies":[{"embeddable":true,"href":"http:\/\/www.denkfried.de\/wp\/index.php?rest_route=%2Fwp%2Fv2%2Fcomments&post=19529"}],"version-history":[{"count":7,"href":"http:\/\/www.denkfried.de\/wp\/index.php?rest_route=\/wp\/v2\/pages\/19529\/revisions"}],"predecessor-version":[{"id":20147,"href":"http:\/\/www.denkfried.de\/wp\/index.php?rest_route=\/wp\/v2\/pages\/19529\/revisions\/20147"}],"up":[{"embeddable":true,"href":"http:\/\/www.denkfried.de\/wp\/index.php?rest_route=\/wp\/v2\/pages\/19527"}],"wp:attachment":[{"href":"http:\/\/www.denkfried.de\/wp\/index.php?rest_route=%2Fwp%2Fv2%2Fmedia&parent=19529"}],"curies":[{"name":"wp","href":"https:\/\/api.w.org\/{rel}","templated":true}]}}