{"id":19463,"date":"2012-03-21T00:47:52","date_gmt":"2012-03-20T23:47:52","guid":{"rendered":"http:\/\/www.denkfried.de\/wp\/?page_id=19463"},"modified":"2014-05-03T22:07:09","modified_gmt":"2014-05-03T20:07:09","slug":"pentling","status":"publish","type":"page","link":"http:\/\/www.denkfried.de\/wp\/?page_id=19463","title":{"rendered":"Pentling"},"content":{"rendered":"<p>&nbsp;<\/p>\n<p><span style=\"text-decoration: underline;\"><strong>93080 Pentling<\/strong><\/span><\/p>\n<h3>Ortsteile:<\/h3>\n<blockquote>\n<ul>\n<li><a title=\"Gra\u00dflfing\" href=\"http:\/\/www.denkfried.de\/wp\/?page_id=19477\">Gra\u00dflfing<\/a><\/li>\n<li><a title=\"Gro\u00dfberg\" href=\"http:\/\/www.denkfried.de\/wp\/?page_id=19484\">Gro\u00dfberg<\/a><\/li>\n<li><a title=\"Hohengebraching\" href=\"http:\/\/www.denkfried.de\/wp\/?page_id=19490\">Hohengebraching<\/a><\/li>\n<li><a title=\"Matting\" href=\"http:\/\/www.denkfried.de\/wp\/?page_id=19497\">Matting<\/a><\/li>\n<\/ul>\n<\/blockquote>\n<p>+++++++++++++++++++++++++++++++++++++++++++++++++++++++++++++<\/p>\n<p>Auf dem Vorplatz des Rathauses steht eine Jurakalk Steins\u00e4ule mit einem aufsitzenden bayerischen L\u00f6wen, der in seiner Pranke ein Schild mit Rauten h\u00e4lt, darauf die Inschrift:<\/p>\n<p><em><strong>&#8222;In Treue fest&#8220;.<\/strong><\/em><\/p>\n<p>An der Seite eine wei\u00dfe Tafel mit der Inschrift:<\/p>\n<p><em><strong>&#8222;Den Gefallenen und Vermi\u00dften der Gemeinde Pentling zum Gedenken&#8220;.<\/strong><\/em><\/p>\n<p>Text: Hubert<\/p>\n<div id='gallery-1' class='gallery galleryid-19463 gallery-columns-3 gallery-size-thumbnail'><dl class='gallery-item'>\n\t\t\t<dt class='gallery-icon portrait'>\n\t\t\t\t<a href='http:\/\/www.denkfried.de\/wp\/?attachment_id=19469'><img loading=\"lazy\" decoding=\"async\" width=\"150\" height=\"150\" src=\"http:\/\/www.denkfried.de\/wp\/wp-content\/uploads\/2012\/03\/KDM-Pentling-01-150x150.jpg\" class=\"attachment-thumbnail size-thumbnail\" alt=\"\" \/><\/a>\n\t\t\t<\/dt><\/dl><dl class='gallery-item'>\n\t\t\t<dt class='gallery-icon portrait'>\n\t\t\t\t<a href='http:\/\/www.denkfried.de\/wp\/?attachment_id=19470'><img loading=\"lazy\" decoding=\"async\" width=\"150\" height=\"150\" src=\"http:\/\/www.denkfried.de\/wp\/wp-content\/uploads\/2012\/03\/KDM-Pentling-02-150x150.jpg\" class=\"attachment-thumbnail size-thumbnail\" alt=\"\" \/><\/a>\n\t\t\t<\/dt><\/dl><dl class='gallery-item'>\n\t\t\t<dt class='gallery-icon portrait'>\n\t\t\t\t<a href='http:\/\/www.denkfried.de\/wp\/?attachment_id=19471'><img loading=\"lazy\" decoding=\"async\" width=\"150\" height=\"150\" src=\"http:\/\/www.denkfried.de\/wp\/wp-content\/uploads\/2012\/03\/KDM-Pentling-03-150x150.jpg\" class=\"attachment-thumbnail size-thumbnail\" alt=\"\" \/><\/a>\n\t\t\t<\/dt><\/dl><br style=\"clear: both\" \/><dl class='gallery-item'>\n\t\t\t<dt class='gallery-icon portrait'>\n\t\t\t\t<a href='http:\/\/www.denkfried.de\/wp\/?attachment_id=19472'><img loading=\"lazy\" decoding=\"async\" width=\"150\" height=\"150\" src=\"http:\/\/www.denkfried.de\/wp\/wp-content\/uploads\/2012\/03\/KDM-Pentling-04-150x150.jpg\" class=\"attachment-thumbnail size-thumbnail\" alt=\"\" \/><\/a>\n\t\t\t<\/dt><\/dl><dl class='gallery-item'>\n\t\t\t<dt class='gallery-icon portrait'>\n\t\t\t\t<a href='http:\/\/www.denkfried.de\/wp\/?attachment_id=19473'><img loading=\"lazy\" decoding=\"async\" width=\"150\" height=\"150\" src=\"http:\/\/www.denkfried.de\/wp\/wp-content\/uploads\/2012\/03\/KDM-Pentling-05-150x150.jpg\" class=\"attachment-thumbnail size-thumbnail\" alt=\"\" \/><\/a>\n\t\t\t<\/dt><\/dl><dl class='gallery-item'>\n\t\t\t<dt class='gallery-icon portrait'>\n\t\t\t\t<a href='http:\/\/www.denkfried.de\/wp\/?attachment_id=19474'><img loading=\"lazy\" decoding=\"async\" width=\"150\" height=\"150\" src=\"http:\/\/www.denkfried.de\/wp\/wp-content\/uploads\/2012\/03\/KDM-Pentling-06-150x150.jpg\" class=\"attachment-thumbnail size-thumbnail\" alt=\"\" \/><\/a>\n\t\t\t<\/dt><\/dl><br style=\"clear: both\" \/>\n\t\t<\/div>\n\n","protected":false},"excerpt":{"rendered":"<p>&nbsp; 93080 Pentling Ortsteile: Gra\u00dflfing Gro\u00dfberg Hohengebraching Matting +++++++++++++++++++++++++++++++++++++++++++++++++++++++++++++ Auf dem Vorplatz des Rathauses steht eine Jurakalk Steins\u00e4ule mit einem aufsitzenden bayerischen L\u00f6wen, der in seiner Pranke ein Schild mit Rauten h\u00e4lt, darauf die Inschrift: &#8222;In Treue fest&#8220;. An der &hellip; <a href=\"http:\/\/www.denkfried.de\/wp\/?page_id=19463\">Weiterlesen <span class=\"meta-nav\">&rarr;<\/span><\/a><\/p>\n","protected":false},"author":7,"featured_media":0,"parent":11523,"menu_order":0,"comment_status":"closed","ping_status":"open","template":"","meta":{"footnotes":""},"class_list":["post-19463","page","type-page","status-publish","hentry"],"_links":{"self":[{"href":"http:\/\/www.denkfried.de\/wp\/index.php?rest_route=\/wp\/v2\/pages\/19463","targetHints":{"allow":["GET"]}}],"collection":[{"href":"http:\/\/www.denkfried.de\/wp\/index.php?rest_route=\/wp\/v2\/pages"}],"about":[{"href":"http:\/\/www.denkfried.de\/wp\/index.php?rest_route=\/wp\/v2\/types\/page"}],"author":[{"embeddable":true,"href":"http:\/\/www.denkfried.de\/wp\/index.php?rest_route=\/wp\/v2\/users\/7"}],"replies":[{"embeddable":true,"href":"http:\/\/www.denkfried.de\/wp\/index.php?rest_route=%2Fwp%2Fv2%2Fcomments&post=19463"}],"version-history":[{"count":3,"href":"http:\/\/www.denkfried.de\/wp\/index.php?rest_route=\/wp\/v2\/pages\/19463\/revisions"}],"predecessor-version":[{"id":35259,"href":"http:\/\/www.denkfried.de\/wp\/index.php?rest_route=\/wp\/v2\/pages\/19463\/revisions\/35259"}],"up":[{"embeddable":true,"href":"http:\/\/www.denkfried.de\/wp\/index.php?rest_route=\/wp\/v2\/pages\/11523"}],"wp:attachment":[{"href":"http:\/\/www.denkfried.de\/wp\/index.php?rest_route=%2Fwp%2Fv2%2Fmedia&parent=19463"}],"curies":[{"name":"wp","href":"https:\/\/api.w.org\/{rel}","templated":true}]}}