{"id":19363,"date":"2012-03-19T23:45:50","date_gmt":"2012-03-19T22:45:50","guid":{"rendered":"http:\/\/www.denkfried.de\/wp\/?page_id=19363"},"modified":"2014-05-03T20:14:25","modified_gmt":"2014-05-03T18:14:25","slug":"nittendorf","status":"publish","type":"page","link":"http:\/\/www.denkfried.de\/wp\/?page_id=19363","title":{"rendered":"Nittendorf"},"content":{"rendered":"<p>&nbsp;<\/p>\n<p><span style=\"text-decoration: underline;\"><strong>93152 Nittendorf<\/strong><\/span><\/p>\n<h3>Ortsteile:<\/h3>\n<blockquote>\n<ul>\n<li><a title=\"Etterzhausen\" href=\"http:\/\/www.denkfried.de\/wp\/?page_id=19388\">Etterzhausen<\/a><\/li>\n<li><a title=\"Sch\u00f6nhofen\" href=\"http:\/\/www.denkfried.de\/wp\/?page_id=19397\">Sch\u00f6nhofen<\/a><\/li>\n<li><a title=\"Thumhausen\" href=\"http:\/\/www.denkfried.de\/wp\/?page_id=22432\">Thumhausen<\/a><\/li>\n<li><a title=\"Undorf\" href=\"http:\/\/www.denkfried.de\/wp\/?page_id=19402\">Undorf<\/a><\/li>\n<\/ul>\n<\/blockquote>\n<p>+++++++++++++++++++++++++++++++++++++++++++++++++++++++++++<\/p>\n<p>Gedenkst\u00e4tte auf dem Friedhof. Ein gro\u00dfer, schwarzer Granitobelisk, in der Spitze ein goldenes, lateinisches Kreuz, darunter ein gro\u00dfes Frontk\u00e4mpferehrenkreuz aus Bronze aufgelegt. Darunter die Inschrift:<\/p>\n<address style=\"padding-left: 60px;\"><em><strong>&#8222;Den 1866 und 1870\/71 auf dem Felde der Ehre Gebliebenen der Pfarrei Nittendorf&#8220;.<\/strong><\/em><\/address>\n<p>Auf der R\u00fcckseite die Inschrift:<\/p>\n<p><em><strong>&#8222;Gewidmet von der Familie Fromm in Etterzhausen&#8220;.<\/strong><\/em><\/p>\n<p>Auf einer weiteren Seite des Denkmals ein gro\u00dfes Eisernes Kreuz, darunter die Inschrift:<\/p>\n<p><em><strong>&#8222;Den 1914-1918 gefallenen Helden von Nittendorf&#8220;.<\/strong><\/em><\/p>\n<p>Auf der letzten Seite eine entsprechende Abbildung und Gestaltung mit Inschrift:<\/p>\n<p><em><strong>&#8222;Den 1914-1918 gefallenen Helden von Etterzhausen&#8220;.<\/strong><\/em><\/p>\n<p>Rechts und links neben dem Obelisk jeweils zwei gro\u00dfe, schwarze Granittafeln mit den Namen der Gefallenen von 1939-1945 und in der Mitte eine kleine Tafel mit den Namen der Vermi\u00dften von 1939-1945.<\/p>\n<p>Text: Hubert<\/p>\n<div id='gallery-1' class='gallery galleryid-19363 gallery-columns-3 gallery-size-thumbnail'><dl class='gallery-item'>\n\t\t\t<dt class='gallery-icon landscape'>\n\t\t\t\t<a href='http:\/\/www.denkfried.de\/wp\/?attachment_id=19366'><img loading=\"lazy\" decoding=\"async\" width=\"150\" height=\"150\" src=\"http:\/\/www.denkfried.de\/wp\/wp-content\/uploads\/2012\/03\/KDM-Nittendorf-00-150x150.jpg\" class=\"attachment-thumbnail size-thumbnail\" alt=\"\" \/><\/a>\n\t\t\t<\/dt><\/dl><dl class='gallery-item'>\n\t\t\t<dt class='gallery-icon portrait'>\n\t\t\t\t<a href='http:\/\/www.denkfried.de\/wp\/?attachment_id=19367'><img loading=\"lazy\" decoding=\"async\" width=\"150\" height=\"150\" src=\"http:\/\/www.denkfried.de\/wp\/wp-content\/uploads\/2012\/03\/KDM-Nittendorf-01-150x150.jpg\" class=\"attachment-thumbnail size-thumbnail\" alt=\"\" \/><\/a>\n\t\t\t<\/dt><\/dl><dl class='gallery-item'>\n\t\t\t<dt class='gallery-icon portrait'>\n\t\t\t\t<a href='http:\/\/www.denkfried.de\/wp\/?attachment_id=19368'><img loading=\"lazy\" decoding=\"async\" width=\"150\" height=\"150\" src=\"http:\/\/www.denkfried.de\/wp\/wp-content\/uploads\/2012\/03\/KDM-Nittendorf-02-150x150.jpg\" class=\"attachment-thumbnail size-thumbnail\" alt=\"\" \/><\/a>\n\t\t\t<\/dt><\/dl><br style=\"clear: both\" \/><dl class='gallery-item'>\n\t\t\t<dt class='gallery-icon portrait'>\n\t\t\t\t<a href='http:\/\/www.denkfried.de\/wp\/?attachment_id=19369'><img loading=\"lazy\" decoding=\"async\" width=\"150\" height=\"150\" src=\"http:\/\/www.denkfried.de\/wp\/wp-content\/uploads\/2012\/03\/KDM-Nittendorf-03-150x150.jpg\" class=\"attachment-thumbnail size-thumbnail\" alt=\"\" \/><\/a>\n\t\t\t<\/dt><\/dl><dl class='gallery-item'>\n\t\t\t<dt class='gallery-icon portrait'>\n\t\t\t\t<a href='http:\/\/www.denkfried.de\/wp\/?attachment_id=19370'><img loading=\"lazy\" decoding=\"async\" width=\"150\" height=\"150\" src=\"http:\/\/www.denkfried.de\/wp\/wp-content\/uploads\/2012\/03\/KDM-Nittendorf-04-150x150.jpg\" class=\"attachment-thumbnail size-thumbnail\" alt=\"\" \/><\/a>\n\t\t\t<\/dt><\/dl><dl class='gallery-item'>\n\t\t\t<dt class='gallery-icon landscape'>\n\t\t\t\t<a href='http:\/\/www.denkfried.de\/wp\/?attachment_id=19371'><img loading=\"lazy\" decoding=\"async\" width=\"150\" height=\"150\" src=\"http:\/\/www.denkfried.de\/wp\/wp-content\/uploads\/2012\/03\/KDM-Nittendorf-05-150x150.jpg\" class=\"attachment-thumbnail size-thumbnail\" alt=\"\" \/><\/a>\n\t\t\t<\/dt><\/dl><br style=\"clear: both\" \/><dl class='gallery-item'>\n\t\t\t<dt class='gallery-icon portrait'>\n\t\t\t\t<a href='http:\/\/www.denkfried.de\/wp\/?attachment_id=19372'><img loading=\"lazy\" decoding=\"async\" width=\"150\" height=\"150\" src=\"http:\/\/www.denkfried.de\/wp\/wp-content\/uploads\/2012\/03\/KDM-Nittendorf-06-150x150.jpg\" class=\"attachment-thumbnail size-thumbnail\" alt=\"\" \/><\/a>\n\t\t\t<\/dt><\/dl><dl class='gallery-item'>\n\t\t\t<dt class='gallery-icon portrait'>\n\t\t\t\t<a href='http:\/\/www.denkfried.de\/wp\/?attachment_id=19373'><img loading=\"lazy\" decoding=\"async\" width=\"150\" height=\"150\" src=\"http:\/\/www.denkfried.de\/wp\/wp-content\/uploads\/2012\/03\/KDM-Nittendorf-07-150x150.jpg\" class=\"attachment-thumbnail size-thumbnail\" alt=\"\" \/><\/a>\n\t\t\t<\/dt><\/dl><dl class='gallery-item'>\n\t\t\t<dt class='gallery-icon portrait'>\n\t\t\t\t<a href='http:\/\/www.denkfried.de\/wp\/?attachment_id=19374'><img loading=\"lazy\" decoding=\"async\" width=\"150\" height=\"150\" src=\"http:\/\/www.denkfried.de\/wp\/wp-content\/uploads\/2012\/03\/KDM-Nittendorf-08-150x150.jpg\" class=\"attachment-thumbnail size-thumbnail\" alt=\"\" \/><\/a>\n\t\t\t<\/dt><\/dl><br style=\"clear: both\" \/>\n\t\t<\/div>\n\n","protected":false},"excerpt":{"rendered":"<p>&nbsp; 93152 Nittendorf Ortsteile: Etterzhausen Sch\u00f6nhofen Thumhausen Undorf +++++++++++++++++++++++++++++++++++++++++++++++++++++++++++ Gedenkst\u00e4tte auf dem Friedhof. Ein gro\u00dfer, schwarzer Granitobelisk, in der Spitze ein goldenes, lateinisches Kreuz, darunter ein gro\u00dfes Frontk\u00e4mpferehrenkreuz aus Bronze aufgelegt. Darunter die Inschrift: &#8222;Den 1866 und 1870\/71 auf dem &hellip; <a href=\"http:\/\/www.denkfried.de\/wp\/?page_id=19363\">Weiterlesen <span class=\"meta-nav\">&rarr;<\/span><\/a><\/p>\n","protected":false},"author":7,"featured_media":0,"parent":11523,"menu_order":0,"comment_status":"closed","ping_status":"open","template":"","meta":{"footnotes":""},"class_list":["post-19363","page","type-page","status-publish","hentry"],"_links":{"self":[{"href":"http:\/\/www.denkfried.de\/wp\/index.php?rest_route=\/wp\/v2\/pages\/19363","targetHints":{"allow":["GET"]}}],"collection":[{"href":"http:\/\/www.denkfried.de\/wp\/index.php?rest_route=\/wp\/v2\/pages"}],"about":[{"href":"http:\/\/www.denkfried.de\/wp\/index.php?rest_route=\/wp\/v2\/types\/page"}],"author":[{"embeddable":true,"href":"http:\/\/www.denkfried.de\/wp\/index.php?rest_route=\/wp\/v2\/users\/7"}],"replies":[{"embeddable":true,"href":"http:\/\/www.denkfried.de\/wp\/index.php?rest_route=%2Fwp%2Fv2%2Fcomments&post=19363"}],"version-history":[{"count":6,"href":"http:\/\/www.denkfried.de\/wp\/index.php?rest_route=\/wp\/v2\/pages\/19363\/revisions"}],"predecessor-version":[{"id":35231,"href":"http:\/\/www.denkfried.de\/wp\/index.php?rest_route=\/wp\/v2\/pages\/19363\/revisions\/35231"}],"up":[{"embeddable":true,"href":"http:\/\/www.denkfried.de\/wp\/index.php?rest_route=\/wp\/v2\/pages\/11523"}],"wp:attachment":[{"href":"http:\/\/www.denkfried.de\/wp\/index.php?rest_route=%2Fwp%2Fv2%2Fmedia&parent=19363"}],"curies":[{"name":"wp","href":"https:\/\/api.w.org\/{rel}","templated":true}]}}