{"id":19112,"date":"2012-03-17T18:58:17","date_gmt":"2012-03-17T17:58:17","guid":{"rendered":"http:\/\/www.denkfried.de\/wp\/?page_id=19112"},"modified":"2015-11-22T18:58:40","modified_gmt":"2015-11-22T17:58:40","slug":"friedrichsfelde-denkmaler","status":"publish","type":"page","link":"http:\/\/www.denkfried.de\/wp\/?page_id=19112","title":{"rendered":"Friedrichsfelde &#8211; Denkm\u00e4ler"},"content":{"rendered":"<p>&nbsp;<\/p>\n<p><strong>Berlin Friedrichsfelde<\/strong> Kriegerdenkm\u00e4ler<\/p>\n<p>Bericht und Bilder von Thomas\u00a0<a href=\"http:\/\/g-bb.jimdo.com\/\">Gefallenendenkm\u00e4ler Berlin\/Brandenburg<\/a><\/p>\n<div id='gallery-1' class='gallery galleryid-19112 gallery-columns-4 gallery-size-thumbnail'><dl class='gallery-item'>\n\t\t\t<dt class='gallery-icon landscape'>\n\t\t\t\t<a href='http:\/\/www.denkfried.de\/wp\/?attachment_id=19115'><img loading=\"lazy\" decoding=\"async\" width=\"150\" height=\"150\" src=\"http:\/\/www.denkfried.de\/wp\/wp-content\/uploads\/2012\/03\/DSCF1457-150x150.jpg\" class=\"attachment-thumbnail size-thumbnail\" alt=\"\" \/><\/a>\n\t\t\t<\/dt><\/dl><dl class='gallery-item'>\n\t\t\t<dt class='gallery-icon landscape'>\n\t\t\t\t<a href='http:\/\/www.denkfried.de\/wp\/?attachment_id=19118'><img loading=\"lazy\" decoding=\"async\" width=\"150\" height=\"150\" src=\"http:\/\/www.denkfried.de\/wp\/wp-content\/uploads\/2012\/03\/DSCF1460-150x150.jpg\" class=\"attachment-thumbnail size-thumbnail\" alt=\"\" \/><\/a>\n\t\t\t<\/dt><\/dl><dl class='gallery-item'>\n\t\t\t<dt class='gallery-icon landscape'>\n\t\t\t\t<a href='http:\/\/www.denkfried.de\/wp\/?attachment_id=19117'><img loading=\"lazy\" decoding=\"async\" width=\"150\" height=\"150\" src=\"http:\/\/www.denkfried.de\/wp\/wp-content\/uploads\/2012\/03\/DSCF1459-150x150.jpg\" class=\"attachment-thumbnail size-thumbnail\" alt=\"\" \/><\/a>\n\t\t\t<\/dt><\/dl><dl class='gallery-item'>\n\t\t\t<dt class='gallery-icon landscape'>\n\t\t\t\t<a href='http:\/\/www.denkfried.de\/wp\/?attachment_id=19116'><img loading=\"lazy\" decoding=\"async\" width=\"150\" height=\"150\" src=\"http:\/\/www.denkfried.de\/wp\/wp-content\/uploads\/2012\/03\/DSCF1458-150x150.jpg\" class=\"attachment-thumbnail size-thumbnail\" alt=\"\" \/><\/a>\n\t\t\t<\/dt><\/dl><br style=\"clear: both\" \/><dl class='gallery-item'>\n\t\t\t<dt class='gallery-icon portrait'>\n\t\t\t\t<a href='http:\/\/www.denkfried.de\/wp\/?attachment_id=30169'><img loading=\"lazy\" decoding=\"async\" width=\"150\" height=\"150\" src=\"http:\/\/www.denkfried.de\/wp\/wp-content\/uploads\/2012\/03\/Denkmal-Ehrenmal-Berlin-Friedrichsfelde-150x150.jpg\" class=\"attachment-thumbnail size-thumbnail\" alt=\"\" \/><\/a>\n\t\t\t<\/dt><\/dl><dl class='gallery-item'>\n\t\t\t<dt class='gallery-icon portrait'>\n\t\t\t\t<a href='http:\/\/www.denkfried.de\/wp\/?attachment_id=38609'><img loading=\"lazy\" decoding=\"async\" width=\"150\" height=\"150\" src=\"http:\/\/www.denkfried.de\/wp\/wp-content\/uploads\/2012\/03\/Berlin_Friedrichsfelde_Ehrenmal_Kriegerdenkmal-150x150.jpg\" class=\"attachment-thumbnail size-thumbnail\" alt=\"\" \/><\/a>\n\t\t\t<\/dt><\/dl><dl class='gallery-item'>\n\t\t\t<dt class='gallery-icon landscape'>\n\t\t\t\t<a href='http:\/\/www.denkfried.de\/wp\/?attachment_id=19122'><img loading=\"lazy\" decoding=\"async\" width=\"150\" height=\"150\" src=\"http:\/\/www.denkfried.de\/wp\/wp-content\/uploads\/2012\/03\/DSCF1478-150x150.jpg\" class=\"attachment-thumbnail size-thumbnail\" alt=\"\" \/><\/a>\n\t\t\t<\/dt><\/dl><dl class='gallery-item'>\n\t\t\t<dt class='gallery-icon landscape'>\n\t\t\t\t<a href='http:\/\/www.denkfried.de\/wp\/?attachment_id=19120'><img loading=\"lazy\" decoding=\"async\" width=\"150\" height=\"150\" src=\"http:\/\/www.denkfried.de\/wp\/wp-content\/uploads\/2012\/03\/DSCF1474-150x150.jpg\" class=\"attachment-thumbnail size-thumbnail\" alt=\"\" \/><\/a>\n\t\t\t<\/dt><\/dl><br style=\"clear: both\" \/>\n\t\t<\/div>\n\n<p>Ein Denkmal erinnert an die Toten des preu\u00dfisch-deutschen Krieg von 1866 und den deutsch-franz\u00f6sischen Krieg von 1870-71. Es steht gegen\u00fcber der Dorfkirche auf einer Gr\u00fcnfl\u00e4che in der Alfred-Kowalke-Stra\u00dfe, das Denkmal\u00a0wurde\u00a0im Volksmund auch &#8222;Preu\u00dfens\u00e4ule&#8220; genannt. Errichtet wurde die S\u00e4ule 1876 von Thi\u00e9.\u00a0Am Sockel sind Inschriften an allen vier Seiten. Zwei mit Namen von Gefallenen und auf zwei folgende Inschrift:<\/p>\n<p style=\"text-align: center;\"><em><strong>Friedrichsfelde seinen in den Jahren 1866, 1870 und 1871 gefallenen S\u00f6hnen<\/strong><\/em><\/p>\n<p style=\"text-align: center;\"><em><strong>Den Gefallenen zum Ged\u00e4chtnis, den Lebenden zur Anerkennung, den k\u00fcnftigen Geschlechtern zur Nacheiferung.<\/strong><\/em><\/p>\n<p>Carl Lindicke\u00a02.Garde Regt. zu Fuss gef.\u00a03. Juli 1866 b. K\u00f6nigsgr\u00e4tz<\/p>\n<p>Carl Metzdorf\u00a0Brandg. F\u00fcs. Regt. No.35\u00a0gest. d. 11. Aug. 1866 \u00a0verw. b.<br \/>\nK\u00f6nigsgr\u00e4tz<\/p>\n<p>Wilhelm Ballwei Musketier der\u00a0<span lang=\"DE\">6.Comp. Brandg. <\/span>Inf. Regt. No. 35\u00a0gest. 6. Aug 1866<\/p>\n<p>Wilhelm Budach\u00a0Bn. F\u00fcs. Regt. No.35 gef.\u00a0<span lang=\"FR\">16. Aug.<\/span><span lang=\"DE\"> 1870 bei<\/span><span lang=\"FR\">.\u00a0<\/span><span lang=\"DE\">Mars <\/span><span lang=\"FR\">la Tour<\/span><\/p>\n<p>August Salzmann\u00a0Bn. F\u00fcs. Reg. No.35\u00a0<span lang=\"FR\">gest. d. 30. Sept.\u00a0<\/span><span lang=\"DE\">1870\u00a0verw. bei Mars<br \/>\n<span lang=\"FR\">l<\/span><span lang=\"FR\">a Tour am\u00a0<\/span><span lang=\"FR\">16. Aug.<\/span><\/span><\/p>\n<p>Wilhelm Porth\u00a060. Inf. Regt. gef.\u00a018. Aug. 1870 b. Gravelotte<\/p>\n<p>A. Carl M\u00fcller\u00a060. Inf. Regt.\u00a0gest. d. 26. Aug. 1870\u00a0verw. b. Gravelotte<br \/>\nam 18.Aug. 1870<\/p>\n<p>Wilhelm Kietzer\u00a03. Garde Garnision Regt.\u00a0<span lang=\"DE\">gest. d.<\/span> <span lang=\"DE\">10. M\u00e4rz 1871 in Mainz<\/span><\/p>\n<p><span style=\"text-decoration: underline;\"><strong>Denkmal 1914 &#8211; 1918<\/strong><\/span><\/p>\n<p>Das 1920 errichtete Denkmal befindet sich ebenfalls in der\u00a0Alfred-Kowalke-Stra\u00dfe, jedoch steht es auf der anderen Stra\u00dfenseite, direkt neben der Kirche. Untern am Sockel befindet sich ein Gedenkstein. Am Denkmal sind einst an drei Seiten Namen angebracht worden. Auf der R\u00fcckseite ist eine Tafel wahrscheinlich sp\u00e4ter hinzugef\u00fcgt. Gekr\u00f6nt wird das Denkmal von einem Adler.<\/p>\n<address style=\"text-align: center;\"><em><strong>Den im Weltkriege 1914-1918\u00a0gefallenen S\u00f6hnen<\/strong><\/em><\/address>\n<address style=\"text-align: center;\"><em><strong>das dankbare Friedrichsfelde<\/strong><\/em><\/address>\n<address style=\"text-align: center;\">\u00a0<\/address>\n<p>\u00a0Am Denkmal sind 201 Namen verzeichnet, sie\u00a0wurden in die Datenbank eingepflegt.<\/p>\n","protected":false},"excerpt":{"rendered":"<p>&nbsp; Berlin Friedrichsfelde Kriegerdenkm\u00e4ler Bericht und Bilder von Thomas\u00a0Gefallenendenkm\u00e4ler Berlin\/Brandenburg Ein Denkmal erinnert an die Toten des preu\u00dfisch-deutschen Krieg von 1866 und den deutsch-franz\u00f6sischen Krieg von 1870-71. Es steht gegen\u00fcber der Dorfkirche auf einer Gr\u00fcnfl\u00e4che in der Alfred-Kowalke-Stra\u00dfe, das Denkmal\u00a0wurde\u00a0im &hellip; <a href=\"http:\/\/www.denkfried.de\/wp\/?page_id=19112\">Weiterlesen <span class=\"meta-nav\">&rarr;<\/span><\/a><\/p>\n","protected":false},"author":9,"featured_media":0,"parent":26909,"menu_order":0,"comment_status":"closed","ping_status":"open","template":"","meta":{"footnotes":""},"class_list":["post-19112","page","type-page","status-publish","hentry"],"_links":{"self":[{"href":"http:\/\/www.denkfried.de\/wp\/index.php?rest_route=\/wp\/v2\/pages\/19112","targetHints":{"allow":["GET"]}}],"collection":[{"href":"http:\/\/www.denkfried.de\/wp\/index.php?rest_route=\/wp\/v2\/pages"}],"about":[{"href":"http:\/\/www.denkfried.de\/wp\/index.php?rest_route=\/wp\/v2\/types\/page"}],"author":[{"embeddable":true,"href":"http:\/\/www.denkfried.de\/wp\/index.php?rest_route=\/wp\/v2\/users\/9"}],"replies":[{"embeddable":true,"href":"http:\/\/www.denkfried.de\/wp\/index.php?rest_route=%2Fwp%2Fv2%2Fcomments&post=19112"}],"version-history":[{"count":21,"href":"http:\/\/www.denkfried.de\/wp\/index.php?rest_route=\/wp\/v2\/pages\/19112\/revisions"}],"predecessor-version":[{"id":39503,"href":"http:\/\/www.denkfried.de\/wp\/index.php?rest_route=\/wp\/v2\/pages\/19112\/revisions\/39503"}],"up":[{"embeddable":true,"href":"http:\/\/www.denkfried.de\/wp\/index.php?rest_route=\/wp\/v2\/pages\/26909"}],"wp:attachment":[{"href":"http:\/\/www.denkfried.de\/wp\/index.php?rest_route=%2Fwp%2Fv2%2Fmedia&parent=19112"}],"curies":[{"name":"wp","href":"https:\/\/api.w.org\/{rel}","templated":true}]}}