{"id":19084,"date":"2012-03-17T18:08:22","date_gmt":"2012-03-17T17:08:22","guid":{"rendered":"http:\/\/www.denkfried.de\/wp\/?page_id=19084"},"modified":"2015-11-28T18:15:03","modified_gmt":"2015-11-28T17:15:03","slug":"neukolln-fhf-emmaus","status":"publish","type":"page","link":"http:\/\/www.denkfried.de\/wp\/?page_id=19084","title":{"rendered":"Friedhof Emmaus"},"content":{"rendered":"<p>&nbsp;<\/p>\n<p><strong>Berlin Neuk\u00f6lln<\/strong> Ev. Friedhof Emmaus,\u00a0Hermannstra\u00dfe 133<\/p>\n<p>Bericht und Bilder von Thomas\u00a0<a href=\"http:\/\/g-bb.jimdo.com\/\">Gefallenendenkm\u00e4ler Berlin\/Brandenburg<\/a><\/p>\n<div id='gallery-1' class='gallery galleryid-19084 gallery-columns-4 gallery-size-thumbnail'><dl class='gallery-item'>\n\t\t\t<dt class='gallery-icon landscape'>\n\t\t\t\t<a href='http:\/\/www.denkfried.de\/wp\/?attachment_id=21526'><img loading=\"lazy\" decoding=\"async\" width=\"150\" height=\"150\" src=\"http:\/\/www.denkfried.de\/wp\/wp-content\/uploads\/2012\/03\/DSCF2121-150x150.jpg\" class=\"attachment-thumbnail size-thumbnail\" alt=\"\" \/><\/a>\n\t\t\t<\/dt><\/dl><dl class='gallery-item'>\n\t\t\t<dt class='gallery-icon portrait'>\n\t\t\t\t<a href='http:\/\/www.denkfried.de\/wp\/?attachment_id=21524'><img loading=\"lazy\" decoding=\"async\" width=\"150\" height=\"150\" src=\"http:\/\/www.denkfried.de\/wp\/wp-content\/uploads\/2012\/03\/DSCF2117-150x150.jpg\" class=\"attachment-thumbnail size-thumbnail\" alt=\"\" \/><\/a>\n\t\t\t<\/dt><\/dl><dl class='gallery-item'>\n\t\t\t<dt class='gallery-icon landscape'>\n\t\t\t\t<a href='http:\/\/www.denkfried.de\/wp\/?attachment_id=21525'><img loading=\"lazy\" decoding=\"async\" width=\"150\" height=\"150\" src=\"http:\/\/www.denkfried.de\/wp\/wp-content\/uploads\/2012\/03\/DSCF2120-150x150.jpg\" class=\"attachment-thumbnail size-thumbnail\" alt=\"\" \/><\/a>\n\t\t\t<\/dt><\/dl><dl class='gallery-item'>\n\t\t\t<dt class='gallery-icon landscape'>\n\t\t\t\t<a href='http:\/\/www.denkfried.de\/wp\/?attachment_id=19091'><img loading=\"lazy\" decoding=\"async\" width=\"150\" height=\"150\" src=\"http:\/\/www.denkfried.de\/wp\/wp-content\/uploads\/2012\/03\/DSCF1570-150x150.jpg\" class=\"attachment-thumbnail size-thumbnail\" alt=\"\" \/><\/a>\n\t\t\t<\/dt><\/dl><br style=\"clear: both\" \/><dl class='gallery-item'>\n\t\t\t<dt class='gallery-icon landscape'>\n\t\t\t\t<a href='http:\/\/www.denkfried.de\/wp\/?attachment_id=19087'><img loading=\"lazy\" decoding=\"async\" width=\"150\" height=\"150\" src=\"http:\/\/www.denkfried.de\/wp\/wp-content\/uploads\/2012\/03\/DSCF1053-150x150.jpg\" class=\"attachment-thumbnail size-thumbnail\" alt=\"\" \/><\/a>\n\t\t\t<\/dt><\/dl><dl class='gallery-item'>\n\t\t\t<dt class='gallery-icon landscape'>\n\t\t\t\t<a href='http:\/\/www.denkfried.de\/wp\/?attachment_id=19086'><img loading=\"lazy\" decoding=\"async\" width=\"150\" height=\"150\" src=\"http:\/\/www.denkfried.de\/wp\/wp-content\/uploads\/2012\/03\/DSCF1051-150x150.jpg\" class=\"attachment-thumbnail size-thumbnail\" alt=\"\" \/><\/a>\n\t\t\t<\/dt><\/dl><dl class='gallery-item'>\n\t\t\t<dt class='gallery-icon portrait'>\n\t\t\t\t<a href='http:\/\/www.denkfried.de\/wp\/?attachment_id=19090'><img loading=\"lazy\" decoding=\"async\" width=\"150\" height=\"150\" src=\"http:\/\/www.denkfried.de\/wp\/wp-content\/uploads\/2012\/03\/DSCF1482-150x150.jpg\" class=\"attachment-thumbnail size-thumbnail\" alt=\"\" srcset=\"http:\/\/www.denkfried.de\/wp\/wp-content\/uploads\/2012\/03\/DSCF1482-150x150.jpg 150w, http:\/\/www.denkfried.de\/wp\/wp-content\/uploads\/2012\/03\/DSCF1482-300x300.jpg 300w, http:\/\/www.denkfried.de\/wp\/wp-content\/uploads\/2012\/03\/DSCF1482.jpg 719w\" sizes=\"auto, (max-width: 150px) 100vw, 150px\" \/><\/a>\n\t\t\t<\/dt><\/dl><dl class='gallery-item'>\n\t\t\t<dt class='gallery-icon landscape'>\n\t\t\t\t<a href='http:\/\/www.denkfried.de\/wp\/?attachment_id=19089'><img loading=\"lazy\" decoding=\"async\" width=\"150\" height=\"150\" src=\"http:\/\/www.denkfried.de\/wp\/wp-content\/uploads\/2012\/03\/DSCF1481-150x150.jpg\" class=\"attachment-thumbnail size-thumbnail\" alt=\"\" \/><\/a>\n\t\t\t<\/dt><\/dl><br style=\"clear: both\" \/>\n\t\t<\/div>\n\n<p>Im Eingangsbereich steht ein Denkmal f\u00fcr die Opfer beider Weltkriege. Hinter dem Steinkreuz sind zwei kleine Steinb\u00e4nke, mit den Kriegsjahren. Ein Kriegsgr\u00e4berfeld befindet sich im hinteren Bereich des Friedhofs. Hier ruhen Opfer beider Weltkriege.<\/p>\n<address style=\"text-align: center;\"><em><strong>Unseren Toten<\/strong><\/em><\/address>\n<address style=\"text-align: center;\"><em><strong>1914-1918 \u00a01939-1945<\/strong><\/em><\/address>\n<p><strong>Kriegsgr\u00e4ber<\/strong><\/p>\n<p>Im hinterem Friedhofsteil, in der Anlage HI, hier begraben sind Tote beider Weltkriege. Unter den Toten sind Soldaten, Bombenopfer und weiter zivile Kriegstote, 13 blieben Unbekannt. Es ruhen hier gefallene der ersten Kriegstage des zweiten Weltkrieges, einige starben auch noch nach ende des Weltkrieges. Hier ruhen <strong>538 Kriegstote<\/strong> (29-1 Weltkrieg).<\/p>\n<p>Es konnten noch zwei private Gr\u00e4ber, und drei private Gedenken dokumentiert werden.<\/p>\n<p>Die Namen wurden in die Datenbanken eingepflegt.<\/p>\n","protected":false},"excerpt":{"rendered":"<p>&nbsp; Berlin Neuk\u00f6lln Ev. Friedhof Emmaus,\u00a0Hermannstra\u00dfe 133 Bericht und Bilder von Thomas\u00a0Gefallenendenkm\u00e4ler Berlin\/Brandenburg Im Eingangsbereich steht ein Denkmal f\u00fcr die Opfer beider Weltkriege. Hinter dem Steinkreuz sind zwei kleine Steinb\u00e4nke, mit den Kriegsjahren. Ein Kriegsgr\u00e4berfeld befindet sich im hinteren Bereich &hellip; <a href=\"http:\/\/www.denkfried.de\/wp\/?page_id=19084\">Weiterlesen <span class=\"meta-nav\">&rarr;<\/span><\/a><\/p>\n","protected":false},"author":9,"featured_media":0,"parent":19078,"menu_order":0,"comment_status":"closed","ping_status":"open","template":"","meta":{"footnotes":""},"class_list":["post-19084","page","type-page","status-publish","hentry"],"_links":{"self":[{"href":"http:\/\/www.denkfried.de\/wp\/index.php?rest_route=\/wp\/v2\/pages\/19084","targetHints":{"allow":["GET"]}}],"collection":[{"href":"http:\/\/www.denkfried.de\/wp\/index.php?rest_route=\/wp\/v2\/pages"}],"about":[{"href":"http:\/\/www.denkfried.de\/wp\/index.php?rest_route=\/wp\/v2\/types\/page"}],"author":[{"embeddable":true,"href":"http:\/\/www.denkfried.de\/wp\/index.php?rest_route=\/wp\/v2\/users\/9"}],"replies":[{"embeddable":true,"href":"http:\/\/www.denkfried.de\/wp\/index.php?rest_route=%2Fwp%2Fv2%2Fcomments&post=19084"}],"version-history":[{"count":19,"href":"http:\/\/www.denkfried.de\/wp\/index.php?rest_route=\/wp\/v2\/pages\/19084\/revisions"}],"predecessor-version":[{"id":39611,"href":"http:\/\/www.denkfried.de\/wp\/index.php?rest_route=\/wp\/v2\/pages\/19084\/revisions\/39611"}],"up":[{"embeddable":true,"href":"http:\/\/www.denkfried.de\/wp\/index.php?rest_route=\/wp\/v2\/pages\/19078"}],"wp:attachment":[{"href":"http:\/\/www.denkfried.de\/wp\/index.php?rest_route=%2Fwp%2Fv2%2Fmedia&parent=19084"}],"curies":[{"name":"wp","href":"https:\/\/api.w.org\/{rel}","templated":true}]}}