{"id":1906,"date":"2011-04-10T13:23:11","date_gmt":"2011-04-10T11:23:11","guid":{"rendered":"http:\/\/www.denkfried.de\/wp\/?page_id=1906"},"modified":"2011-04-10T13:23:11","modified_gmt":"2011-04-10T11:23:11","slug":"gontscharnoje","status":"publish","type":"page","link":"http:\/\/www.denkfried.de\/wp\/?page_id=1906","title":{"rendered":"GONTSCHARNOJE"},"content":{"rendered":"<p>&nbsp;<\/p>\n<p><span style=\"text-decoration: underline; color: #ff0000;\"><strong>Gontscharnoje<\/strong><\/span> \/ Sewastopol<\/p>\n<p>Kriegstote:\u00a0 \u00a018.303<\/p>\n<p><span style=\"text-decoration: underline;\">Dazu schrieb md11:<\/span><br \/>\nDer deutsche Soldatenfriedhof bei Gontscharnoje<\/p>\n<p>In  der Eichenwaldschonung am H\u00fcgel gegen\u00fcber der Siedlung Gontscharnoje  liegt der zentrale Friedhof f\u00fcr deutsche Gefallene des Zweiten  Weltkrieges. Von den Sowjets waren nach Kriegsende alle Friedh\u00f6fe  deutscher Soldaten eingeebnet worden. Erst mit dem Ende der Sowjetunion  wurde es m\u00f6glich, \u00fcber eine w\u00fcrdige letzte Ruhest\u00e4tte des ehemaligen  Feindes \u00fcberhaupt nachzudenken.<\/p>\n<p>Der Historiker und Schriftsteller  Wassilij Rybka gr\u00fcndete 1989 in Jalta den Fond Jug (Fond \u201eS\u00fcd\u201c), der  sich mit dem Schicksal auf der Krim vermisster und gefallener deutscher  Soldaten (ca. 150.000) besch\u00e4ftigt.<\/p>\n<p>Mit Herrn Rybka und dem Fond Jug kann \u00fcber folgende Adresse Kontakt aufgenommen werden:<br \/>\n\u201eFond Jug\u201c<br \/>\nUl. Partisanskaja 4\/2,<br \/>\n98600 Jalta\/ Ukraine<br \/>\nTel. 0038-0654-323200<\/p>\n","protected":false},"excerpt":{"rendered":"<p>&nbsp; Gontscharnoje \/ Sewastopol Kriegstote:\u00a0 \u00a018.303 Dazu schrieb md11: Der deutsche Soldatenfriedhof bei Gontscharnoje In der Eichenwaldschonung am H\u00fcgel gegen\u00fcber der Siedlung Gontscharnoje liegt der zentrale Friedhof f\u00fcr deutsche Gefallene des Zweiten Weltkrieges. Von den Sowjets waren nach Kriegsende alle &hellip; <a href=\"http:\/\/www.denkfried.de\/wp\/?page_id=1906\">Weiterlesen <span class=\"meta-nav\">&rarr;<\/span><\/a><\/p>\n","protected":false},"author":2,"featured_media":0,"parent":358,"menu_order":0,"comment_status":"closed","ping_status":"open","template":"","meta":{"footnotes":""},"class_list":["post-1906","page","type-page","status-publish","hentry"],"_links":{"self":[{"href":"http:\/\/www.denkfried.de\/wp\/index.php?rest_route=\/wp\/v2\/pages\/1906","targetHints":{"allow":["GET"]}}],"collection":[{"href":"http:\/\/www.denkfried.de\/wp\/index.php?rest_route=\/wp\/v2\/pages"}],"about":[{"href":"http:\/\/www.denkfried.de\/wp\/index.php?rest_route=\/wp\/v2\/types\/page"}],"author":[{"embeddable":true,"href":"http:\/\/www.denkfried.de\/wp\/index.php?rest_route=\/wp\/v2\/users\/2"}],"replies":[{"embeddable":true,"href":"http:\/\/www.denkfried.de\/wp\/index.php?rest_route=%2Fwp%2Fv2%2Fcomments&post=1906"}],"version-history":[{"count":3,"href":"http:\/\/www.denkfried.de\/wp\/index.php?rest_route=\/wp\/v2\/pages\/1906\/revisions"}],"predecessor-version":[{"id":1909,"href":"http:\/\/www.denkfried.de\/wp\/index.php?rest_route=\/wp\/v2\/pages\/1906\/revisions\/1909"}],"up":[{"embeddable":true,"href":"http:\/\/www.denkfried.de\/wp\/index.php?rest_route=\/wp\/v2\/pages\/358"}],"wp:attachment":[{"href":"http:\/\/www.denkfried.de\/wp\/index.php?rest_route=%2Fwp%2Fv2%2Fmedia&parent=1906"}],"curies":[{"name":"wp","href":"https:\/\/api.w.org\/{rel}","templated":true}]}}