{"id":1899,"date":"2011-04-10T13:18:26","date_gmt":"2011-04-10T11:18:26","guid":{"rendered":"http:\/\/www.denkfried.de\/wp\/?page_id=1899"},"modified":"2011-04-10T13:19:25","modified_gmt":"2011-04-10T11:19:25","slug":"charkow","status":"publish","type":"page","link":"http:\/\/www.denkfried.de\/wp\/?page_id=1899","title":{"rendered":"CHARKOW"},"content":{"rendered":"<p>&nbsp;<\/p>\n<p><span style=\"text-decoration: underline; color: #ff0000;\"><strong>Charkow<\/strong><\/span><\/p>\n<p>Kriegsgr\u00e4berst\u00e4tte \u00a0 \u00a0 \u00a0 \u00a0 \u00a0 \u00a0 \u00a0 \u00a0 \u00a0 \u00a0 \u00a0 \u00a0 \u00a0 \u00a0 \u00a0 \u00a0 \u00a0 \u00a0 \u00a0 \u00a0 \u00a0 \u00a0 \u00a0 \u00a0Ukraine\/Charkow &#8211; KGST<\/p>\n<p>Im Februar 1998 weihte der damalige Bundespr\u00e4sident Roman Herzog w\u00e4hrend eines Staatsbesuches diese Kriegsgr\u00e4berst\u00e4tte ein.<br \/>\nHeute ruhen dort fast 40.000 deutsche Soldaten.<\/p>\n<p>Quelle Foto:Wladimir<\/p>\n<p><a rel=\"attachment wp-att-1903\" href=\"http:\/\/www.denkfried.de\/wp\/?attachment_id=1903\"><img loading=\"lazy\" decoding=\"async\" class=\"alignnone size-medium wp-image-1903\" title=\"KGST\" src=\"http:\/\/www.denkfried.de\/wp\/wp-content\/uploads\/2011\/04\/KGST1-300x225.jpg\" alt=\"\" width=\"300\" height=\"225\" srcset=\"http:\/\/www.denkfried.de\/wp\/wp-content\/uploads\/2011\/04\/KGST1-300x225.jpg 300w, http:\/\/www.denkfried.de\/wp\/wp-content\/uploads\/2011\/04\/KGST1.jpg 600w\" sizes=\"auto, (max-width: 300px) 100vw, 300px\" \/><\/a><\/p>\n","protected":false},"excerpt":{"rendered":"<p>&nbsp; Charkow Kriegsgr\u00e4berst\u00e4tte \u00a0 \u00a0 \u00a0 \u00a0 \u00a0 \u00a0 \u00a0 \u00a0 \u00a0 \u00a0 \u00a0 \u00a0 \u00a0 \u00a0 \u00a0 \u00a0 \u00a0 \u00a0 \u00a0 \u00a0 \u00a0 \u00a0 \u00a0 \u00a0Ukraine\/Charkow &#8211; KGST Im Februar 1998 weihte der damalige Bundespr\u00e4sident Roman Herzog w\u00e4hrend eines &hellip; <a href=\"http:\/\/www.denkfried.de\/wp\/?page_id=1899\">Weiterlesen <span class=\"meta-nav\">&rarr;<\/span><\/a><\/p>\n","protected":false},"author":2,"featured_media":0,"parent":358,"menu_order":0,"comment_status":"closed","ping_status":"open","template":"","meta":{"footnotes":""},"class_list":["post-1899","page","type-page","status-publish","hentry"],"_links":{"self":[{"href":"http:\/\/www.denkfried.de\/wp\/index.php?rest_route=\/wp\/v2\/pages\/1899","targetHints":{"allow":["GET"]}}],"collection":[{"href":"http:\/\/www.denkfried.de\/wp\/index.php?rest_route=\/wp\/v2\/pages"}],"about":[{"href":"http:\/\/www.denkfried.de\/wp\/index.php?rest_route=\/wp\/v2\/types\/page"}],"author":[{"embeddable":true,"href":"http:\/\/www.denkfried.de\/wp\/index.php?rest_route=\/wp\/v2\/users\/2"}],"replies":[{"embeddable":true,"href":"http:\/\/www.denkfried.de\/wp\/index.php?rest_route=%2Fwp%2Fv2%2Fcomments&post=1899"}],"version-history":[{"count":4,"href":"http:\/\/www.denkfried.de\/wp\/index.php?rest_route=\/wp\/v2\/pages\/1899\/revisions"}],"predecessor-version":[{"id":1905,"href":"http:\/\/www.denkfried.de\/wp\/index.php?rest_route=\/wp\/v2\/pages\/1899\/revisions\/1905"}],"up":[{"embeddable":true,"href":"http:\/\/www.denkfried.de\/wp\/index.php?rest_route=\/wp\/v2\/pages\/358"}],"wp:attachment":[{"href":"http:\/\/www.denkfried.de\/wp\/index.php?rest_route=%2Fwp%2Fv2%2Fmedia&parent=1899"}],"curies":[{"name":"wp","href":"https:\/\/api.w.org\/{rel}","templated":true}]}}