{"id":18965,"date":"2012-03-16T14:34:15","date_gmt":"2012-03-16T13:34:15","guid":{"rendered":"http:\/\/www.denkfried.de\/wp\/?page_id=18965"},"modified":"2015-12-28T20:33:04","modified_gmt":"2015-12-28T19:33:04","slug":"baumschulenweg","status":"publish","type":"page","link":"http:\/\/www.denkfried.de\/wp\/?page_id=18965","title":{"rendered":"Baumschulenweg &#8211; Denkmal"},"content":{"rendered":"<p>&nbsp;<\/p>\n<p><strong>Berlin-Baumschulenweg<\/strong> Mosaik und Denkmal<\/p>\n<p>Bericht und Bilder von Thomas\u00a0<a href=\"http:\/\/g-bb.jimdo.com\/\">Gefallenendenkm\u00e4ler Berlin\/Brandenburg<\/a><\/p>\n<div id='gallery-1' class='gallery galleryid-18965 gallery-columns-4 gallery-size-thumbnail'><dl class='gallery-item'>\n\t\t\t<dt class='gallery-icon landscape'>\n\t\t\t\t<a href='http:\/\/www.denkfried.de\/wp\/?attachment_id=18967'><img loading=\"lazy\" decoding=\"async\" width=\"150\" height=\"150\" src=\"http:\/\/www.denkfried.de\/wp\/wp-content\/uploads\/2012\/03\/DSCF1396-150x150.jpg\" class=\"attachment-thumbnail size-thumbnail\" alt=\"\" \/><\/a>\n\t\t\t<\/dt><\/dl><dl class='gallery-item'>\n\t\t\t<dt class='gallery-icon landscape'>\n\t\t\t\t<a href='http:\/\/www.denkfried.de\/wp\/?attachment_id=18969'><img loading=\"lazy\" decoding=\"async\" width=\"150\" height=\"150\" src=\"http:\/\/www.denkfried.de\/wp\/wp-content\/uploads\/2012\/03\/DSCF1399-150x150.jpg\" class=\"attachment-thumbnail size-thumbnail\" alt=\"\" \/><\/a>\n\t\t\t<\/dt><\/dl><dl class='gallery-item'>\n\t\t\t<dt class='gallery-icon landscape'>\n\t\t\t\t<a href='http:\/\/www.denkfried.de\/wp\/?attachment_id=18968'><img loading=\"lazy\" decoding=\"async\" width=\"150\" height=\"150\" src=\"http:\/\/www.denkfried.de\/wp\/wp-content\/uploads\/2012\/03\/DSCF1397-150x150.jpg\" class=\"attachment-thumbnail size-thumbnail\" alt=\"\" \/><\/a>\n\t\t\t<\/dt><\/dl><dl class='gallery-item'>\n\t\t\t<dt class='gallery-icon landscape'>\n\t\t\t\t<a href='http:\/\/www.denkfried.de\/wp\/?attachment_id=33715'><img loading=\"lazy\" decoding=\"async\" width=\"150\" height=\"150\" src=\"http:\/\/www.denkfried.de\/wp\/wp-content\/uploads\/2012\/03\/Baumschulenweg-Denkmal-150x150.jpg\" class=\"attachment-thumbnail size-thumbnail\" alt=\"\" \/><\/a>\n\t\t\t<\/dt><\/dl><br style=\"clear: both\" \/>\n\t\t<\/div>\n\n<p><span style=\"color: #000000;\"><span style=\"text-decoration: underline;\"><strong>Mosaik 1914-1918<\/strong><\/span> Kirche zum Vaterhaus<span style=\"text-decoration: underline;\"><strong><br \/>\n<\/strong><\/span><\/span><\/p>\n<p>An der S\u00fcdwand, seitlich und \u00fcber der T\u00fcr. Links ist ein Krieger, recht ein trauernde Frau. Beide schauen nach oben, zu Jesus. Dort sind zwei Spr\u00fcche angebracht, \u00fcber beiden ist ein Eisernes Kreuz angebracht. Das Mosaik wurde 1925 geschaffen, es oblag der renommierten Vereinigten Werkst\u00e4tten f\u00fcr Mosaik und Glasmalerei Puhl und Wagner, Gottfried Heinersdorff in Treptow.<\/p>\n<address style=\"text-align: center;\"><em><strong>Dem Andenken Unsere Opfer im Weltkriege 1914-1918<\/strong><\/em><\/address>\n<address style=\"text-align: center;\"><em><strong>Die Kirchengemeinde Berlin-Treptow 1925<\/strong><\/em><\/address>\n<address style=\"text-align: center;\">\u00a0<\/address>\n<address style=\"text-align: center;\"><em><strong>Gr\u00f6\u00dfere Liebe kann niemand haben denn die,<\/strong><\/em><\/address>\n<address style=\"text-align: center;\"><em><strong>dass er sein Leben l\u00e4sst\u00a0f\u00fcr\u00a0seine Freunde.<\/strong><\/em><\/address>\n<address style=\"text-align: center;\">\u00a0<\/address>\n<address style=\"text-align: center;\">\u00a0<\/address>\n<p style=\"text-align: left;\">Die Kirche wurde in den Jahren 1941 bis 1945 mehrfach durch Bombentreffer besch\u00e4digt. Erst 1949\u00a0\u00fcbernahm\u00a0die Kirchengemeinde diese Kirche, leider sind die fr\u00fcheren Unterlagen nicht in dieser Kirche.<\/p>\n<p style=\"text-align: left;\"><strong>Denkmal<\/strong> m\u00f6glicherweise im Ort?<\/p>\n<p style=\"text-align: left;\">Auf einem alten Foto befindet sich auf einem Sockel ein liegender, und dahinter ein aufrecht stehender Soldat. Um das Denkmal herum ist eine gepflegte Anlage. Zum Denkmal gibt es keine weiteren Hinweise, ob es sich wirklich hier befand ist noch unklar. Einzig auf der R\u00fcckseite des Fotos, <em><strong>&#8220; Denkmal des unbekannten Soldaten in Baumschulenweg.&#8220;<\/strong><\/em> Vielleicht hat jemand weitere Informationen, beispielsweise zum Standort.<\/p>\n<p style=\"text-align: left;\">\n","protected":false},"excerpt":{"rendered":"<p>&nbsp; Berlin-Baumschulenweg Mosaik und Denkmal Bericht und Bilder von Thomas\u00a0Gefallenendenkm\u00e4ler Berlin\/Brandenburg Mosaik 1914-1918 Kirche zum Vaterhaus An der S\u00fcdwand, seitlich und \u00fcber der T\u00fcr. Links ist ein Krieger, recht ein trauernde Frau. Beide schauen nach oben, zu Jesus. Dort sind &hellip; <a href=\"http:\/\/www.denkfried.de\/wp\/?page_id=18965\">Weiterlesen <span class=\"meta-nav\">&rarr;<\/span><\/a><\/p>\n","protected":false},"author":9,"featured_media":0,"parent":26555,"menu_order":0,"comment_status":"closed","ping_status":"open","template":"","meta":{"footnotes":""},"class_list":["post-18965","page","type-page","status-publish","hentry"],"_links":{"self":[{"href":"http:\/\/www.denkfried.de\/wp\/index.php?rest_route=\/wp\/v2\/pages\/18965","targetHints":{"allow":["GET"]}}],"collection":[{"href":"http:\/\/www.denkfried.de\/wp\/index.php?rest_route=\/wp\/v2\/pages"}],"about":[{"href":"http:\/\/www.denkfried.de\/wp\/index.php?rest_route=\/wp\/v2\/types\/page"}],"author":[{"embeddable":true,"href":"http:\/\/www.denkfried.de\/wp\/index.php?rest_route=\/wp\/v2\/users\/9"}],"replies":[{"embeddable":true,"href":"http:\/\/www.denkfried.de\/wp\/index.php?rest_route=%2Fwp%2Fv2%2Fcomments&post=18965"}],"version-history":[{"count":18,"href":"http:\/\/www.denkfried.de\/wp\/index.php?rest_route=\/wp\/v2\/pages\/18965\/revisions"}],"predecessor-version":[{"id":40052,"href":"http:\/\/www.denkfried.de\/wp\/index.php?rest_route=\/wp\/v2\/pages\/18965\/revisions\/40052"}],"up":[{"embeddable":true,"href":"http:\/\/www.denkfried.de\/wp\/index.php?rest_route=\/wp\/v2\/pages\/26555"}],"wp:attachment":[{"href":"http:\/\/www.denkfried.de\/wp\/index.php?rest_route=%2Fwp%2Fv2%2Fmedia&parent=18965"}],"curies":[{"name":"wp","href":"https:\/\/api.w.org\/{rel}","templated":true}]}}