{"id":18806,"date":"2012-03-14T19:17:40","date_gmt":"2012-03-14T18:17:40","guid":{"rendered":"http:\/\/www.denkfried.de\/wp\/?page_id=18806"},"modified":"2014-05-04T00:35:13","modified_gmt":"2014-05-03T22:35:13","slug":"duggendorf","status":"publish","type":"page","link":"http:\/\/www.denkfried.de\/wp\/?page_id=18806","title":{"rendered":"Duggendorf"},"content":{"rendered":"<p>&nbsp;<\/p>\n<p><span style=\"text-decoration: underline;\"><strong>93182 Duggendorf<\/strong><\/span><\/p>\n<p>An der Kirche ein Denkmal, da\u00df gro\u00dfe Bild des Hl. Georg in Buntmalerei mit der Inschrift:<\/p>\n<p style=\"text-align: center;\"><em><strong>&#8222;Ich habe den guten Kampf gek\u00e4mpft&#8220;<\/strong><\/em><\/p>\n<p>Darunter eine Tafel mit der Inschrift:<\/p>\n<p style=\"text-align: center;\"><em><strong>&#8222;Den im Weltkrieg gefallenen Heldens\u00f6hnen der Pfarrei Duggendorf&#8220;<\/strong><\/em><\/p>\n<p>Rechts und links eine S\u00e4ule mit der Inschrift 1914-1918. Darunter auf dem Sims eingelassene Tafel mit der Jahreszahl 1939, ein Eisernes Kreuz und 1945.<\/p>\n<p>Text: Hubert<\/p>\n<div id='gallery-1' class='gallery galleryid-18806 gallery-columns-2 gallery-size-thumbnail'><dl class='gallery-item'>\n\t\t\t<dt class='gallery-icon portrait'>\n\t\t\t\t<a href='http:\/\/www.denkfried.de\/wp\/?attachment_id=18807'><img loading=\"lazy\" decoding=\"async\" width=\"150\" height=\"150\" src=\"http:\/\/www.denkfried.de\/wp\/wp-content\/uploads\/2012\/03\/KDM-Duggendorf-01-150x150.jpg\" class=\"attachment-thumbnail size-thumbnail\" alt=\"\" \/><\/a>\n\t\t\t<\/dt><\/dl><dl class='gallery-item'>\n\t\t\t<dt class='gallery-icon landscape'>\n\t\t\t\t<a href='http:\/\/www.denkfried.de\/wp\/?attachment_id=18808'><img loading=\"lazy\" decoding=\"async\" width=\"150\" height=\"150\" src=\"http:\/\/www.denkfried.de\/wp\/wp-content\/uploads\/2012\/03\/KDM-Duggendorf-02-150x150.jpg\" class=\"attachment-thumbnail size-thumbnail\" alt=\"\" \/><\/a>\n\t\t\t<\/dt><\/dl><br style=\"clear: both\" \/>\n\t\t<\/div>\n\n","protected":false},"excerpt":{"rendered":"<p>&nbsp; 93182 Duggendorf An der Kirche ein Denkmal, da\u00df gro\u00dfe Bild des Hl. Georg in Buntmalerei mit der Inschrift: &#8222;Ich habe den guten Kampf gek\u00e4mpft&#8220; Darunter eine Tafel mit der Inschrift: &#8222;Den im Weltkrieg gefallenen Heldens\u00f6hnen der Pfarrei Duggendorf&#8220; Rechts &hellip; <a href=\"http:\/\/www.denkfried.de\/wp\/?page_id=18806\">Weiterlesen <span class=\"meta-nav\">&rarr;<\/span><\/a><\/p>\n","protected":false},"author":7,"featured_media":0,"parent":11523,"menu_order":0,"comment_status":"closed","ping_status":"open","template":"","meta":{"footnotes":""},"class_list":["post-18806","page","type-page","status-publish","hentry"],"_links":{"self":[{"href":"http:\/\/www.denkfried.de\/wp\/index.php?rest_route=\/wp\/v2\/pages\/18806","targetHints":{"allow":["GET"]}}],"collection":[{"href":"http:\/\/www.denkfried.de\/wp\/index.php?rest_route=\/wp\/v2\/pages"}],"about":[{"href":"http:\/\/www.denkfried.de\/wp\/index.php?rest_route=\/wp\/v2\/types\/page"}],"author":[{"embeddable":true,"href":"http:\/\/www.denkfried.de\/wp\/index.php?rest_route=\/wp\/v2\/users\/7"}],"replies":[{"embeddable":true,"href":"http:\/\/www.denkfried.de\/wp\/index.php?rest_route=%2Fwp%2Fv2%2Fcomments&post=18806"}],"version-history":[{"count":5,"href":"http:\/\/www.denkfried.de\/wp\/index.php?rest_route=\/wp\/v2\/pages\/18806\/revisions"}],"predecessor-version":[{"id":35286,"href":"http:\/\/www.denkfried.de\/wp\/index.php?rest_route=\/wp\/v2\/pages\/18806\/revisions\/35286"}],"up":[{"embeddable":true,"href":"http:\/\/www.denkfried.de\/wp\/index.php?rest_route=\/wp\/v2\/pages\/11523"}],"wp:attachment":[{"href":"http:\/\/www.denkfried.de\/wp\/index.php?rest_route=%2Fwp%2Fv2%2Fmedia&parent=18806"}],"curies":[{"name":"wp","href":"https:\/\/api.w.org\/{rel}","templated":true}]}}