{"id":18797,"date":"2012-03-14T19:08:52","date_gmt":"2012-03-14T18:08:52","guid":{"rendered":"http:\/\/www.denkfried.de\/wp\/?page_id=18797"},"modified":"2014-05-04T00:25:12","modified_gmt":"2014-05-03T22:25:12","slug":"sulzbach","status":"publish","type":"page","link":"http:\/\/www.denkfried.de\/wp\/?page_id=18797","title":{"rendered":"Sulzbach"},"content":{"rendered":"<p>&nbsp;<\/p>\n<p><span style=\"text-decoration: underline;\"><strong>93093 Donaustauf-Sulzbach<\/strong><\/span><\/p>\n<p>An der Gemeindekirche eine Gedenktafel zum Andenken an den J\u00fcngling Franz Xaver R\u00f6sl, gefallen 1870-1871. Vor der Kirche befand sich eine Gedenkst\u00e4tte, eine aus wei\u00dfem Naturstein gemauerte Mauer mit einem lateinischen Kreuz und der gro\u00dfen Aufschrift:<\/p>\n<p style=\"text-align: center;\"><em><strong>&#8222;Den Toten der Gemeinde&#8220;<\/strong><\/em><\/p>\n<p>Darauf zwei Tafeln von Gefallenen. Bei den Renovierungsarbeiten wurde diese Mauer entfernt, zwischenzeitlich finden sich diese beiden Tafeln an der Totenkapelle auf dem Friedhof.<\/p>\n<p>Text: Hubert<\/p>\n<div id='gallery-1' class='gallery galleryid-18797 gallery-columns-2 gallery-size-thumbnail'><dl class='gallery-item'>\n\t\t\t<dt class='gallery-icon landscape'>\n\t\t\t\t<a href='http:\/\/www.denkfried.de\/wp\/?attachment_id=18799'><img loading=\"lazy\" decoding=\"async\" width=\"150\" height=\"150\" src=\"http:\/\/www.denkfried.de\/wp\/wp-content\/uploads\/2012\/03\/KDM-Sulzbach-02-150x150.jpg\" class=\"attachment-thumbnail size-thumbnail\" alt=\"\" \/><\/a>\n\t\t\t<\/dt><\/dl><dl class='gallery-item'>\n\t\t\t<dt class='gallery-icon portrait'>\n\t\t\t\t<a href='http:\/\/www.denkfried.de\/wp\/?attachment_id=18800'><img loading=\"lazy\" decoding=\"async\" width=\"150\" height=\"150\" src=\"http:\/\/www.denkfried.de\/wp\/wp-content\/uploads\/2012\/03\/KDM-Sulzbach-03-150x150.jpg\" class=\"attachment-thumbnail size-thumbnail\" alt=\"\" \/><\/a>\n\t\t\t<\/dt><\/dl><br style=\"clear: both\" \/><dl class='gallery-item'>\n\t\t\t<dt class='gallery-icon portrait'>\n\t\t\t\t<a href='http:\/\/www.denkfried.de\/wp\/?attachment_id=18801'><img loading=\"lazy\" decoding=\"async\" width=\"150\" height=\"150\" src=\"http:\/\/www.denkfried.de\/wp\/wp-content\/uploads\/2012\/03\/KDM-Sulzbach-04-150x150.jpg\" class=\"attachment-thumbnail size-thumbnail\" alt=\"\" \/><\/a>\n\t\t\t<\/dt><\/dl><dl class='gallery-item'>\n\t\t\t<dt class='gallery-icon landscape'>\n\t\t\t\t<a href='http:\/\/www.denkfried.de\/wp\/?attachment_id=18798'><img loading=\"lazy\" decoding=\"async\" width=\"150\" height=\"150\" src=\"http:\/\/www.denkfried.de\/wp\/wp-content\/uploads\/2012\/03\/KDM-Sulzbach-01-150x150.jpg\" class=\"attachment-thumbnail size-thumbnail\" alt=\"\" \/><\/a>\n\t\t\t<\/dt><\/dl><br style=\"clear: both\" \/>\n\t\t<\/div>\n\n","protected":false},"excerpt":{"rendered":"<p>&nbsp; 93093 Donaustauf-Sulzbach An der Gemeindekirche eine Gedenktafel zum Andenken an den J\u00fcngling Franz Xaver R\u00f6sl, gefallen 1870-1871. Vor der Kirche befand sich eine Gedenkst\u00e4tte, eine aus wei\u00dfem Naturstein gemauerte Mauer mit einem lateinischen Kreuz und der gro\u00dfen Aufschrift: &#8222;Den &hellip; <a href=\"http:\/\/www.denkfried.de\/wp\/?page_id=18797\">Weiterlesen <span class=\"meta-nav\">&rarr;<\/span><\/a><\/p>\n","protected":false},"author":7,"featured_media":0,"parent":18783,"menu_order":0,"comment_status":"closed","ping_status":"open","template":"","meta":{"footnotes":""},"class_list":["post-18797","page","type-page","status-publish","hentry"],"_links":{"self":[{"href":"http:\/\/www.denkfried.de\/wp\/index.php?rest_route=\/wp\/v2\/pages\/18797","targetHints":{"allow":["GET"]}}],"collection":[{"href":"http:\/\/www.denkfried.de\/wp\/index.php?rest_route=\/wp\/v2\/pages"}],"about":[{"href":"http:\/\/www.denkfried.de\/wp\/index.php?rest_route=\/wp\/v2\/types\/page"}],"author":[{"embeddable":true,"href":"http:\/\/www.denkfried.de\/wp\/index.php?rest_route=\/wp\/v2\/users\/7"}],"replies":[{"embeddable":true,"href":"http:\/\/www.denkfried.de\/wp\/index.php?rest_route=%2Fwp%2Fv2%2Fcomments&post=18797"}],"version-history":[{"count":5,"href":"http:\/\/www.denkfried.de\/wp\/index.php?rest_route=\/wp\/v2\/pages\/18797\/revisions"}],"predecessor-version":[{"id":35284,"href":"http:\/\/www.denkfried.de\/wp\/index.php?rest_route=\/wp\/v2\/pages\/18797\/revisions\/35284"}],"up":[{"embeddable":true,"href":"http:\/\/www.denkfried.de\/wp\/index.php?rest_route=\/wp\/v2\/pages\/18783"}],"wp:attachment":[{"href":"http:\/\/www.denkfried.de\/wp\/index.php?rest_route=%2Fwp%2Fv2%2Fmedia&parent=18797"}],"curies":[{"name":"wp","href":"https:\/\/api.w.org\/{rel}","templated":true}]}}