{"id":18727,"date":"2012-03-13T20:35:17","date_gmt":"2012-03-13T19:35:17","guid":{"rendered":"http:\/\/www.denkfried.de\/wp\/?page_id=18727"},"modified":"2015-12-28T22:42:46","modified_gmt":"2015-12-28T21:42:46","slug":"oranienburg-denkmaler","status":"publish","type":"page","link":"http:\/\/www.denkfried.de\/wp\/?page_id=18727","title":{"rendered":"Oranienburg &#8211; Denkm\u00e4ler"},"content":{"rendered":"<p>&nbsp;<\/p>\n<p><strong>16515 Oranienburg<\/strong><\/p>\n<p>Bericht und Bilder von Thomas\u00a0<a href=\"http:\/\/g-bb.jimdo.com\/\">Gefallenendenkm\u00e4ler Berlin\/Brandenburg<\/a><\/p>\n<div id='gallery-1' class='gallery galleryid-18727 gallery-columns-3 gallery-size-thumbnail'><dl class='gallery-item'>\n\t\t\t<dt class='gallery-icon landscape'>\n\t\t\t\t<a href='http:\/\/www.denkfried.de\/wp\/?attachment_id=24937'><img loading=\"lazy\" decoding=\"async\" width=\"150\" height=\"150\" src=\"http:\/\/www.denkfried.de\/wp\/wp-content\/uploads\/2012\/03\/Ehrenmal-1914-1918-Bild-1-150x150.jpg\" class=\"attachment-thumbnail size-thumbnail\" alt=\"\" \/><\/a>\n\t\t\t<\/dt><\/dl><dl class='gallery-item'>\n\t\t\t<dt class='gallery-icon portrait'>\n\t\t\t\t<a href='http:\/\/www.denkfried.de\/wp\/?attachment_id=24938'><img loading=\"lazy\" decoding=\"async\" width=\"150\" height=\"150\" src=\"http:\/\/www.denkfried.de\/wp\/wp-content\/uploads\/2012\/03\/Ehrenmal-1914-1918-Bild-3-150x150.jpg\" class=\"attachment-thumbnail size-thumbnail\" alt=\"\" \/><\/a>\n\t\t\t<\/dt><\/dl><dl class='gallery-item'>\n\t\t\t<dt class='gallery-icon landscape'>\n\t\t\t\t<a href='http:\/\/www.denkfried.de\/wp\/?attachment_id=24939'><img loading=\"lazy\" decoding=\"async\" width=\"150\" height=\"150\" src=\"http:\/\/www.denkfried.de\/wp\/wp-content\/uploads\/2012\/03\/Ehrenmal-1914-1918-Bild-7-150x150.jpg\" class=\"attachment-thumbnail size-thumbnail\" alt=\"\" \/><\/a>\n\t\t\t<\/dt><\/dl><br style=\"clear: both\" \/><dl class='gallery-item'>\n\t\t\t<dt class='gallery-icon landscape'>\n\t\t\t\t<a href='http:\/\/www.denkfried.de\/wp\/?attachment_id=24941'><img loading=\"lazy\" decoding=\"async\" width=\"150\" height=\"150\" src=\"http:\/\/www.denkfried.de\/wp\/wp-content\/uploads\/2012\/03\/Denkmal-1914-1918-150x150.jpg\" class=\"attachment-thumbnail size-thumbnail\" alt=\"\" \/><\/a>\n\t\t\t<\/dt><\/dl><dl class='gallery-item'>\n\t\t\t<dt class='gallery-icon landscape'>\n\t\t\t\t<a href='http:\/\/www.denkfried.de\/wp\/?attachment_id=24940'><img loading=\"lazy\" decoding=\"async\" width=\"150\" height=\"150\" src=\"http:\/\/www.denkfried.de\/wp\/wp-content\/uploads\/2012\/03\/Befreiungskriege-150x150.jpg\" class=\"attachment-thumbnail size-thumbnail\" alt=\"\" \/><\/a>\n\t\t\t<\/dt><\/dl><dl class='gallery-item'>\n\t\t\t<dt class='gallery-icon portrait'>\n\t\t\t\t<a href='http:\/\/www.denkfried.de\/wp\/?attachment_id=36224'><img loading=\"lazy\" decoding=\"async\" width=\"150\" height=\"150\" src=\"http:\/\/www.denkfried.de\/wp\/wp-content\/uploads\/2012\/03\/Oranienburg-Kriegerdenkmal-150x150.jpg\" class=\"attachment-thumbnail size-thumbnail\" alt=\"\" \/><\/a>\n\t\t\t<\/dt><\/dl><br style=\"clear: both\" \/>\n\t\t<\/div>\n\n<p><strong>Denkmal\u00a01914-1918<\/strong>, es\u00a0steht an der Kremmenerstra\u00dfe \/ Dr. Kurt-Schumacher-Stra\u00dfe. Nicht weit vom Friedhof entfernt.<\/p>\n<p>Inschrift Platte am Boden:<\/p>\n<p>Oranienburger Ehrenmal von Prof. H. Hosaeus, Berlin<br \/>\nHistorischer Standort von 1929 \u2013 1950 Schlossplatz<br \/>\nDie Friedenseiche von 1818 umschliessend<br \/>\nHier als Denk- und Mahnmal 1996 wieder errichtet.<\/p>\n<address style=\"text-align: center;\"><em><strong>Die Eiche erinnert an die Befreiungskriege<\/strong><\/em><br \/>\n<em><strong>Das Mal ehrt unsere Gefallenen des Weltkrieges 1914 \u2013 1918<\/strong><\/em><\/address>\n<address style=\"text-align: center;\">\u00a0<\/address>\n<address style=\"text-align: center;\"><em><strong>Argonnerwald um Mitternacht ein Landwehrmann<\/strong><\/em><br \/>\n<em><strong>steht auf der Wacht am Himmel hoch ein Sternlein stand<\/strong><\/em><\/address>\n<address style=\"text-align: center;\"><em><strong>bringt Gr\u00fc\u00dfe ihm vom Fernen Heimatland<\/strong><\/em><\/address>\n<address style=\"text-align: center;\"><em><strong>Nun schlaf mein liebes Kindelein und tu die \u00c4uglein zu<\/strong><\/em><br \/>\n<em><strong>denn Gott der Will dein Vater sein drum schlaf in guter Ruh<\/strong><\/em><\/address>\n<address style=\"text-align: center;\">\u00a0<\/address>\n<address style=\"text-align: center;\"><em><strong>Ich hab mich ergeben mit Herz und Hand dir Land<\/strong><\/em><br \/>\n<em><strong>voll Lieb und Leben mein teures Vaterland<\/strong><\/em><\/address>\n<address style=\"text-align: center;\"><em><strong>Es schneit keine Rosen es Regnet kein Wein<\/strong><\/em><br \/>\n<em><strong>So kommst du auch nicht wieder Herzallerliebster mein<\/strong><\/em><\/address>\n<address style=\"text-align: center;\">\u00a0<\/address>\n<p><span style=\"text-decoration: underline;\"><strong>Denkmal Befreiungskriege<\/strong><\/span><\/p>\n<p>Aufgestellt wurde es einst auf dem Luisenplatz, dem gegen\u00fcber wurde sp\u00e4ter das Denkmal f\u00fcr die Gefallenen des Ersten Weltkrieges errichtet.<\/p>\n<p>Das Denkmal ist f\u00fcr die Gefallenen der Befreiungskriege, 1813-15, 1864 und 1870-71. Auf einer S\u00e4ule steht eine Siegesg\u00f6ttin, mit\u00a0Lorbeerkranz.<\/p>\n<p>&nbsp;<\/p>\n","protected":false},"excerpt":{"rendered":"<p>&nbsp; 16515 Oranienburg Bericht und Bilder von Thomas\u00a0Gefallenendenkm\u00e4ler Berlin\/Brandenburg Denkmal\u00a01914-1918, es\u00a0steht an der Kremmenerstra\u00dfe \/ Dr. Kurt-Schumacher-Stra\u00dfe. Nicht weit vom Friedhof entfernt. Inschrift Platte am Boden: Oranienburger Ehrenmal von Prof. H. Hosaeus, Berlin Historischer Standort von 1929 \u2013 1950 Schlossplatz &hellip; <a href=\"http:\/\/www.denkfried.de\/wp\/?page_id=18727\">Weiterlesen <span class=\"meta-nav\">&rarr;<\/span><\/a><\/p>\n","protected":false},"author":9,"featured_media":0,"parent":5179,"menu_order":0,"comment_status":"closed","ping_status":"open","template":"","meta":{"footnotes":""},"class_list":["post-18727","page","type-page","status-publish","hentry"],"_links":{"self":[{"href":"http:\/\/www.denkfried.de\/wp\/index.php?rest_route=\/wp\/v2\/pages\/18727","targetHints":{"allow":["GET"]}}],"collection":[{"href":"http:\/\/www.denkfried.de\/wp\/index.php?rest_route=\/wp\/v2\/pages"}],"about":[{"href":"http:\/\/www.denkfried.de\/wp\/index.php?rest_route=\/wp\/v2\/types\/page"}],"author":[{"embeddable":true,"href":"http:\/\/www.denkfried.de\/wp\/index.php?rest_route=\/wp\/v2\/users\/9"}],"replies":[{"embeddable":true,"href":"http:\/\/www.denkfried.de\/wp\/index.php?rest_route=%2Fwp%2Fv2%2Fcomments&post=18727"}],"version-history":[{"count":18,"href":"http:\/\/www.denkfried.de\/wp\/index.php?rest_route=\/wp\/v2\/pages\/18727\/revisions"}],"predecessor-version":[{"id":40157,"href":"http:\/\/www.denkfried.de\/wp\/index.php?rest_route=\/wp\/v2\/pages\/18727\/revisions\/40157"}],"up":[{"embeddable":true,"href":"http:\/\/www.denkfried.de\/wp\/index.php?rest_route=\/wp\/v2\/pages\/5179"}],"wp:attachment":[{"href":"http:\/\/www.denkfried.de\/wp\/index.php?rest_route=%2Fwp%2Fv2%2Fmedia&parent=18727"}],"curies":[{"name":"wp","href":"https:\/\/api.w.org\/{rel}","templated":true}]}}