{"id":18478,"date":"2012-03-09T20:28:18","date_gmt":"2012-03-09T19:28:18","guid":{"rendered":"http:\/\/www.denkfried.de\/wp\/?page_id=18478"},"modified":"2014-05-04T00:00:52","modified_gmt":"2014-05-03T22:00:52","slug":"beratzhausen","status":"publish","type":"page","link":"http:\/\/www.denkfried.de\/wp\/?page_id=18478","title":{"rendered":"Beratzhausen"},"content":{"rendered":"<p>&nbsp;<\/p>\n<p><span style=\"text-decoration: underline;\"><strong>93170 Beratzhausen<\/strong><\/span><\/p>\n<p>Ortsteile:<\/p>\n<blockquote>\n<ul>\n<li><a title=\"- Oberpfraundorf\" href=\"http:\/\/www.denkfried.de\/wp\/?page_id=18494\">Oberpfraundorf<\/a><\/li>\n<\/ul>\n<\/blockquote>\n<p>+++++++++++++++++++++++++++++++++++++++++++++++++++++++++++<\/p>\n<p>Gedenkst\u00e4tte vor der Pfarrkirche. Ein dreiteiliges Monument, im mittleren Drittel ein Halbrelief, das einen sterbenden Soldaten mit einem Engel zeigt. Die Inschrift lautet:<\/p>\n<p><em><strong>&#8222;1914-1918 Volk vergi\u00df nicht deine teuren Toten; sie starben f\u00fcr Dich&#8220;,<\/strong><\/em><\/p>\n<p><em><strong>&#8222;1939-1945 sei getreu bis in den Tod und ich will dir die Krone des Lebens geben&#8220;.<\/strong><\/em><\/p>\n<p><em><strong>&#8222;Die Pfarrei Beratzhausen ihren Gefallenen&#8220;.<\/strong><\/em><\/p>\n<p>Auf der R\u00fcckseite des Mahnmals eine Gedenktafel f\u00fcr die Gefallenen des Krieges 1870-1871.<\/p>\n<p><em><strong>\u00a01939-1945:\u00a0<\/strong><\/em><\/p>\n<p>Auf dem Friedhof der Gemeinde Beratzhausen Gedenkst\u00e4tte f\u00fcr die Gefallenen des Krieges 1939-1945, errichtet 1991. Wei\u00dfer Muschelkalk mit einem modernen Kruzifix. Rechts und links davon Tafeln mit den Namen der Kriegstoten.<\/p>\n<p>Text: Hubert<\/p>\n<div id='gallery-1' class='gallery galleryid-18478 gallery-columns-3 gallery-size-thumbnail'><dl class='gallery-item'>\n\t\t\t<dt class='gallery-icon landscape'>\n\t\t\t\t<a href='http:\/\/www.denkfried.de\/wp\/?attachment_id=18479'><img loading=\"lazy\" decoding=\"async\" width=\"150\" height=\"150\" src=\"http:\/\/www.denkfried.de\/wp\/wp-content\/uploads\/2012\/03\/KDM-Beratzhausen-01-150x150.jpg\" class=\"attachment-thumbnail size-thumbnail\" alt=\"\" \/><\/a>\n\t\t\t<\/dt><\/dl><dl class='gallery-item'>\n\t\t\t<dt class='gallery-icon portrait'>\n\t\t\t\t<a href='http:\/\/www.denkfried.de\/wp\/?attachment_id=18480'><img loading=\"lazy\" decoding=\"async\" width=\"150\" height=\"150\" src=\"http:\/\/www.denkfried.de\/wp\/wp-content\/uploads\/2012\/03\/KDM-Beratzhausen-02-150x150.jpg\" class=\"attachment-thumbnail size-thumbnail\" alt=\"\" \/><\/a>\n\t\t\t<\/dt><\/dl><dl class='gallery-item'>\n\t\t\t<dt class='gallery-icon landscape'>\n\t\t\t\t<a href='http:\/\/www.denkfried.de\/wp\/?attachment_id=18481'><img loading=\"lazy\" decoding=\"async\" width=\"150\" height=\"150\" src=\"http:\/\/www.denkfried.de\/wp\/wp-content\/uploads\/2012\/03\/KDM-Beratzhausen-2.W.K.-neu-04-150x150.jpg\" class=\"attachment-thumbnail size-thumbnail\" alt=\"\" \/><\/a>\n\t\t\t<\/dt><\/dl><br style=\"clear: both\" \/><dl class='gallery-item'>\n\t\t\t<dt class='gallery-icon landscape'>\n\t\t\t\t<a href='http:\/\/www.denkfried.de\/wp\/?attachment_id=18482'><img loading=\"lazy\" decoding=\"async\" width=\"150\" height=\"150\" src=\"http:\/\/www.denkfried.de\/wp\/wp-content\/uploads\/2012\/03\/KDM-Beratzhausen-Namentafeln-2.W.K.-05-150x150.jpg\" class=\"attachment-thumbnail size-thumbnail\" alt=\"\" \/><\/a>\n\t\t\t<\/dt><\/dl><dl class='gallery-item'>\n\t\t\t<dt class='gallery-icon landscape'>\n\t\t\t\t<a href='http:\/\/www.denkfried.de\/wp\/?attachment_id=18483'><img loading=\"lazy\" decoding=\"async\" width=\"150\" height=\"150\" src=\"http:\/\/www.denkfried.de\/wp\/wp-content\/uploads\/2012\/03\/KDM-Beratzhausen-Namentafeln-2.W.K.-06-150x150.jpg\" class=\"attachment-thumbnail size-thumbnail\" alt=\"\" \/><\/a>\n\t\t\t<\/dt><\/dl><dl class='gallery-item'>\n\t\t\t<dt class='gallery-icon portrait'>\n\t\t\t\t<a href='http:\/\/www.denkfried.de\/wp\/?attachment_id=18484'><img loading=\"lazy\" decoding=\"async\" width=\"150\" height=\"150\" src=\"http:\/\/www.denkfried.de\/wp\/wp-content\/uploads\/2012\/03\/KDM-Beratzhausen-Nennung-70-71-03-150x150.jpg\" class=\"attachment-thumbnail size-thumbnail\" alt=\"\" \/><\/a>\n\t\t\t<\/dt><\/dl><br style=\"clear: both\" \/>\n\t\t<\/div>\n\n","protected":false},"excerpt":{"rendered":"<p>&nbsp; 93170 Beratzhausen Ortsteile: Oberpfraundorf +++++++++++++++++++++++++++++++++++++++++++++++++++++++++++ Gedenkst\u00e4tte vor der Pfarrkirche. Ein dreiteiliges Monument, im mittleren Drittel ein Halbrelief, das einen sterbenden Soldaten mit einem Engel zeigt. Die Inschrift lautet: &#8222;1914-1918 Volk vergi\u00df nicht deine teuren Toten; sie starben f\u00fcr Dich&#8220;, &hellip; <a href=\"http:\/\/www.denkfried.de\/wp\/?page_id=18478\">Weiterlesen <span class=\"meta-nav\">&rarr;<\/span><\/a><\/p>\n","protected":false},"author":7,"featured_media":0,"parent":11523,"menu_order":0,"comment_status":"closed","ping_status":"open","template":"","meta":{"footnotes":""},"class_list":["post-18478","page","type-page","status-publish","hentry"],"_links":{"self":[{"href":"http:\/\/www.denkfried.de\/wp\/index.php?rest_route=\/wp\/v2\/pages\/18478","targetHints":{"allow":["GET"]}}],"collection":[{"href":"http:\/\/www.denkfried.de\/wp\/index.php?rest_route=\/wp\/v2\/pages"}],"about":[{"href":"http:\/\/www.denkfried.de\/wp\/index.php?rest_route=\/wp\/v2\/types\/page"}],"author":[{"embeddable":true,"href":"http:\/\/www.denkfried.de\/wp\/index.php?rest_route=\/wp\/v2\/users\/7"}],"replies":[{"embeddable":true,"href":"http:\/\/www.denkfried.de\/wp\/index.php?rest_route=%2Fwp%2Fv2%2Fcomments&post=18478"}],"version-history":[{"count":11,"href":"http:\/\/www.denkfried.de\/wp\/index.php?rest_route=\/wp\/v2\/pages\/18478\/revisions"}],"predecessor-version":[{"id":35274,"href":"http:\/\/www.denkfried.de\/wp\/index.php?rest_route=\/wp\/v2\/pages\/18478\/revisions\/35274"}],"up":[{"embeddable":true,"href":"http:\/\/www.denkfried.de\/wp\/index.php?rest_route=\/wp\/v2\/pages\/11523"}],"wp:attachment":[{"href":"http:\/\/www.denkfried.de\/wp\/index.php?rest_route=%2Fwp%2Fv2%2Fmedia&parent=18478"}],"curies":[{"name":"wp","href":"https:\/\/api.w.org\/{rel}","templated":true}]}}