{"id":18343,"date":"2012-02-25T13:27:45","date_gmt":"2012-02-25T12:27:45","guid":{"rendered":"http:\/\/www.denkfried.de\/wp\/?page_id=18343"},"modified":"2015-12-27T20:52:17","modified_gmt":"2015-12-27T19:52:17","slug":"luftschifferdenkmal","status":"publish","type":"page","link":"http:\/\/www.denkfried.de\/wp\/?page_id=18343","title":{"rendered":"Denkm\u00e4ler"},"content":{"rendered":"<p>&nbsp;<\/p>\n<p><strong>Berlin-Lankwitz\u00a0<\/strong>Denkm\u00e4ler Polizeipr\u00e4sidium, Gallwitzallee\/ Ecke Eiswadtstra\u00dfe<\/p>\n<p>Gedenkheft Der Flakartillerie beider Weltkriege<\/p>\n<p>Bericht und Bilder von Thomas\u00a0<a href=\"http:\/\/g-bb.jimdo.com\/\">Gefallenendenkm\u00e4ler Berlin\/Brandenburg<\/a><\/p>\n<p style=\"text-align: left;\">2\u00a0Bilder und Text von\u00a0Wolfgang B\u00f6ltzig Vors. Sprecherkreis Kameradschaft des ehem. Flakregiment 12<\/p>\n<address><div id='gallery-1' class='gallery galleryid-18343 gallery-columns-3 gallery-size-thumbnail'><dl class='gallery-item'>\n\t\t\t<dt class='gallery-icon portrait'>\n\t\t\t\t<a href='http:\/\/www.denkfried.de\/wp\/?attachment_id=29327'><img loading=\"lazy\" decoding=\"async\" width=\"150\" height=\"150\" src=\"http:\/\/www.denkfried.de\/wp\/wp-content\/uploads\/2012\/02\/Denkmal-Berlin-Lankwitz-150x150.jpg\" class=\"attachment-thumbnail size-thumbnail\" alt=\"\" \/><\/a>\n\t\t\t<\/dt><\/dl><dl class='gallery-item'>\n\t\t\t<dt class='gallery-icon portrait'>\n\t\t\t\t<a href='http:\/\/www.denkfried.de\/wp\/?attachment_id=23905'><img loading=\"lazy\" decoding=\"async\" width=\"150\" height=\"150\" src=\"http:\/\/www.denkfried.de\/wp\/wp-content\/uploads\/2012\/02\/G-T-Dkml-150x150.jpg\" class=\"attachment-thumbnail size-thumbnail\" alt=\"\" \/><\/a>\n\t\t\t<\/dt><\/dl><dl class='gallery-item'>\n\t\t\t<dt class='gallery-icon portrait'>\n\t\t\t\t<a href='http:\/\/www.denkfried.de\/wp\/?attachment_id=23904'><img loading=\"lazy\" decoding=\"async\" width=\"150\" height=\"150\" src=\"http:\/\/www.denkfried.de\/wp\/wp-content\/uploads\/2012\/02\/Dkml-Flak-12-001-150x150.jpg\" class=\"attachment-thumbnail size-thumbnail\" alt=\"\" \/><\/a>\n\t\t\t<\/dt><\/dl><br style=\"clear: both\" \/><dl class='gallery-item'>\n\t\t\t<dt class='gallery-icon portrait'>\n\t\t\t\t<a href='http:\/\/www.denkfried.de\/wp\/?attachment_id=38653'><img loading=\"lazy\" decoding=\"async\" width=\"150\" height=\"150\" src=\"http:\/\/www.denkfried.de\/wp\/wp-content\/uploads\/2012\/02\/Gedenkbuch-Flak-Artillerie-Berlin-150x150.jpg\" class=\"attachment-thumbnail size-thumbnail\" alt=\"\" \/><\/a>\n\t\t\t<\/dt><\/dl><dl class='gallery-item'>\n\t\t\t<dt class='gallery-icon landscape'>\n\t\t\t\t<a href='http:\/\/www.denkfried.de\/wp\/?attachment_id=38654'><img loading=\"lazy\" decoding=\"async\" width=\"150\" height=\"150\" src=\"http:\/\/www.denkfried.de\/wp\/wp-content\/uploads\/2012\/02\/Gedenkbuch-Flak-Artillerie-Berlin-1-150x150.jpg\" class=\"attachment-thumbnail size-thumbnail\" alt=\"\" \/><\/a>\n\t\t\t<\/dt><\/dl><dl class='gallery-item'>\n\t\t\t<dt class='gallery-icon landscape'>\n\t\t\t\t<a href='http:\/\/www.denkfried.de\/wp\/?attachment_id=38655'><img loading=\"lazy\" decoding=\"async\" width=\"150\" height=\"150\" src=\"http:\/\/www.denkfried.de\/wp\/wp-content\/uploads\/2012\/02\/Gedenkbuch-Flak-Artillerie-Berlin-2-150x150.jpg\" class=\"attachment-thumbnail size-thumbnail\" alt=\"\" \/><\/a>\n\t\t\t<\/dt><\/dl><br style=\"clear: both\" \/>\n\t\t<\/div>\n<\/p>\n<\/address>\n<address>\u00a0In der Kaserne der Garde-Train-Abteilung, der Kaserne Hindenburgblock, setzten die Kriegsteilnehmer 1922 ihren gefallenen Kameraden ein Denkmal. Es wurde von dem Bildhauer Josef Limburg (1874 \u2013 1955) aus Berlin-Lichterfelde ausgef\u00fchrt. Die Stele aus Sandstein steht auf einem Sockel mit zwei Stufen und ist von einer aus dem Stein herausgearbeiteten Bord\u00fcre umkr\u00e4nzt. Eine bronzene Tafel zeigt den \u201e\u00dcberfall eines Trainnachschub im 1. Weltkrieg\u201c. Darunter wurde als plastischer Schmuck aus dem Sandstein der Gardestern mit Krone, gekreuztem Gewehr und Degen sowie Eichenlaub geschaffen. Die folgende dreizeilige Inschrift lautet:<\/address>\n<address>\u00a0<\/address>\n<address style=\"text-align: center;\"><em><strong>IHREN IM WELTKRIEGE 1914 -1918<\/strong><\/em><\/address>\n<address style=\"text-align: center;\"><em><strong>GEFALLENEN KAMERADEN<\/strong><\/em><\/address>\n<address style=\"text-align: center;\"><em><strong>DIE GARDE TRAIN ABTEILUNG<\/strong><\/em><\/address>\n<address style=\"text-align: center;\">\u00a0<\/address>\n<address>\u00a0Der Umriss eines Eisernen Kreuzes bildet den Abschluss.<\/address>\n<address>\u00a0<\/address>\n<address>Dieses Traditionsehrenmal wurde nach dem 2. Weltkrieg an der St\u00e4tte ihrer Aufstellung f\u00fcr die in Berlin wohnenden Kameraden des ehemaligen Flakregiment 12 der erste Anlaufpunkt, um ihrer gefallenen Kameraden zu gedenken. Die Kaserne war nach 1948 von der Berliner Polizei belegt und damit zug\u00e4nglich. Da das ehem. FlakRgt 12 bei den K\u00e4mpfen in Stalingrad fast vollst\u00e4ndig aufgerieben wurde, trafen sich die erreichbaren Kameraden am 31. Januar oder dem darauf folgenden Sonntag jeden Jahres zur Kranzniederlegung. Sie bezeichneten diesen Tag als \u201eStalingradtag\u201c. Sp\u00e4ter wurde auch der Volkstrauertag zum Gedenken einbezogen. Auch nach der Errichtung des Gedenksteins des Flakregiment 12 in der gleichen Liegenschaft, jedoch n\u00e4her zur Einfahrt gelegen, wird jeweils ein Gebinde niedergelegt.<\/address>\n<address>\u00a0<\/address>\n<address>Nach der \u00dcbernahme des Denkmals zur w\u00fcrdevollen Betreuung am 05. April 1995 durch die Reservistenkameradschaft Berlin-S\u00fcdwest, wurde es von ihnen am 14. September 2002, also nach 80 Jahren mit einer Erinnerungstafel mit der Inschrift\u00a0<em>Ehrendes Gedenken 1922 \u2013 2002 Kameradschaft ehem. Flak Rgt 12 und Reservistenkameradschaft Berlin-S\u00fcdwest\u00a0<\/em>feierlich erg\u00e4nzt. Die Gedenktage werden von ihnen seit 1995 ausgerichtet.\u00a0<\/address>\n<address>\u00a0<\/address>\n<address>Die Anlage kann wie folgt beschrieben werden:<\/address>\n<address>Stele aus Sandstein 1,62 x 0,50 m mit einer H\u00f6he von1,65<\/address>\n<address>Sockel ebenfalls aus Sandstein 1,75 x 0,62 m und 0,60 m hoch<\/address>\n<address>Sandsteinstufe 2,18 x 1,05 x 0,28 m<\/address>\n<address>Basisstufe 2,91 x 1,80 x 0,23 m<\/address>\n<address>Bronzetafel 132 x 46 cm mit der erw\u00e4hnten Darstellung<\/address>\n<address>Erinnerungstafel der RK 67 x 25 cm, Stahl, br\u00fcniert<\/address>\n<address>Text 21,3 mm hoch, lasergeschnitten.<\/address>\n<address>\u00a0<\/address>\n<address><span style=\"text-decoration: underline;\"><span style=\"font-size: medium;\"><strong>Gedenkstein des Flakregiment 12<\/strong><\/span><\/span><\/address>\n<address>\u00a0<\/address>\n<address><span style=\"font-size: medium;\">Zu den drei von der Reservistenkameradschaft Berlin-S\u00fcdwest 1995 w\u00fcrdevoll \u00fcbernommenen Denkm\u00e4lern geh\u00f6rt der Gedenkstein an die Gefallenen dieses Regimentes im zweiten Weltkrieg. Bei den Treffen der Kameradschaft des ehemaligen Flakregiment 12 zum Gefallenengedenken in der Kaserne ihrer Aufstellung, wurde der Wunsch lebendig, eines Tages an dieser Stelle ein w\u00fcrdiges Denkmal zu errichten. Der Plan wurde ma\u00dfgeblich von Dr. Friedrich Georgi, der u.a. Chef der 3.\/12 war, mit den Berliner Kameraden verfolgt (siehe: \u201eDer Bogensch\u00fctze\u201c I\/2010 S. 49). Zur Zeit des \u201eKalten Krieges\u201c musste f\u00fcr ein solches Unterfangen auf jeden Fall die Genehmigung der Alliierten Kommandantur eingeholt werden, deren Vorsitz monatlich wechselte. Die nun noch erforderliche Erlaubnis des Landes Berlin erwies sich bei dieser Sachlage als unproblematisch, zumal der damals zust\u00e4ndige Senator des Inneren, Joachim Lipschitz, als schwerverwundeter Kriegsteilnehmer dem Plan sehr aufgeschlossen gegen\u00fcber stand und der Hausherr der\u00a0\u00a0jetzigen Polizeiliegenschaft, Kommandeur B\u00fcgelsack, ehemaliger Kommandeur der I. Abteilung Flakregiment 9 war.<\/span><\/address>\n<address>\u00a0<\/address>\n<address><span style=\"font-size: medium;\">So konnte nach einem Spendenaufruf am 29. September 1957 in der ehem. Kaserne \u201eHindenburgblock\u201c gegen\u00fcber dem Eingang Eiswaldtstra\u00dfe 18\/Ecke Gallwitzallee der Gedenkstein von Dr. Georgi eingeweiht werden. Seit 1995 werden am Volkstrauertag und am sogenannten \u201eStalingradtag\u201c die Kranzniederlegungen von den Reservisten ausgerichtet.<\/span><\/address>\n<address>\u00a0<\/address>\n<address>\u00a0Diese Anlage wird wie folgt beschrieben:<\/address>\n<address>\u00a0<\/address>\n<address><span style=\"font-size: medium;\">Blauer Granit aus einem Schwarzw\u00e4lder Steinbruch<\/span><\/address>\n<address><span style=\"font-size: medium;\">Stein 2,10 m hoch, an der Basis 1,50 m breit und 0,60 m dick.<\/span><\/address>\n<address><span style=\"font-size: medium;\">Aus dem unbearbeiteten Stein steht auf dem herauswachsenden Kreuz die eingepr\u00e4gte Inschrift:<\/span><\/address>\n<address>\u00a0<\/address>\n<address style=\"text-align: center;\"><strong><span style=\"font-size: medium;\">DEN GEFALLENEN<\/span><\/strong><\/address>\n<address style=\"text-align: center;\"><strong><span style=\"font-size: medium;\">DES FLAKREGIMENTS 12<\/span><\/strong><\/address>\n<address style=\"text-align: center;\"><strong><span style=\"font-size: medium;\">1939 \/ 1945<\/span><\/strong><\/address>\n<address style=\"text-align: center;\">\u00a0<\/address>\n<address>\u00a0<\/address>\n<address><span style=\"font-size: medium;\">Entwurf: Heinz Luckenbach<\/span><\/address>\n<address><span style=\"font-size: medium;\">Bildhauer und Spender des Steines: Karl-Heinz Voss<\/span><\/address>\n<address>\u00a0<\/address>\n<address><span style=\"font-size: medium;\">Der Gedenkstein steht in einer Gr\u00fcnanlage, der Vorplatz ist heute gepflastert. Im Pflaster aus Mosaiksteinen ist die Abbildung des Eisernen Kreuzes eingesetzt.<\/span><\/address>\n<address>\u00a0<\/address>\n<address><span style=\"font-size: medium;\">An der R\u00fcckseite ist ein 30 x 20 cm gro\u00dfes Schild mit der Aufschrift: Errichtet am 29. September 1957 von \u00fcberlebenden Kameraden.<\/span><\/address>\n<address>\u00a0<\/address>\n<address>Internetseite des Vereins\u00a0<a href=\"http:\/\/rkberlinsuedwest.de\/rk_06_frame.htm\">RK06 Berlin-S\u00fcdwest &#8222;Flakregiment 12&#8220;<\/a><\/address>\n<p>&nbsp;<\/p>\n<p>&nbsp;<\/p>\n","protected":false},"excerpt":{"rendered":"<p>&nbsp; Berlin-Lankwitz\u00a0Denkm\u00e4ler Polizeipr\u00e4sidium, Gallwitzallee\/ Ecke Eiswadtstra\u00dfe Gedenkheft Der Flakartillerie beider Weltkriege Bericht und Bilder von Thomas\u00a0Gefallenendenkm\u00e4ler Berlin\/Brandenburg 2\u00a0Bilder und Text von\u00a0Wolfgang B\u00f6ltzig Vors. Sprecherkreis Kameradschaft des ehem. Flakregiment 12 \u00a0In der Kaserne der Garde-Train-Abteilung, der Kaserne Hindenburgblock, setzten die Kriegsteilnehmer &hellip; <a href=\"http:\/\/www.denkfried.de\/wp\/?page_id=18343\">Weiterlesen <span class=\"meta-nav\">&rarr;<\/span><\/a><\/p>\n","protected":false},"author":9,"featured_media":0,"parent":15578,"menu_order":0,"comment_status":"closed","ping_status":"open","template":"","meta":{"footnotes":""},"class_list":["post-18343","page","type-page","status-publish","hentry"],"_links":{"self":[{"href":"http:\/\/www.denkfried.de\/wp\/index.php?rest_route=\/wp\/v2\/pages\/18343","targetHints":{"allow":["GET"]}}],"collection":[{"href":"http:\/\/www.denkfried.de\/wp\/index.php?rest_route=\/wp\/v2\/pages"}],"about":[{"href":"http:\/\/www.denkfried.de\/wp\/index.php?rest_route=\/wp\/v2\/types\/page"}],"author":[{"embeddable":true,"href":"http:\/\/www.denkfried.de\/wp\/index.php?rest_route=\/wp\/v2\/users\/9"}],"replies":[{"embeddable":true,"href":"http:\/\/www.denkfried.de\/wp\/index.php?rest_route=%2Fwp%2Fv2%2Fcomments&post=18343"}],"version-history":[{"count":37,"href":"http:\/\/www.denkfried.de\/wp\/index.php?rest_route=\/wp\/v2\/pages\/18343\/revisions"}],"predecessor-version":[{"id":39961,"href":"http:\/\/www.denkfried.de\/wp\/index.php?rest_route=\/wp\/v2\/pages\/18343\/revisions\/39961"}],"up":[{"embeddable":true,"href":"http:\/\/www.denkfried.de\/wp\/index.php?rest_route=\/wp\/v2\/pages\/15578"}],"wp:attachment":[{"href":"http:\/\/www.denkfried.de\/wp\/index.php?rest_route=%2Fwp%2Fv2%2Fmedia&parent=18343"}],"curies":[{"name":"wp","href":"https:\/\/api.w.org\/{rel}","templated":true}]}}