{"id":18330,"date":"2012-02-25T13:08:58","date_gmt":"2012-02-25T12:08:58","guid":{"rendered":"http:\/\/www.denkfried.de\/wp\/?page_id=18330"},"modified":"2015-11-16T19:55:57","modified_gmt":"2015-11-16T18:55:57","slug":"kirche-am-sudstern","status":"publish","type":"page","link":"http:\/\/www.denkfried.de\/wp\/?page_id=18330","title":{"rendered":"&#8211; Kirche am S\u00fcdstern"},"content":{"rendered":"<p>&nbsp;<\/p>\n<p><span style=\"text-decoration: underline;\"><strong>Berlin &#8211; Kreuzberg<\/strong><\/span><strong>\u00a0<\/strong>Kirche am S\u00fcdstern 1<\/p>\n<p>Bericht und Bilder von Thomas\u00a0<a href=\"http:\/\/g-bb.jimdo.com\/\">Gefallenendenkm\u00e4ler Berlin\/Brandenburg<\/a><\/p>\n<div id='gallery-1' class='gallery galleryid-18330 gallery-columns-4 gallery-size-thumbnail'><dl class='gallery-item'>\n\t\t\t<dt class='gallery-icon landscape'>\n\t\t\t\t<a href='http:\/\/www.denkfried.de\/wp\/?attachment_id=18338'><img loading=\"lazy\" decoding=\"async\" width=\"150\" height=\"150\" src=\"http:\/\/www.denkfried.de\/wp\/wp-content\/uploads\/2012\/02\/Bundesarchiv-150x150.jpg\" class=\"attachment-thumbnail size-thumbnail\" alt=\"\" \/><\/a>\n\t\t\t<\/dt><\/dl><dl class='gallery-item'>\n\t\t\t<dt class='gallery-icon portrait'>\n\t\t\t\t<a href='http:\/\/www.denkfried.de\/wp\/?attachment_id=18335'><img loading=\"lazy\" decoding=\"async\" width=\"150\" height=\"150\" src=\"http:\/\/www.denkfried.de\/wp\/wp-content\/uploads\/2012\/02\/PICT0329-150x150.jpg\" class=\"attachment-thumbnail size-thumbnail\" alt=\"\" \/><\/a>\n\t\t\t<\/dt><\/dl><dl class='gallery-item'>\n\t\t\t<dt class='gallery-icon landscape'>\n\t\t\t\t<a href='http:\/\/www.denkfried.de\/wp\/?attachment_id=18336'><img loading=\"lazy\" decoding=\"async\" width=\"150\" height=\"150\" src=\"http:\/\/www.denkfried.de\/wp\/wp-content\/uploads\/2012\/02\/PICT0330-150x150.jpg\" class=\"attachment-thumbnail size-thumbnail\" alt=\"\" \/><\/a>\n\t\t\t<\/dt><\/dl><dl class='gallery-item'>\n\t\t\t<dt class='gallery-icon portrait'>\n\t\t\t\t<a href='http:\/\/www.denkfried.de\/wp\/?attachment_id=36917'><img loading=\"lazy\" decoding=\"async\" width=\"150\" height=\"150\" src=\"http:\/\/www.denkfried.de\/wp\/wp-content\/uploads\/2012\/02\/Ehrenbuch-der-Deutschen-Pioniere-Weltkrieg-Denkmal-7-150x150.jpg\" class=\"attachment-thumbnail size-thumbnail\" alt=\"\" \/><\/a>\n\t\t\t<\/dt><\/dl><br style=\"clear: both\" \/><dl class='gallery-item'>\n\t\t\t<dt class='gallery-icon landscape'>\n\t\t\t\t<a href='http:\/\/www.denkfried.de\/wp\/?attachment_id=36918'><img loading=\"lazy\" decoding=\"async\" width=\"150\" height=\"150\" src=\"http:\/\/www.denkfried.de\/wp\/wp-content\/uploads\/2012\/02\/Ehrenbuch-der-Deutschen-Pioniere-Weltkrieg-Denkmal-15-150x150.jpg\" class=\"attachment-thumbnail size-thumbnail\" alt=\"\" \/><\/a>\n\t\t\t<\/dt><\/dl><dl class='gallery-item'>\n\t\t\t<dt class='gallery-icon landscape'>\n\t\t\t\t<a href='http:\/\/www.denkfried.de\/wp\/?attachment_id=36919'><img loading=\"lazy\" decoding=\"async\" width=\"150\" height=\"150\" src=\"http:\/\/www.denkfried.de\/wp\/wp-content\/uploads\/2012\/02\/Ehrenbuch-der-Deutschen-Pioniere-Weltkrieg-Denkmal-16-150x150.jpg\" class=\"attachment-thumbnail size-thumbnail\" alt=\"\" \/><\/a>\n\t\t\t<\/dt><\/dl><dl class='gallery-item'>\n\t\t\t<dt class='gallery-icon landscape'>\n\t\t\t\t<a href='http:\/\/www.denkfried.de\/wp\/?attachment_id=36920'><img loading=\"lazy\" decoding=\"async\" width=\"150\" height=\"150\" src=\"http:\/\/www.denkfried.de\/wp\/wp-content\/uploads\/2012\/02\/Ehrenbuch-der-Deutschen-Pioniere-Weltkrieg-Denkmal-17-150x150.jpg\" class=\"attachment-thumbnail size-thumbnail\" alt=\"\" \/><\/a>\n\t\t\t<\/dt><\/dl><dl class='gallery-item'>\n\t\t\t<dt class='gallery-icon portrait'>\n\t\t\t\t<a href='http:\/\/www.denkfried.de\/wp\/?attachment_id=36916'><img loading=\"lazy\" decoding=\"async\" width=\"150\" height=\"150\" src=\"http:\/\/www.denkfried.de\/wp\/wp-content\/uploads\/2012\/02\/Ehrenbuch-der-Deutschen-Pioniere-Weltkrieg-Denkmal-5-150x150.jpg\" class=\"attachment-thumbnail size-thumbnail\" alt=\"\" \/><\/a>\n\t\t\t<\/dt><\/dl><br style=\"clear: both\" \/>\n\t\t<\/div>\n\n<p><span style=\"text-decoration: underline;\"><strong>Denkmal<\/strong><\/span><\/p>\n<p>Das Denkmal an der Au\u00dfenmauer der ehemaligen Garnisonkirche in Hasenheide, wurde von dem Bildhauer Herman Hosaeus erschaffen. Eingeweiht wurde es am 1. Juni 1929. Ein Bild vom Bundesarchiv zeigt die Einwehung des Denkmals. Bei meinem Besuch 2009 war das Denkmal in einem schlechtem Zustand. Vandalismus und Umwelteinfl\u00fcsse haben das Denkmal sichtlich mitgenommen. Unter einem Eingearbeiteten Pionier ist folgende Inschrift:<\/p>\n<address style=\"text-align: center;\"><em><strong>1914-1918<\/strong><\/em><\/address>\n<address style=\"text-align: center;\"><em><strong>Den gefallenen Garde-Pionieren<\/strong><\/em><\/address>\n<address style=\"text-align: center;\"><em><strong>Vorw\u00e4rts und durch<\/strong><\/em><\/address>\n<address style=\"text-align: center;\">\u00a0<\/address>\n<p style=\"text-align: left;\"><strong>Ehrenbuch der Deutschen Pioniere<\/strong><\/p>\n<p style=\"text-align: left;\">Das Gedenkbuch ist Herausgegeben und auf Veranlassung und unter Mitarbeit des Waffenringes Deutscher Pioniere von Paul Henrici, im Jahre 1931. Im Buch ist die ausf\u00fchrliche Geschichte der Pionieren zu finden. Teil A unter anderem die geschichtliche Entwicklung der Pionierwaffe, Pioniere in den Kriegen 1866, 1870-71 bis hin zum ersten Weltkrieg. Teil B befasst sich mit dem Ersten Weltkrieg. Von den Kriegsformationen bis zu den gesamt aufgestellten Feldformationen ist hier geschildert. Vom Beginn des &#8222;Bewegungskrieges&#8220; 1914, \u00a0die K\u00e4mpfe im Osten, Erstarrung im Westen und Vormarsch in Polen 1915. Gefechte im Argonnerwald, Polen und \u00a0Galizien, das Ringen um Verdun, an der Somme und im Osten 1916. Zerm\u00fcrbungsschlachten und D\u00fcnak\u00e4mpfe 1917. Die gro\u00dfe Offensive im Westen 1918. Sowie ein teil zu den fremden Kriegsschaupl\u00e4tzen in China, am Balkan, am Orient, in Italien und am Baltikum. Etwas zu den Pionier Sonderwaffen und den besonderen Pionierformationen. Zum Schlu\u00df gibt es Gedenkseiten f\u00fcr die Gefallenen und zu den Nachkriegsjahren. Die einzelnen Abschnitte sind mit Berichten wo auch Namen von Gefallenen zu finden sind.<\/p>\n<p style=\"text-align: left;\">Gesamtverluste im Weltkrieg 1914 &#8211; 1918, zusammengestellt von Generalleutnant a.D. Gunther Klotz. Hier aufgef\u00fchrt sind 1874 Offiziere, 7513 Unteroffiziere und 54715 Gefreite und Pioniere. Dies ist leider keine Namensliste, aufgef\u00fchrt ist\u00a0hier nur die Anzahl\u00a0der Gefallenen jeder Truppe. Au\u00dferdem sind, soweit bisher festgestellt werden konnte, von fr\u00fcheren Angeh\u00f6rigen der Ing.- und Pionier Korps bei den Inf. und Flieger-Formationen 105 Offiziere gefallen.<\/p>\n<p style=\"text-align: left;\">Es konnten <strong>110 Namen<\/strong> von Gefallenen in die Datenbank eingepflegt werden.<\/p>\n","protected":false},"excerpt":{"rendered":"<p>&nbsp; Berlin &#8211; Kreuzberg\u00a0Kirche am S\u00fcdstern 1 Bericht und Bilder von Thomas\u00a0Gefallenendenkm\u00e4ler Berlin\/Brandenburg Denkmal Das Denkmal an der Au\u00dfenmauer der ehemaligen Garnisonkirche in Hasenheide, wurde von dem Bildhauer Herman Hosaeus erschaffen. Eingeweiht wurde es am 1. Juni 1929. Ein Bild &hellip; <a href=\"http:\/\/www.denkfried.de\/wp\/?page_id=18330\">Weiterlesen <span class=\"meta-nav\">&rarr;<\/span><\/a><\/p>\n","protected":false},"author":9,"featured_media":0,"parent":16063,"menu_order":0,"comment_status":"closed","ping_status":"open","template":"","meta":{"footnotes":""},"class_list":["post-18330","page","type-page","status-publish","hentry"],"_links":{"self":[{"href":"http:\/\/www.denkfried.de\/wp\/index.php?rest_route=\/wp\/v2\/pages\/18330","targetHints":{"allow":["GET"]}}],"collection":[{"href":"http:\/\/www.denkfried.de\/wp\/index.php?rest_route=\/wp\/v2\/pages"}],"about":[{"href":"http:\/\/www.denkfried.de\/wp\/index.php?rest_route=\/wp\/v2\/types\/page"}],"author":[{"embeddable":true,"href":"http:\/\/www.denkfried.de\/wp\/index.php?rest_route=\/wp\/v2\/users\/9"}],"replies":[{"embeddable":true,"href":"http:\/\/www.denkfried.de\/wp\/index.php?rest_route=%2Fwp%2Fv2%2Fcomments&post=18330"}],"version-history":[{"count":28,"href":"http:\/\/www.denkfried.de\/wp\/index.php?rest_route=\/wp\/v2\/pages\/18330\/revisions"}],"predecessor-version":[{"id":39450,"href":"http:\/\/www.denkfried.de\/wp\/index.php?rest_route=\/wp\/v2\/pages\/18330\/revisions\/39450"}],"up":[{"embeddable":true,"href":"http:\/\/www.denkfried.de\/wp\/index.php?rest_route=\/wp\/v2\/pages\/16063"}],"wp:attachment":[{"href":"http:\/\/www.denkfried.de\/wp\/index.php?rest_route=%2Fwp%2Fv2%2Fmedia&parent=18330"}],"curies":[{"name":"wp","href":"https:\/\/api.w.org\/{rel}","templated":true}]}}