{"id":18155,"date":"2012-02-10T22:57:55","date_gmt":"2012-02-10T21:57:55","guid":{"rendered":"http:\/\/www.denkfried.de\/wp\/?page_id=18155"},"modified":"2012-02-10T22:58:27","modified_gmt":"2012-02-10T21:58:27","slug":"kreisfreie-stadt-munster","status":"publish","type":"page","link":"http:\/\/www.denkfried.de\/wp\/?page_id=18155","title":{"rendered":"Kreisfreie Stadt: M\u00dcNSTER"},"content":{"rendered":"<p>&nbsp;<\/p>\n<p>Kreisfreie Stadt M\u00fcnster<\/p>\n<p>Verwaltungssitz: <span style=\"text-decoration: underline;\"><strong>48143 M\u00fcnster<\/strong><\/span>, Klemensstra\u00dfe 10<\/p>\n<p>***************************************************<\/p>\n<p>Roxel<\/p>\n<p>&nbsp;<\/p>\n","protected":false},"excerpt":{"rendered":"<p>&nbsp; Kreisfreie Stadt M\u00fcnster Verwaltungssitz: 48143 M\u00fcnster, Klemensstra\u00dfe 10 *************************************************** Roxel &nbsp;<\/p>\n","protected":false},"author":2,"featured_media":0,"parent":390,"menu_order":0,"comment_status":"closed","ping_status":"open","template":"","meta":{"footnotes":""},"class_list":["post-18155","page","type-page","status-publish","hentry"],"_links":{"self":[{"href":"http:\/\/www.denkfried.de\/wp\/index.php?rest_route=\/wp\/v2\/pages\/18155","targetHints":{"allow":["GET"]}}],"collection":[{"href":"http:\/\/www.denkfried.de\/wp\/index.php?rest_route=\/wp\/v2\/pages"}],"about":[{"href":"http:\/\/www.denkfried.de\/wp\/index.php?rest_route=\/wp\/v2\/types\/page"}],"author":[{"embeddable":true,"href":"http:\/\/www.denkfried.de\/wp\/index.php?rest_route=\/wp\/v2\/users\/2"}],"replies":[{"embeddable":true,"href":"http:\/\/www.denkfried.de\/wp\/index.php?rest_route=%2Fwp%2Fv2%2Fcomments&post=18155"}],"version-history":[{"count":3,"href":"http:\/\/www.denkfried.de\/wp\/index.php?rest_route=\/wp\/v2\/pages\/18155\/revisions"}],"predecessor-version":[{"id":18158,"href":"http:\/\/www.denkfried.de\/wp\/index.php?rest_route=\/wp\/v2\/pages\/18155\/revisions\/18158"}],"up":[{"embeddable":true,"href":"http:\/\/www.denkfried.de\/wp\/index.php?rest_route=\/wp\/v2\/pages\/390"}],"wp:attachment":[{"href":"http:\/\/www.denkfried.de\/wp\/index.php?rest_route=%2Fwp%2Fv2%2Fmedia&parent=18155"}],"curies":[{"name":"wp","href":"https:\/\/api.w.org\/{rel}","templated":true}]}}