{"id":18142,"date":"2012-02-10T22:47:32","date_gmt":"2012-02-10T21:47:32","guid":{"rendered":"http:\/\/www.denkfried.de\/wp\/?page_id=18142"},"modified":"2012-02-10T22:47:32","modified_gmt":"2012-02-10T21:47:32","slug":"datteln","status":"publish","type":"page","link":"http:\/\/www.denkfried.de\/wp\/?page_id=18142","title":{"rendered":"Datteln"},"content":{"rendered":"<p>&nbsp;<\/p>\n<p><span style=\"text-decoration: underline;\"><strong>45711 Datteln<\/strong><\/span><\/p>\n<p>&nbsp;<\/p>\n<p>Auf dem kommunalen Friedhof der Stadt Datteln befinden sich 444 Kriegsgr\u00e4ber aus dem Zweiten Weltkrieg. Aus dem Ersten Weltkrieg gibt es 11 Gr\u00e4ber.<\/p>\n<p>148 Deutsche<\/p>\n<p>235 Russische<\/p>\n<p>6 Polen und 66 anderer Nationalit\u00e4ten.<\/p>\n","protected":false},"excerpt":{"rendered":"<p>&nbsp; 45711 Datteln &nbsp; Auf dem kommunalen Friedhof der Stadt Datteln befinden sich 444 Kriegsgr\u00e4ber aus dem Zweiten Weltkrieg. Aus dem Ersten Weltkrieg gibt es 11 Gr\u00e4ber. 148 Deutsche 235 Russische 6 Polen und 66 anderer Nationalit\u00e4ten.<\/p>\n","protected":false},"author":2,"featured_media":0,"parent":18138,"menu_order":0,"comment_status":"closed","ping_status":"open","template":"","meta":{"footnotes":""},"class_list":["post-18142","page","type-page","status-publish","hentry"],"_links":{"self":[{"href":"http:\/\/www.denkfried.de\/wp\/index.php?rest_route=\/wp\/v2\/pages\/18142","targetHints":{"allow":["GET"]}}],"collection":[{"href":"http:\/\/www.denkfried.de\/wp\/index.php?rest_route=\/wp\/v2\/pages"}],"about":[{"href":"http:\/\/www.denkfried.de\/wp\/index.php?rest_route=\/wp\/v2\/types\/page"}],"author":[{"embeddable":true,"href":"http:\/\/www.denkfried.de\/wp\/index.php?rest_route=\/wp\/v2\/users\/2"}],"replies":[{"embeddable":true,"href":"http:\/\/www.denkfried.de\/wp\/index.php?rest_route=%2Fwp%2Fv2%2Fcomments&post=18142"}],"version-history":[{"count":2,"href":"http:\/\/www.denkfried.de\/wp\/index.php?rest_route=\/wp\/v2\/pages\/18142\/revisions"}],"predecessor-version":[{"id":18149,"href":"http:\/\/www.denkfried.de\/wp\/index.php?rest_route=\/wp\/v2\/pages\/18142\/revisions\/18149"}],"up":[{"embeddable":true,"href":"http:\/\/www.denkfried.de\/wp\/index.php?rest_route=\/wp\/v2\/pages\/18138"}],"wp:attachment":[{"href":"http:\/\/www.denkfried.de\/wp\/index.php?rest_route=%2Fwp%2Fv2%2Fmedia&parent=18142"}],"curies":[{"name":"wp","href":"https:\/\/api.w.org\/{rel}","templated":true}]}}