{"id":18129,"date":"2012-02-10T22:37:33","date_gmt":"2012-02-10T21:37:33","guid":{"rendered":"http:\/\/www.denkfried.de\/wp\/?page_id=18129"},"modified":"2014-06-17T22:19:58","modified_gmt":"2014-06-17T20:19:58","slug":"ludinghausen-seppenrade","status":"publish","type":"page","link":"http:\/\/www.denkfried.de\/wp\/?page_id=18129","title":{"rendered":"&#8211; Seppenrade"},"content":{"rendered":"<p>&nbsp;<\/p>\n<p><span style=\"text-decoration: underline;\"><strong>59348 L\u00fcdinghausen-Seppenrade<\/strong><\/span><\/p>\n<p>&nbsp;<\/p>\n<p>Auf dem katholischen Friedhof befinden sich 20 Kriegsgr\u00e4ber,<\/p>\n<p>12 deutsche und 8 russische Gr\u00e4ber.<\/p>\n<p>&nbsp;<\/p>\n","protected":false},"excerpt":{"rendered":"<p>&nbsp; 59348 L\u00fcdinghausen-Seppenrade &nbsp; Auf dem katholischen Friedhof befinden sich 20 Kriegsgr\u00e4ber, 12 deutsche und 8 russische Gr\u00e4ber. &nbsp;<\/p>\n","protected":false},"author":2,"featured_media":0,"parent":18150,"menu_order":0,"comment_status":"closed","ping_status":"open","template":"","meta":{"footnotes":""},"class_list":["post-18129","page","type-page","status-publish","hentry"],"_links":{"self":[{"href":"http:\/\/www.denkfried.de\/wp\/index.php?rest_route=\/wp\/v2\/pages\/18129","targetHints":{"allow":["GET"]}}],"collection":[{"href":"http:\/\/www.denkfried.de\/wp\/index.php?rest_route=\/wp\/v2\/pages"}],"about":[{"href":"http:\/\/www.denkfried.de\/wp\/index.php?rest_route=\/wp\/v2\/types\/page"}],"author":[{"embeddable":true,"href":"http:\/\/www.denkfried.de\/wp\/index.php?rest_route=\/wp\/v2\/users\/2"}],"replies":[{"embeddable":true,"href":"http:\/\/www.denkfried.de\/wp\/index.php?rest_route=%2Fwp%2Fv2%2Fcomments&post=18129"}],"version-history":[{"count":4,"href":"http:\/\/www.denkfried.de\/wp\/index.php?rest_route=\/wp\/v2\/pages\/18129\/revisions"}],"predecessor-version":[{"id":35579,"href":"http:\/\/www.denkfried.de\/wp\/index.php?rest_route=\/wp\/v2\/pages\/18129\/revisions\/35579"}],"up":[{"embeddable":true,"href":"http:\/\/www.denkfried.de\/wp\/index.php?rest_route=\/wp\/v2\/pages\/18150"}],"wp:attachment":[{"href":"http:\/\/www.denkfried.de\/wp\/index.php?rest_route=%2Fwp%2Fv2%2Fmedia&parent=18129"}],"curies":[{"name":"wp","href":"https:\/\/api.w.org\/{rel}","templated":true}]}}