{"id":1810,"date":"2011-04-09T23:02:14","date_gmt":"2011-04-09T21:02:14","guid":{"rendered":"http:\/\/www.denkfried.de\/wp\/?page_id=1810"},"modified":"2012-02-01T21:33:20","modified_gmt":"2012-02-01T20:33:20","slug":"veszprem","status":"publish","type":"page","link":"http:\/\/www.denkfried.de\/wp\/?page_id=1810","title":{"rendered":"VESZPREM"},"content":{"rendered":"<p>&nbsp;<\/p>\n<p><span style=\"text-decoration: underline; color: #ff0000;\"><strong>8200 Veszprem<\/strong><\/span><\/p>\n<p>4.110 Kriegstote \u00a0 \u00a0 \u00a0 \u00a0 \u00a0 \u00a0 \u00a0 \u00a0 \u00a0 \u00a0 \u00a0 \u00a0 \u00a0 \u00a0\u00a0 \u00a0 Ungarn\/Veszprem &#8211; KGST<\/p>\n<p>Der Deutsche Soldatenfriedhhof wurde am 16.09.1995 eingeweiht.<br \/>\nAdresse: Veszpr\u00e9m V\u00e1mosi \u00fati Gemeindefriedhof J\u00f3zsef Attila u.40 H-8200 Vezpr\u00e9m<br \/>\nAusk\u00fcnfte erteilt die Friedhofsverwaltung am Haupteingang und das B\u00fcrgermeisteramt der Stadt Veszpr\u00e9m.<\/p>\n<p>W\u00e4hrend des Zweiten Weltkrieges befand sich der Soldatenfriedhof auf einer Fl\u00e4che von 7.000m\u00b2 neben dem St\u00e4tischen Friedhof der Stadt. Hier waren ca.15oo Soldaten bestattet.<br \/>\nDie Gr\u00e4ber waren sp\u00e4ter nicht mehr sichtbar und nur mit einer Grasfl\u00e4che bedeckt.<br \/>\nIn den achtziger Jahren durften nur 180 Kreuze, versehen mit Namen, aufgestellt werden. Sie kennzeichneten aber nicht die tas\u00e4chliche Grablage.<br \/>\nDurch diesen unbefriedigenden Zustand wurden mehrfach Gespr\u00e4che mit den zust\u00e4ndigen Beh\u00f6rden gef\u00fchrt um ein geeignetes Grundst\u00fcck f\u00fcr die Neuanlage zu finden.<br \/>\nDurch Sondierungen und \u00d6ffnungen von Einzelgrablagen mu\u00dfte festgestellt werden das teilweise \u00a0Gr\u00e4ber \u00fcberbaut wurden und so nicht mehr zug\u00e4nglich waren.<br \/>\nDaraufhin gaben die ungarischen Beh\u00f6rden die Genehmigung zur Exhumierung der deutschen Soldaten.<br \/>\nEs sollten jedoch noch 2 Jahre vergehen bis ein neues Gel\u00e4nde am neuen Zivilfriedhof im S\u00fcden der Stadt zur Verf\u00fcgung stand. 1994 wurden die ersten Einbettungen vorgenommen. Es fanden auch aus anderen Orten geborgene Soldaten hier ihre letzte Ruhest\u00e4tte.<br \/>\nDie Namen der unter den Unbekannten ruhenden und der nicht geborgenen soldaten sind auf Granitplatten und Granitstelen verewigt.<\/p>\n<p>Die 2 Fotos wurden uns vom Husar zur Verf\u00fcgung gestellt. Vielen Dank.<\/p>\n<div id='gallery-1' class='gallery galleryid-1810 gallery-columns-3 gallery-size-thumbnail'><dl class='gallery-item'>\n\t\t\t<dt class='gallery-icon landscape'>\n\t\t\t\t<a href='http:\/\/www.denkfried.de\/wp\/?attachment_id=17924'><img loading=\"lazy\" decoding=\"async\" width=\"150\" height=\"150\" src=\"http:\/\/www.denkfried.de\/wp\/wp-content\/uploads\/2011\/04\/img108-150x150.jpg\" class=\"attachment-thumbnail size-thumbnail\" alt=\"\" aria-describedby=\"gallery-1-17924\" \/><\/a>\n\t\t\t<\/dt>\n\t\t\t\t<dd class='wp-caption-text gallery-caption' id='gallery-1-17924'>\n\t\t\t\tEndlich gefunden\n\t\t\t\t<\/dd><\/dl><dl class='gallery-item'>\n\t\t\t<dt class='gallery-icon landscape'>\n\t\t\t\t<a href='http:\/\/www.denkfried.de\/wp\/?attachment_id=1811'><img loading=\"lazy\" decoding=\"async\" width=\"150\" height=\"150\" src=\"http:\/\/www.denkfried.de\/wp\/wp-content\/uploads\/2011\/04\/PA060252-150x150.jpg\" class=\"attachment-thumbnail size-thumbnail\" alt=\"\" \/><\/a>\n\t\t\t<\/dt><\/dl><dl class='gallery-item'>\n\t\t\t<dt class='gallery-icon landscape'>\n\t\t\t\t<a href='http:\/\/www.denkfried.de\/wp\/?attachment_id=1812'><img loading=\"lazy\" decoding=\"async\" width=\"150\" height=\"150\" src=\"http:\/\/www.denkfried.de\/wp\/wp-content\/uploads\/2011\/04\/PA060250-150x150.jpg\" class=\"attachment-thumbnail size-thumbnail\" alt=\"\" \/><\/a>\n\t\t\t<\/dt><\/dl><br style=\"clear: both\" \/>\n\t\t<\/div>\n\n","protected":false},"excerpt":{"rendered":"<p>&nbsp; 8200 Veszprem 4.110 Kriegstote \u00a0 \u00a0 \u00a0 \u00a0 \u00a0 \u00a0 \u00a0 \u00a0 \u00a0 \u00a0 \u00a0 \u00a0 \u00a0 \u00a0\u00a0 \u00a0 Ungarn\/Veszprem &#8211; KGST Der Deutsche Soldatenfriedhhof wurde am 16.09.1995 eingeweiht. Adresse: Veszpr\u00e9m V\u00e1mosi \u00fati Gemeindefriedhof J\u00f3zsef Attila u.40 H-8200 Vezpr\u00e9m &hellip; <a href=\"http:\/\/www.denkfried.de\/wp\/?page_id=1810\">Weiterlesen <span class=\"meta-nav\">&rarr;<\/span><\/a><\/p>\n","protected":false},"author":2,"featured_media":0,"parent":361,"menu_order":0,"comment_status":"closed","ping_status":"open","template":"","meta":{"footnotes":""},"class_list":["post-1810","page","type-page","status-publish","hentry"],"_links":{"self":[{"href":"http:\/\/www.denkfried.de\/wp\/index.php?rest_route=\/wp\/v2\/pages\/1810","targetHints":{"allow":["GET"]}}],"collection":[{"href":"http:\/\/www.denkfried.de\/wp\/index.php?rest_route=\/wp\/v2\/pages"}],"about":[{"href":"http:\/\/www.denkfried.de\/wp\/index.php?rest_route=\/wp\/v2\/types\/page"}],"author":[{"embeddable":true,"href":"http:\/\/www.denkfried.de\/wp\/index.php?rest_route=\/wp\/v2\/users\/2"}],"replies":[{"embeddable":true,"href":"http:\/\/www.denkfried.de\/wp\/index.php?rest_route=%2Fwp%2Fv2%2Fcomments&post=1810"}],"version-history":[{"count":5,"href":"http:\/\/www.denkfried.de\/wp\/index.php?rest_route=\/wp\/v2\/pages\/1810\/revisions"}],"predecessor-version":[{"id":17926,"href":"http:\/\/www.denkfried.de\/wp\/index.php?rest_route=\/wp\/v2\/pages\/1810\/revisions\/17926"}],"up":[{"embeddable":true,"href":"http:\/\/www.denkfried.de\/wp\/index.php?rest_route=\/wp\/v2\/pages\/361"}],"wp:attachment":[{"href":"http:\/\/www.denkfried.de\/wp\/index.php?rest_route=%2Fwp%2Fv2%2Fmedia&parent=1810"}],"curies":[{"name":"wp","href":"https:\/\/api.w.org\/{rel}","templated":true}]}}