{"id":18099,"date":"2012-02-10T22:06:17","date_gmt":"2012-02-10T21:06:17","guid":{"rendered":"http:\/\/www.denkfried.de\/wp\/?page_id=18099"},"modified":"2013-10-13T20:06:48","modified_gmt":"2013-10-13T18:06:48","slug":"michendorf-2","status":"publish","type":"page","link":"http:\/\/www.denkfried.de\/wp\/?page_id=18099","title":{"rendered":"Michendorf"},"content":{"rendered":"<p>&nbsp;<\/p>\n<p><strong>14552 Michendorf<\/strong><\/p>\n<p>Adresse der<br \/>\nGemeindeverwaltung:\u00a0Potsdamer Stra\u00dfe 35-37,\u00a014552 Michendorf<\/p>\n<p><span style=\"text-decoration: underline;\"><strong>Kriegsgeschichte des Ortes<\/strong><\/span><\/p>\n<p>1945 Besetzung durch sowjetische Truppen. Das Zauch-Belziger Kreisgebiet wurde zum Kriegsende 1945 Schauplatz der K\u00e4mpfe zwischen der deutschen Wenck-Armee und Truppenteilen der Roten Armee. Wencks Vorsto\u00df in Richtung Potsdam und Beelitz erm\u00f6glichte Ende April\/Anfang Mai mehreren eingekesselten Wehrmachtsverb\u00e4nden den Ausbruch nach Westen und zugleich die Evakuierung Tausender Zivilisten. Indes forderten diese K\u00e4mpfe im Kreisgebiet rund 4.000 Tote auf beiden Seiten. Als die Wenck-Truppen sich am 1.\/2. Mai Richtung Westen absetzten, war der Zweite Weltkrieg f\u00fcr Zauch-Belzig beendet. (<a href=\"http:\/\/www.gemeinde-michendorf.de\/index.html\">gemeinde-Michendorf.de<\/a>)<\/p>\n<p><a href=\"http:\/\/www.denkfried.de\/wp\/?page_id=14827\"><strong>Michendorf<\/strong> Denkmal, Kriegsgr\u00e4ber<\/a><\/p>\n<p><span style=\"text-decoration: underline;\"><strong>Orsteile:<\/strong><\/span><\/p>\n<ul>\n<li><a href=\"http:\/\/www.denkfried.de\/wp\/?page_id=24640\">Fresdorf<\/a><\/li>\n<li><a href=\"http:\/\/www.denkfried.de\/wp\/?page_id=18108\">Alt\u00a0Langerwisch<\/a><\/li>\n<li><a href=\"http:\/\/www.denkfried.de\/wp\/?page_id=24297\">Neu Langewisch<\/a><\/li>\n<li><a href=\"http:\/\/www.denkfried.de\/wp\/?page_id=24255\">St\u00fccken<\/a><\/li>\n<li><a href=\"http:\/\/www.denkfried.de\/wp\/?page_id=24271\">Wildenbruch &#8211; Denkm\u00e4ler<\/a><\/li>\n<li><a href=\"http:\/\/www.denkfried.de\/wp\/?page_id=24283\">Wildenbruch &#8211; KGST<\/a><\/li>\n<li><a href=\"http:\/\/www.denkfried.de\/wp\/?page_id=18139\">Wilhelmshorst &#8211; KGST<\/a><\/li>\n<li><a href=\"http:\/\/www.denkfried.de\/wp\/?page_id=33395\">Wilhelmshorst &#8211; Denkmal OdF<\/a><\/li>\n<\/ul>\n<div style=\"text-align: left;\"><\/div>\n","protected":false},"excerpt":{"rendered":"<p>&nbsp; 14552 Michendorf Adresse der Gemeindeverwaltung:\u00a0Potsdamer Stra\u00dfe 35-37,\u00a014552 Michendorf Kriegsgeschichte des Ortes 1945 Besetzung durch sowjetische Truppen. Das Zauch-Belziger Kreisgebiet wurde zum Kriegsende 1945 Schauplatz der K\u00e4mpfe zwischen der deutschen Wenck-Armee und Truppenteilen der Roten Armee. Wencks Vorsto\u00df in Richtung &hellip; <a href=\"http:\/\/www.denkfried.de\/wp\/?page_id=18099\">Weiterlesen <span class=\"meta-nav\">&rarr;<\/span><\/a><\/p>\n","protected":false},"author":9,"featured_media":0,"parent":4945,"menu_order":0,"comment_status":"closed","ping_status":"open","template":"","meta":{"footnotes":""},"class_list":["post-18099","page","type-page","status-publish","hentry"],"_links":{"self":[{"href":"http:\/\/www.denkfried.de\/wp\/index.php?rest_route=\/wp\/v2\/pages\/18099","targetHints":{"allow":["GET"]}}],"collection":[{"href":"http:\/\/www.denkfried.de\/wp\/index.php?rest_route=\/wp\/v2\/pages"}],"about":[{"href":"http:\/\/www.denkfried.de\/wp\/index.php?rest_route=\/wp\/v2\/types\/page"}],"author":[{"embeddable":true,"href":"http:\/\/www.denkfried.de\/wp\/index.php?rest_route=\/wp\/v2\/users\/9"}],"replies":[{"embeddable":true,"href":"http:\/\/www.denkfried.de\/wp\/index.php?rest_route=%2Fwp%2Fv2%2Fcomments&post=18099"}],"version-history":[{"count":18,"href":"http:\/\/www.denkfried.de\/wp\/index.php?rest_route=\/wp\/v2\/pages\/18099\/revisions"}],"predecessor-version":[{"id":33404,"href":"http:\/\/www.denkfried.de\/wp\/index.php?rest_route=\/wp\/v2\/pages\/18099\/revisions\/33404"}],"up":[{"embeddable":true,"href":"http:\/\/www.denkfried.de\/wp\/index.php?rest_route=\/wp\/v2\/pages\/4945"}],"wp:attachment":[{"href":"http:\/\/www.denkfried.de\/wp\/index.php?rest_route=%2Fwp%2Fv2%2Fmedia&parent=18099"}],"curies":[{"name":"wp","href":"https:\/\/api.w.org\/{rel}","templated":true}]}}